{"id":222,"date":"2023-08-09T08:51:48","date_gmt":"2023-08-09T08:51:48","guid":{"rendered":"https:\/\/bikepaint.eu\/?post_type=product&#038;p=222"},"modified":"2025-05-23T08:09:02","modified_gmt":"2025-05-23T08:09:02","slug":"nukeproof-rosso-red-tc8140-closest-match","status":"publish","type":"product","link":"https:\/\/bikepaint.eu\/de\/produkt\/nukeproof-rosso-rot-tc8140-passt-am-besten\/","title":{"rendered":"NUKEPROOF ROSSO ROT - TC8140 (ENTSPRICHT AM EHESTEN*)"},"content":{"rendered":"<p><strong>BITTE \u00dcBERPR\u00dcFEN SIE IHRE FARBAUSWAHL VOR DER BESTELLUNG ANHAND DER ORIGINALRECHNUNG ODER AUF DER WEBSITE DES HERSTELLERS.<\/strong><\/p>\n<p><strong>BITTE STELLEN SIE SICHER, DASS SIE DIE FLASCHE MINDESTENS 30 SEKUNDEN LANG SCH\u00dcTTELN, UM DIE FARBE VOR DER VERWENDUNG GR\u00dcNDLICH ZU MISCHEN.\u00a0<\/strong><\/p>\n<p>Wir mischen und r\u00fchren die Farbe, aber mit der Zeit trennt sie sich, schwerere Pigmente sinken zu Boden. Wenn Sie die Flasche also nicht sch\u00fctteln, erhalten Sie nicht die richtige Farbe.<\/p>\n<p>GPAINT oder Nukeproof k\u00f6nnen keine Verantwortung daf\u00fcr \u00fcbernehmen, dass die Farbe des Fahrrads des Besitzers aufgrund von Alter, Witterungseinfl\u00fcssen oder rauen Umgebungsbedingungen verblasst oder verschlechtert wird und daher nicht perfekt mit der von uns genehmigten Farbe \u00fcbereinstimmt.<\/p>\n<p><strong>* AUFGRUND DES KOMPLEXEN, MEHRSCHICHTIGEN EFFEKTS, DEN DIESE FARBE BIETET, IST ES WISSENSCHAFTLICH UNM\u00d6GLICH, DIE SCHICHTEN INNERHALB DES EFFEKTS IN EINER EINTEILIGEN AUSBESSERUNGSFARBE ZU REPRODUZIEREN. DIES IST DIE BESTM\u00d6GLICHE \u00dcBEREINSTIMMUNG, DIE WIR ERWARTEN K\u00d6NNEN, ZU ERREICHEN. (SIEHE BILDER F\u00dcR EIN BEISPIEL EINER MEHRSCHICHTIGEN LACKIERUNG)<\/strong><\/p>","protected":false},"excerpt":{"rendered":"<p><strong>NUKE-TC-8140<\/strong><\/p>\n<p>GPAINT bietet Ihnen in Zusammenarbeit mit Nukeproof nun fahrradspezifische, farblich abgestimmte Lacke an. Alle Produkte sind auf die vom Hersteller zur Verf\u00fcgung gestellten Farbmuster abgestimmt.<\/p>\n<ul>\n<li>Die Packung enth\u00e4lt 1 x 10 ml farblich abgestimmte Ausbesserungsfarbe.<\/li>\n<li>Eine L\u00f6sung aus einer Hand, die Folgendes erfordert\u00a0<strong>KEIN PRIMER<\/strong>\u00a0und\u00a0<strong>NO LACQUER<\/strong>.<\/li>\n<li>Einfach zu befolgende Anweisungen f\u00fcr die perfekte Reparatur.<\/li>\n<li>Ber\u00fchrungstrocken in 30 Minuten.<\/li>\n<li>Jede Flasche enth\u00e4lt einen Farbr\u00fchrer und einen Applikator mit feiner Feder.<\/li>\n<li>Zur Sicherheit ist jede Flasche mit einem kindersicheren Sicherheitsverschluss versehen.<\/li>\n<li>Geeignet f\u00fcr alle Fahrradrahmen, Stahl, Aluminium und Kohlefaser.<\/li>\n<\/ul>","protected":false},"featured_media":225,"comment_status":"open","ping_status":"closed","template":"","meta":{"om_disable_all_campaigns":false,"_monsterinsights_skip_tracking":false,"_monsterinsights_sitenote_active":false,"_monsterinsights_sitenote_note":"","_monsterinsights_sitenote_category":0,"_uf_show_specific_survey":0,"_uf_disable_surveys":false},"product_brand":[],"product_cat":[21],"product_tag":[],"class_list":{"0":"post-222","1":"product","2":"type-product","3":"status-publish","4":"has-post-thumbnail","6":"product_cat-nukeproof","8":"first","9":"instock","10":"taxable","11":"shipping-taxable","12":"purchasable","13":"product-type-simple"},"yoast_head":"<!-- This site is optimized with the Yoast SEO plugin v27.5 - https:\/\/yoast.com\/product\/yoast-seo-wordpress\/ -->\n<title>NUKEPROOF ROSSO RED - TC8140 (CLOSEST MATCH*) - Gpaint<\/title>\n<meta name=\"description\" content=\"NUKEPROOF ROSSO RED - TC8140 (CLOSEST MATCH*). GPAINT in collaboration with Nukeproof, now brings you bike specific colour-matched paint.\" \/>\n<meta name=\"robots\" content=\"index, follow, max-snippet:-1, max-image-preview:large, max-video-preview:-1\" \/>\n<link rel=\"canonical\" href=\"https:\/\/bikepaint.eu\/de\/produkt\/nukeproof-rosso-rot-tc8140-passt-am-besten\/\" \/>\n<meta property=\"og:locale\" content=\"de_DE\" \/>\n<meta property=\"og:type\" content=\"article\" \/>\n<meta property=\"og:title\" content=\"NUKEPROOF ROSSO RED - TC8140 (CLOSEST MATCH*) - Gpaint\" \/>\n<meta property=\"og:description\" content=\"NUKEPROOF ROSSO RED - TC8140 (CLOSEST MATCH*). GPAINT in collaboration with Nukeproof, now brings you bike specific colour-matched paint.\" \/>\n<meta property=\"og:url\" content=\"https:\/\/bikepaint.eu\/de\/produkt\/nukeproof-rosso-rot-tc8140-passt-am-besten\/\" \/>\n<meta property=\"og:site_name\" content=\"Gpaint\" \/>\n<meta property=\"article:modified_time\" content=\"2025-05-23T08:09:02+00:00\" \/>\n<meta property=\"og:image\" content=\"https:\/\/bikepaint.eu\/wp-content\/uploads\/2023\/08\/NUKEPROOF-ROSSO-RED-TC8140-CLOSEST-MATCH.webp\" \/>\n\t<meta property=\"og:image:width\" content=\"1162\" \/>\n\t<meta property=\"og:image:height\" content=\"1965\" \/>\n\t<meta property=\"og:image:type\" content=\"image\/webp\" \/>\n<meta name=\"twitter:card\" content=\"summary_large_image\" \/>\n<meta name=\"twitter:label1\" content=\"Gesch\u00e4tzte Lesezeit\" \/>\n\t<meta name=\"twitter:data1\" content=\"1\u00a0Minute\" \/>\n<script type=\"application\/ld+json\" class=\"yoast-schema-graph\">{\"@context\":\"https:\\\/\\\/schema.org\",\"@graph\":[{\"@type\":\"WebPage\",\"@id\":\"https:\\\/\\\/bikepaint.eu\\\/produkt\\\/nukeproof-rosso-red-tc8140-closest-match\\\/\",\"url\":\"https:\\\/\\\/bikepaint.eu\\\/produkt\\\/nukeproof-rosso-red-tc8140-closest-match\\\/\",\"name\":\"NUKEPROOF ROSSO RED - TC8140 (CLOSEST MATCH*) - Gpaint\",\"isPartOf\":{\"@id\":\"https:\\\/\\\/bikepaint.eu\\\/#website\"},\"primaryImageOfPage\":{\"@id\":\"https:\\\/\\\/bikepaint.eu\\\/produkt\\\/nukeproof-rosso-red-tc8140-closest-match\\\/#primaryimage\"},\"image\":{\"@id\":\"https:\\\/\\\/bikepaint.eu\\\/produkt\\\/nukeproof-rosso-red-tc8140-closest-match\\\/#primaryimage\"},\"thumbnailUrl\":\"https:\\\/\\\/bikepaint.eu\\\/wp-content\\\/uploads\\\/2023\\\/08\\\/NUKEPROOF-ROSSO-RED-TC8140-CLOSEST-MATCH.webp\",\"datePublished\":\"2023-08-09T08:51:48+00:00\",\"dateModified\":\"2025-05-23T08:09:02+00:00\",\"description\":\"NUKEPROOF ROSSO RED - TC8140 (CLOSEST MATCH*). GPAINT in collaboration with Nukeproof, now brings you bike specific colour-matched paint.\",\"breadcrumb\":{\"@id\":\"https:\\\/\\\/bikepaint.eu\\\/produkt\\\/nukeproof-rosso-red-tc8140-closest-match\\\/#breadcrumb\"},\"inLanguage\":\"de\",\"potentialAction\":[{\"@type\":\"ReadAction\",\"target\":[\"https:\\\/\\\/bikepaint.eu\\\/produkt\\\/nukeproof-rosso-red-tc8140-closest-match\\\/\"]}]},{\"@type\":\"ImageObject\",\"inLanguage\":\"de\",\"@id\":\"https:\\\/\\\/bikepaint.eu\\\/produkt\\\/nukeproof-rosso-red-tc8140-closest-match\\\/#primaryimage\",\"url\":\"https:\\\/\\\/bikepaint.eu\\\/wp-content\\\/uploads\\\/2023\\\/08\\\/NUKEPROOF-ROSSO-RED-TC8140-CLOSEST-MATCH.webp\",\"contentUrl\":\"https:\\\/\\\/bikepaint.eu\\\/wp-content\\\/uploads\\\/2023\\\/08\\\/NUKEPROOF-ROSSO-RED-TC8140-CLOSEST-MATCH.webp\",\"width\":1162,\"height\":1965,\"caption\":\"NUKEPROOF ROSSO RED - TC8140 (CLOSEST MATCH*)\"},{\"@type\":\"BreadcrumbList\",\"@id\":\"https:\\\/\\\/bikepaint.eu\\\/produkt\\\/nukeproof-rosso-red-tc8140-closest-match\\\/#breadcrumb\",\"itemListElement\":[{\"@type\":\"ListItem\",\"position\":1,\"name\":\"Home\",\"item\":\"https:\\\/\\\/bikepaint.eu\\\/\"},{\"@type\":\"ListItem\",\"position\":2,\"name\":\"Butik\",\"item\":\"https:\\\/\\\/bikepaint.eu\\\/butik\\\/\"},{\"@type\":\"ListItem\",\"position\":3,\"name\":\"NUKEPROOF ROSSO RED &#8211; TC8140 (CLOSEST MATCH*)\"}]},{\"@type\":\"WebSite\",\"@id\":\"https:\\\/\\\/bikepaint.eu\\\/#website\",\"url\":\"https:\\\/\\\/bikepaint.eu\\\/\",\"name\":\"Gpaint\",\"description\":\"\",\"publisher\":{\"@id\":\"https:\\\/\\\/bikepaint.eu\\\/#organization\"},\"potentialAction\":[{\"@type\":\"SearchAction\",\"target\":{\"@type\":\"EntryPoint\",\"urlTemplate\":\"https:\\\/\\\/bikepaint.eu\\\/?s={search_term_string}\"},\"query-input\":{\"@type\":\"PropertyValueSpecification\",\"valueRequired\":true,\"valueName\":\"search_term_string\"}}],\"inLanguage\":\"de\"},{\"@type\":\"Organization\",\"@id\":\"https:\\\/\\\/bikepaint.eu\\\/#organization\",\"name\":\"Gpaint\",\"url\":\"https:\\\/\\\/bikepaint.eu\\\/\",\"logo\":{\"@type\":\"ImageObject\",\"inLanguage\":\"de\",\"@id\":\"https:\\\/\\\/bikepaint.eu\\\/#\\\/schema\\\/logo\\\/image\\\/\",\"url\":\"https:\\\/\\\/bikepaint.eu\\\/wp-content\\\/uploads\\\/2023\\\/08\\\/gpaint.png\",\"contentUrl\":\"https:\\\/\\\/bikepaint.eu\\\/wp-content\\\/uploads\\\/2023\\\/08\\\/gpaint.png\",\"width\":500,\"height\":123,\"caption\":\"Gpaint\"},\"image\":{\"@id\":\"https:\\\/\\\/bikepaint.eu\\\/#\\\/schema\\\/logo\\\/image\\\/\"}}]}<\/script>\n<!-- \/ Yoast SEO plugin. -->","yoast_head_json":{"title":"NUKEPROOF ROSSO ROT - TC8140 (CLOSEST MATCH*) - Gpaint","description":"NUKEPROOF ROSSO RED - TC8140 (ENGSTE \u00dcBEREINSTIMMUNG*). GPAINT bietet Ihnen in Zusammenarbeit mit Nukeproof jetzt eine auf das Motorrad abgestimmte Farbe an.","robots":{"index":"index","follow":"follow","max-snippet":"max-snippet:-1","max-image-preview":"max-image-preview:large","max-video-preview":"max-video-preview:-1"},"canonical":"https:\/\/bikepaint.eu\/de\/produkt\/nukeproof-rosso-rot-tc8140-passt-am-besten\/","og_locale":"de_DE","og_type":"article","og_title":"NUKEPROOF ROSSO RED - TC8140 (CLOSEST MATCH*) - Gpaint","og_description":"NUKEPROOF ROSSO RED - TC8140 (CLOSEST MATCH*). GPAINT in collaboration with Nukeproof, now brings you bike specific colour-matched paint.","og_url":"https:\/\/bikepaint.eu\/de\/produkt\/nukeproof-rosso-rot-tc8140-passt-am-besten\/","og_site_name":"Gpaint","article_modified_time":"2025-05-23T08:09:02+00:00","og_image":[{"width":1162,"height":1965,"url":"https:\/\/bikepaint.eu\/wp-content\/uploads\/2023\/08\/NUKEPROOF-ROSSO-RED-TC8140-CLOSEST-MATCH.webp","type":"image\/webp"}],"twitter_card":"summary_large_image","twitter_misc":{"Gesch\u00e4tzte Lesezeit":"1\u00a0Minute"},"schema":{"@context":"https:\/\/schema.org","@graph":[{"@type":"WebPage","@id":"https:\/\/bikepaint.eu\/produkt\/nukeproof-rosso-red-tc8140-closest-match\/","url":"https:\/\/bikepaint.eu\/produkt\/nukeproof-rosso-red-tc8140-closest-match\/","name":"NUKEPROOF ROSSO ROT - TC8140 (CLOSEST MATCH*) - Gpaint","isPartOf":{"@id":"https:\/\/bikepaint.eu\/#website"},"primaryImageOfPage":{"@id":"https:\/\/bikepaint.eu\/produkt\/nukeproof-rosso-red-tc8140-closest-match\/#primaryimage"},"image":{"@id":"https:\/\/bikepaint.eu\/produkt\/nukeproof-rosso-red-tc8140-closest-match\/#primaryimage"},"thumbnailUrl":"https:\/\/bikepaint.eu\/wp-content\/uploads\/2023\/08\/NUKEPROOF-ROSSO-RED-TC8140-CLOSEST-MATCH.webp","datePublished":"2023-08-09T08:51:48+00:00","dateModified":"2025-05-23T08:09:02+00:00","description":"NUKEPROOF ROSSO RED - TC8140 (ENGSTE \u00dcBEREINSTIMMUNG*). GPAINT bietet Ihnen in Zusammenarbeit mit Nukeproof jetzt eine auf das Motorrad abgestimmte Farbe an.","breadcrumb":{"@id":"https:\/\/bikepaint.eu\/produkt\/nukeproof-rosso-red-tc8140-closest-match\/#breadcrumb"},"inLanguage":"de","potentialAction":[{"@type":"ReadAction","target":["https:\/\/bikepaint.eu\/produkt\/nukeproof-rosso-red-tc8140-closest-match\/"]}]},{"@type":"ImageObject","inLanguage":"de","@id":"https:\/\/bikepaint.eu\/produkt\/nukeproof-rosso-red-tc8140-closest-match\/#primaryimage","url":"https:\/\/bikepaint.eu\/wp-content\/uploads\/2023\/08\/NUKEPROOF-ROSSO-RED-TC8140-CLOSEST-MATCH.webp","contentUrl":"https:\/\/bikepaint.eu\/wp-content\/uploads\/2023\/08\/NUKEPROOF-ROSSO-RED-TC8140-CLOSEST-MATCH.webp","width":1162,"height":1965,"caption":"NUKEPROOF ROSSO RED - TC8140 (CLOSEST MATCH*)"},{"@type":"BreadcrumbList","@id":"https:\/\/bikepaint.eu\/produkt\/nukeproof-rosso-red-tc8140-closest-match\/#breadcrumb","itemListElement":[{"@type":"ListItem","position":1,"name":"Home","item":"https:\/\/bikepaint.eu\/"},{"@type":"ListItem","position":2,"name":"Butik","item":"https:\/\/bikepaint.eu\/butik\/"},{"@type":"ListItem","position":3,"name":"NUKEPROOF ROSSO RED &#8211; TC8140 (CLOSEST MATCH*)"}]},{"@type":"WebSite","@id":"https:\/\/bikepaint.eu\/#website","url":"https:\/\/bikepaint.eu\/","name":"Gpaint","description":"","publisher":{"@id":"https:\/\/bikepaint.eu\/#organization"},"potentialAction":[{"@type":"SearchAction","target":{"@type":"EntryPoint","urlTemplate":"https:\/\/bikepaint.eu\/?s={search_term_string}"},"query-input":{"@type":"PropertyValueSpecification","valueRequired":true,"valueName":"search_term_string"}}],"inLanguage":"de"},{"@type":"Organization","@id":"https:\/\/bikepaint.eu\/#organization","name":"Gpaint","url":"https:\/\/bikepaint.eu\/","logo":{"@type":"ImageObject","inLanguage":"de","@id":"https:\/\/bikepaint.eu\/#\/schema\/logo\/image\/","url":"https:\/\/bikepaint.eu\/wp-content\/uploads\/2023\/08\/gpaint.png","contentUrl":"https:\/\/bikepaint.eu\/wp-content\/uploads\/2023\/08\/gpaint.png","width":500,"height":123,"caption":"Gpaint"},"image":{"@id":"https:\/\/bikepaint.eu\/#\/schema\/logo\/image\/"}}]}},"jetpack_sharing_enabled":true,"_links":{"self":[{"href":"https:\/\/bikepaint.eu\/de\/wp-json\/wp\/v2\/product\/222","targetHints":{"allow":["GET"]}}],"collection":[{"href":"https:\/\/bikepaint.eu\/de\/wp-json\/wp\/v2\/product"}],"about":[{"href":"https:\/\/bikepaint.eu\/de\/wp-json\/wp\/v2\/types\/product"}],"replies":[{"embeddable":true,"href":"https:\/\/bikepaint.eu\/de\/wp-json\/wp\/v2\/comments?post=222"}],"wp:featuredmedia":[{"embeddable":true,"href":"https:\/\/bikepaint.eu\/de\/wp-json\/wp\/v2\/media\/225"}],"wp:attachment":[{"href":"https:\/\/bikepaint.eu\/de\/wp-json\/wp\/v2\/media?parent=222"}],"wp:term":[{"taxonomy":"product_brand","embeddable":true,"href":"https:\/\/bikepaint.eu\/de\/wp-json\/wp\/v2\/product_brand?post=222"},{"taxonomy":"product_cat","embeddable":true,"href":"https:\/\/bikepaint.eu\/de\/wp-json\/wp\/v2\/product_cat?post=222"},{"taxonomy":"product_tag","embeddable":true,"href":"https:\/\/bikepaint.eu\/de\/wp-json\/wp\/v2\/product_tag?post=222"}],"curies":[{"name":"wp","href":"https:\/\/api.w.org\/{rel}","templated":true}]}}