{"id":305,"date":"2023-08-09T11:07:20","date_gmt":"2023-08-09T11:07:20","guid":{"rendered":"https:\/\/bikepaint.eu\/?post_type=product&#038;p=305"},"modified":"2026-03-01T00:16:51","modified_gmt":"2026-03-01T00:16:51","slug":"yeti-smoke","status":"publish","type":"product","link":"https:\/\/bikepaint.eu\/de\/produkt\/yeti-rauch\/","title":{"rendered":"YETI RAUCH"},"content":{"rendered":"<p><strong>BITTE \u00dcBERPR\u00dcFEN SIE IHRE FARBAUSWAHL VOR DER BESTELLUNG ANHAND DER ORIGINALRECHNUNG ODER AUF DER WEBSITE DES HERSTELLERS.<\/strong><\/p>\n<p><strong>BITTE STELLEN SIE SICHER, DASS SIE DIE FLASCHE MINDESTENS 30 SEKUNDEN LANG SCH\u00dcTTELN, UM DIE FARBE VOR DER VERWENDUNG GR\u00dcNDLICH ZU MISCHEN.\u00a0<\/strong><\/p>\n<p>Wir mischen und r\u00fchren die Farbe, aber mit der Zeit trennt sie sich, schwerere Pigmente sinken zu Boden. Wenn Sie die Flasche also nicht sch\u00fctteln, erhalten Sie nicht die richtige Farbe.<\/p>\n<p>GPAINT oder Yeti Cycles k\u00f6nnen keine Verantwortung daf\u00fcr \u00fcbernehmen, dass die Farbe des Fahrrads des Besitzers aufgrund von Alter, Witterungseinfl\u00fcssen oder rauen Umgebungsbedingungen verblasst oder verschlechtert wird und daher nicht perfekt mit der von uns genehmigten Farbe \u00fcbereinstimmt.<\/p>","protected":false},"excerpt":{"rendered":"<p><strong>YCGPAINT 12<\/strong><\/p>\n<p>GPAINT bietet Ihnen in Zusammenarbeit mit Yeti Cycles jetzt fahrradspezifische, farblich abgestimmte Lacke an. Alle Produkte sind auf die vom Hersteller zur Verf\u00fcgung gestellten Farbmuster abgestimmt.<\/p>\n<ul>\n<li>Die Packung enth\u00e4lt 1 x 10 ml farblich abgestimmte Ausbesserungsfarbe.<\/li>\n<li>Eine L\u00f6sung aus einer Hand, die Folgendes erfordert\u00a0<strong>KEIN PRIMER<\/strong>\u00a0und\u00a0<strong>NO LACQUER<\/strong>.<\/li>\n<li>Einfach zu befolgende Anweisungen f\u00fcr die perfekte Reparatur.<\/li>\n<li>Ber\u00fchrungstrocken in 30 Minuten.<\/li>\n<li>Jede Flasche enth\u00e4lt einen Farbr\u00fchrer und einen Applikator mit feiner Feder.<\/li>\n<li>Zur Sicherheit ist jede Flasche mit einem kindersicheren Sicherheitsverschluss versehen.<\/li>\n<li>Geeignet f\u00fcr alle Fahrradrahmen, Stahl, Aluminium und Kohlefaser.<\/li>\n<\/ul>","protected":false},"featured_media":307,"comment_status":"open","ping_status":"closed","template":"","meta":{"om_disable_all_campaigns":false,"_monsterinsights_skip_tracking":false,"_monsterinsights_sitenote_active":false,"_monsterinsights_sitenote_note":"","_monsterinsights_sitenote_category":0,"_uf_show_specific_survey":0,"_uf_disable_surveys":false},"product_brand":[],"product_cat":[23],"product_tag":[],"class_list":{"0":"post-305","1":"product","2":"type-product","3":"status-publish","4":"has-post-thumbnail","6":"product_cat-yeti","8":"first","9":"instock","10":"taxable","11":"shipping-taxable","12":"purchasable","13":"product-type-simple"},"yoast_head":"<!-- This site is optimized with the Yoast SEO plugin v27.5 - https:\/\/yoast.com\/product\/yoast-seo-wordpress\/ -->\n<title>YETI SMOKE - Gpaint<\/title>\n<meta name=\"description\" content=\"YETI SMOKE. Pack contains 1 X 10ml colour-matched touch-up paint.A one-stop solution that requires NO PRIMER and NO LACQUER. Touch dry in 30 minutes.\" \/>\n<meta name=\"robots\" content=\"index, follow, max-snippet:-1, max-image-preview:large, max-video-preview:-1\" \/>\n<link rel=\"canonical\" href=\"https:\/\/bikepaint.eu\/de\/produkt\/yeti-rauch\/\" \/>\n<meta property=\"og:locale\" content=\"de_DE\" \/>\n<meta property=\"og:type\" content=\"article\" \/>\n<meta property=\"og:title\" content=\"YETI SMOKE - Gpaint\" \/>\n<meta property=\"og:description\" content=\"YETI SMOKE. Pack contains 1 X 10ml colour-matched touch-up paint.A one-stop solution that requires NO PRIMER and NO LACQUER. Touch dry in 30 minutes.\" \/>\n<meta property=\"og:url\" content=\"https:\/\/bikepaint.eu\/de\/produkt\/yeti-rauch\/\" \/>\n<meta property=\"og:site_name\" content=\"Gpaint\" \/>\n<meta property=\"article:modified_time\" content=\"2026-03-01T00:16:51+00:00\" \/>\n<meta property=\"og:image\" content=\"https:\/\/bikepaint.eu\/wp-content\/uploads\/2023\/08\/YETI-SMOKE.webp\" \/>\n\t<meta property=\"og:image:width\" content=\"1162\" \/>\n\t<meta property=\"og:image:height\" content=\"1965\" \/>\n\t<meta property=\"og:image:type\" content=\"image\/webp\" \/>\n<meta name=\"twitter:card\" content=\"summary_large_image\" \/>\n<meta name=\"twitter:label1\" content=\"Gesch\u00e4tzte Lesezeit\" \/>\n\t<meta name=\"twitter:data1\" content=\"1\u00a0Minute\" \/>\n<script type=\"application\/ld+json\" class=\"yoast-schema-graph\">{\"@context\":\"https:\\\/\\\/schema.org\",\"@graph\":[{\"@type\":\"WebPage\",\"@id\":\"https:\\\/\\\/bikepaint.eu\\\/produkt\\\/yeti-smoke\\\/\",\"url\":\"https:\\\/\\\/bikepaint.eu\\\/produkt\\\/yeti-smoke\\\/\",\"name\":\"YETI SMOKE - Gpaint\",\"isPartOf\":{\"@id\":\"https:\\\/\\\/bikepaint.eu\\\/#website\"},\"primaryImageOfPage\":{\"@id\":\"https:\\\/\\\/bikepaint.eu\\\/produkt\\\/yeti-smoke\\\/#primaryimage\"},\"image\":{\"@id\":\"https:\\\/\\\/bikepaint.eu\\\/produkt\\\/yeti-smoke\\\/#primaryimage\"},\"thumbnailUrl\":\"https:\\\/\\\/bikepaint.eu\\\/wp-content\\\/uploads\\\/2023\\\/08\\\/YETI-SMOKE.webp\",\"datePublished\":\"2023-08-09T11:07:20+00:00\",\"dateModified\":\"2026-03-01T00:16:51+00:00\",\"description\":\"YETI SMOKE. Pack contains 1 X 10ml colour-matched touch-up paint.A one-stop solution that requires NO PRIMER and NO LACQUER. Touch dry in 30 minutes.\",\"breadcrumb\":{\"@id\":\"https:\\\/\\\/bikepaint.eu\\\/produkt\\\/yeti-smoke\\\/#breadcrumb\"},\"inLanguage\":\"de\",\"potentialAction\":[{\"@type\":\"ReadAction\",\"target\":[\"https:\\\/\\\/bikepaint.eu\\\/produkt\\\/yeti-smoke\\\/\"]}]},{\"@type\":\"ImageObject\",\"inLanguage\":\"de\",\"@id\":\"https:\\\/\\\/bikepaint.eu\\\/produkt\\\/yeti-smoke\\\/#primaryimage\",\"url\":\"https:\\\/\\\/bikepaint.eu\\\/wp-content\\\/uploads\\\/2023\\\/08\\\/YETI-SMOKE.webp\",\"contentUrl\":\"https:\\\/\\\/bikepaint.eu\\\/wp-content\\\/uploads\\\/2023\\\/08\\\/YETI-SMOKE.webp\",\"width\":1162,\"height\":1965,\"caption\":\"YETI SMOKE\"},{\"@type\":\"BreadcrumbList\",\"@id\":\"https:\\\/\\\/bikepaint.eu\\\/produkt\\\/yeti-smoke\\\/#breadcrumb\",\"itemListElement\":[{\"@type\":\"ListItem\",\"position\":1,\"name\":\"Home\",\"item\":\"https:\\\/\\\/bikepaint.eu\\\/\"},{\"@type\":\"ListItem\",\"position\":2,\"name\":\"Butik\",\"item\":\"https:\\\/\\\/bikepaint.eu\\\/butik\\\/\"},{\"@type\":\"ListItem\",\"position\":3,\"name\":\"YETI SMOKE\"}]},{\"@type\":\"WebSite\",\"@id\":\"https:\\\/\\\/bikepaint.eu\\\/#website\",\"url\":\"https:\\\/\\\/bikepaint.eu\\\/\",\"name\":\"Gpaint\",\"description\":\"\",\"publisher\":{\"@id\":\"https:\\\/\\\/bikepaint.eu\\\/#organization\"},\"potentialAction\":[{\"@type\":\"SearchAction\",\"target\":{\"@type\":\"EntryPoint\",\"urlTemplate\":\"https:\\\/\\\/bikepaint.eu\\\/?s={search_term_string}\"},\"query-input\":{\"@type\":\"PropertyValueSpecification\",\"valueRequired\":true,\"valueName\":\"search_term_string\"}}],\"inLanguage\":\"de\"},{\"@type\":\"Organization\",\"@id\":\"https:\\\/\\\/bikepaint.eu\\\/#organization\",\"name\":\"Gpaint\",\"url\":\"https:\\\/\\\/bikepaint.eu\\\/\",\"logo\":{\"@type\":\"ImageObject\",\"inLanguage\":\"de\",\"@id\":\"https:\\\/\\\/bikepaint.eu\\\/#\\\/schema\\\/logo\\\/image\\\/\",\"url\":\"https:\\\/\\\/bikepaint.eu\\\/wp-content\\\/uploads\\\/2023\\\/08\\\/gpaint.png\",\"contentUrl\":\"https:\\\/\\\/bikepaint.eu\\\/wp-content\\\/uploads\\\/2023\\\/08\\\/gpaint.png\",\"width\":500,\"height\":123,\"caption\":\"Gpaint\"},\"image\":{\"@id\":\"https:\\\/\\\/bikepaint.eu\\\/#\\\/schema\\\/logo\\\/image\\\/\"}}]}<\/script>\n<!-- \/ Yoast SEO plugin. -->","yoast_head_json":{"title":"YETI SMOKE - Anstrich","description":"YETI SMOKE. Die Packung enth\u00e4lt 1 x 10 ml farblich abgestimmte Ausbesserungsfarbe - eine Komplettl\u00f6sung, die KEINE Grundierung und KEINE LACKIERUNG erfordert. Trocknet in 30 Minuten.","robots":{"index":"index","follow":"follow","max-snippet":"max-snippet:-1","max-image-preview":"max-image-preview:large","max-video-preview":"max-video-preview:-1"},"canonical":"https:\/\/bikepaint.eu\/de\/produkt\/yeti-rauch\/","og_locale":"de_DE","og_type":"article","og_title":"YETI SMOKE - Gpaint","og_description":"YETI SMOKE. Pack contains 1 X 10ml colour-matched touch-up paint.A one-stop solution that requires NO PRIMER and NO LACQUER. Touch dry in 30 minutes.","og_url":"https:\/\/bikepaint.eu\/de\/produkt\/yeti-rauch\/","og_site_name":"Gpaint","article_modified_time":"2026-03-01T00:16:51+00:00","og_image":[{"width":1162,"height":1965,"url":"https:\/\/bikepaint.eu\/wp-content\/uploads\/2023\/08\/YETI-SMOKE.webp","type":"image\/webp"}],"twitter_card":"summary_large_image","twitter_misc":{"Gesch\u00e4tzte Lesezeit":"1\u00a0Minute"},"schema":{"@context":"https:\/\/schema.org","@graph":[{"@type":"WebPage","@id":"https:\/\/bikepaint.eu\/produkt\/yeti-smoke\/","url":"https:\/\/bikepaint.eu\/produkt\/yeti-smoke\/","name":"YETI SMOKE - Anstrich","isPartOf":{"@id":"https:\/\/bikepaint.eu\/#website"},"primaryImageOfPage":{"@id":"https:\/\/bikepaint.eu\/produkt\/yeti-smoke\/#primaryimage"},"image":{"@id":"https:\/\/bikepaint.eu\/produkt\/yeti-smoke\/#primaryimage"},"thumbnailUrl":"https:\/\/bikepaint.eu\/wp-content\/uploads\/2023\/08\/YETI-SMOKE.webp","datePublished":"2023-08-09T11:07:20+00:00","dateModified":"2026-03-01T00:16:51+00:00","description":"YETI SMOKE. Die Packung enth\u00e4lt 1 x 10 ml farblich abgestimmte Ausbesserungsfarbe - eine Komplettl\u00f6sung, die KEINE Grundierung und KEINE LACKIERUNG erfordert. Trocknet in 30 Minuten.","breadcrumb":{"@id":"https:\/\/bikepaint.eu\/produkt\/yeti-smoke\/#breadcrumb"},"inLanguage":"de","potentialAction":[{"@type":"ReadAction","target":["https:\/\/bikepaint.eu\/produkt\/yeti-smoke\/"]}]},{"@type":"ImageObject","inLanguage":"de","@id":"https:\/\/bikepaint.eu\/produkt\/yeti-smoke\/#primaryimage","url":"https:\/\/bikepaint.eu\/wp-content\/uploads\/2023\/08\/YETI-SMOKE.webp","contentUrl":"https:\/\/bikepaint.eu\/wp-content\/uploads\/2023\/08\/YETI-SMOKE.webp","width":1162,"height":1965,"caption":"YETI SMOKE"},{"@type":"BreadcrumbList","@id":"https:\/\/bikepaint.eu\/produkt\/yeti-smoke\/#breadcrumb","itemListElement":[{"@type":"ListItem","position":1,"name":"Home","item":"https:\/\/bikepaint.eu\/"},{"@type":"ListItem","position":2,"name":"Butik","item":"https:\/\/bikepaint.eu\/butik\/"},{"@type":"ListItem","position":3,"name":"YETI SMOKE"}]},{"@type":"WebSite","@id":"https:\/\/bikepaint.eu\/#website","url":"https:\/\/bikepaint.eu\/","name":"Gpaint","description":"","publisher":{"@id":"https:\/\/bikepaint.eu\/#organization"},"potentialAction":[{"@type":"SearchAction","target":{"@type":"EntryPoint","urlTemplate":"https:\/\/bikepaint.eu\/?s={search_term_string}"},"query-input":{"@type":"PropertyValueSpecification","valueRequired":true,"valueName":"search_term_string"}}],"inLanguage":"de"},{"@type":"Organization","@id":"https:\/\/bikepaint.eu\/#organization","name":"Gpaint","url":"https:\/\/bikepaint.eu\/","logo":{"@type":"ImageObject","inLanguage":"de","@id":"https:\/\/bikepaint.eu\/#\/schema\/logo\/image\/","url":"https:\/\/bikepaint.eu\/wp-content\/uploads\/2023\/08\/gpaint.png","contentUrl":"https:\/\/bikepaint.eu\/wp-content\/uploads\/2023\/08\/gpaint.png","width":500,"height":123,"caption":"Gpaint"},"image":{"@id":"https:\/\/bikepaint.eu\/#\/schema\/logo\/image\/"}}]}},"jetpack_sharing_enabled":true,"_links":{"self":[{"href":"https:\/\/bikepaint.eu\/de\/wp-json\/wp\/v2\/product\/305","targetHints":{"allow":["GET"]}}],"collection":[{"href":"https:\/\/bikepaint.eu\/de\/wp-json\/wp\/v2\/product"}],"about":[{"href":"https:\/\/bikepaint.eu\/de\/wp-json\/wp\/v2\/types\/product"}],"replies":[{"embeddable":true,"href":"https:\/\/bikepaint.eu\/de\/wp-json\/wp\/v2\/comments?post=305"}],"wp:featuredmedia":[{"embeddable":true,"href":"https:\/\/bikepaint.eu\/de\/wp-json\/wp\/v2\/media\/307"}],"wp:attachment":[{"href":"https:\/\/bikepaint.eu\/de\/wp-json\/wp\/v2\/media?parent=305"}],"wp:term":[{"taxonomy":"product_brand","embeddable":true,"href":"https:\/\/bikepaint.eu\/de\/wp-json\/wp\/v2\/product_brand?post=305"},{"taxonomy":"product_cat","embeddable":true,"href":"https:\/\/bikepaint.eu\/de\/wp-json\/wp\/v2\/product_cat?post=305"},{"taxonomy":"product_tag","embeddable":true,"href":"https:\/\/bikepaint.eu\/de\/wp-json\/wp\/v2\/product_tag?post=305"}],"curies":[{"name":"wp","href":"https:\/\/api.w.org\/{rel}","templated":true}]}}