{"id":348,"date":"2023-08-09T11:39:00","date_gmt":"2023-08-09T11:39:00","guid":{"rendered":"https:\/\/bikepaint.eu\/?post_type=product&#038;p=348"},"modified":"2025-05-24T12:32:28","modified_gmt":"2025-05-24T12:32:28","slug":"trek-alpine-blue-tk524-m-metallic-gloss","status":"publish","type":"product","link":"https:\/\/bikepaint.eu\/de\/produkt\/trek-alpenblau-tk524-m-metallisch-glanzend\/","title":{"rendered":"TREK - ALPENBLAU - TK524-M - METALLISCH GL\u00c4NZEND"},"content":{"rendered":"<p><strong>BITTE \u00dcBERPR\u00dcFEN SIE IHRE FARBAUSWAHL VOR DER BESTELLUNG ANHAND DER ORIGINALRECHNUNG ODER AUF DER WEBSITE DES HERSTELLERS.<\/strong><\/p>\n<p><span class=\"a-text-bold\"><b>BITTE STELLEN SIE SICHER, DASS SIE DIE FLASCHE MINDESTENS 30 SEKUNDEN LANG SCH\u00dcTTELN, UM DIE FARBE VOR DER VERWENDUNG GR\u00dcNDLICH ZU MISCHEN.<\/b><\/span><\/p>\n<p>Wir mischen und r\u00fchren die Farbe, aber mit der Zeit trennt sie sich, schwerere Pigmente sinken zu Boden. Wenn Sie die Flasche also nicht sch\u00fctteln, erhalten Sie nicht die richtige Farbe.<\/p>\n<p>GPaint kann keine Verantwortung daf\u00fcr \u00fcbernehmen, dass die Farbe des Fahrrads des Besitzers aufgrund von Alter, Witterungseinfl\u00fcssen oder rauen Umgebungsbedingungen verblasst oder abgebaut wird und daher nicht perfekt mit der von uns genehmigten Farbe \u00fcbereinstimmt. Die Fahrr\u00e4der werden in Chargen produziert und lackiert, und von Zeit zu Zeit k\u00f6nnen diese Chargen leicht abweichen.<\/p>\n<p>&nbsp;<\/p>","protected":false},"excerpt":{"rendered":"<p><strong>TREK - ALPENBLAU - TK524-M - METALLISCH GL\u00c4NZEND<\/strong><\/p>\n<p>GPAINT bietet Ihnen fahrradspezifische, farblich abgestimmte Lacke. Alle Produkte sind mit Original-OEM-Teilmustern abgeglichen.<\/p>\n<ul>\n<li>Die Packung enth\u00e4lt 1 x 10 ml farblich abgestimmte Ausbesserungsfarbe.<\/li>\n<li>Eine L\u00f6sung aus einer Hand, die Folgendes erfordert\u00a0<strong>KEIN PRIMER\u00a0<\/strong>und\u00a0<strong>NO LACQUER<\/strong>.<\/li>\n<li>Einfach zu befolgende Anweisungen f\u00fcr die perfekte Reparatur.<\/li>\n<li>Ber\u00fchrungstrocken in 30 Minuten.<\/li>\n<li>Jede Flasche enth\u00e4lt einen Farbr\u00fchrer und einen Applikator mit feiner Feder.<\/li>\n<li>Zur Sicherheit ist jede Flasche mit einem kindersicheren Sicherheitsverschluss versehen.<\/li>\n<li>Geeignet f\u00fcr alle Fahrradrahmen, Stahl, Aluminium und Kohlefaser.<\/li>\n<\/ul>","protected":false},"featured_media":349,"comment_status":"open","ping_status":"closed","template":"","meta":{"om_disable_all_campaigns":false,"_monsterinsights_skip_tracking":false,"_monsterinsights_sitenote_active":false,"_monsterinsights_sitenote_note":"","_monsterinsights_sitenote_category":0,"_uf_show_specific_survey":0,"_uf_disable_surveys":false},"product_brand":[],"product_cat":[24],"product_tag":[],"class_list":{"0":"post-348","1":"product","2":"type-product","3":"status-publish","4":"has-post-thumbnail","6":"product_cat-trek","8":"first","9":"instock","10":"taxable","11":"shipping-taxable","12":"purchasable","13":"product-type-simple"},"yoast_head":"<!-- This site is optimized with the Yoast SEO plugin v27.4 - https:\/\/yoast.com\/product\/yoast-seo-wordpress\/ -->\n<title>TREK - ALPINE BLUE - TK524-M - METALLIC GLOSS - Gpaint<\/title>\n<meta name=\"description\" content=\"TREK - ALPINE BLUE - TK524-M - METALLIC GLOSS. GPAINT brings you bike specific colour-matched paint. All products have been matched to original OEM part samples.\" \/>\n<meta name=\"robots\" content=\"index, follow, max-snippet:-1, max-image-preview:large, max-video-preview:-1\" \/>\n<link rel=\"canonical\" href=\"https:\/\/bikepaint.eu\/de\/produkt\/trek-alpenblau-tk524-m-metallisch-glanzend\/\" \/>\n<meta property=\"og:locale\" content=\"de_DE\" \/>\n<meta property=\"og:type\" content=\"article\" \/>\n<meta property=\"og:title\" content=\"TREK - ALPINE BLUE - TK524-M - METALLIC GLOSS - Gpaint\" \/>\n<meta property=\"og:description\" content=\"TREK - ALPINE BLUE - TK524-M - METALLIC GLOSS. GPAINT brings you bike specific colour-matched paint. All products have been matched to original OEM part samples.\" \/>\n<meta property=\"og:url\" content=\"https:\/\/bikepaint.eu\/de\/produkt\/trek-alpenblau-tk524-m-metallisch-glanzend\/\" \/>\n<meta property=\"og:site_name\" content=\"Gpaint\" \/>\n<meta property=\"article:modified_time\" content=\"2025-05-24T12:32:28+00:00\" \/>\n<meta property=\"og:image\" content=\"https:\/\/bikepaint.eu\/wp-content\/uploads\/2023\/08\/GPAINT-TREK-ALPINE-BLUE-TK524-M-METALLIC-GLOSS.webp\" \/>\n\t<meta property=\"og:image:width\" content=\"1162\" \/>\n\t<meta property=\"og:image:height\" content=\"1965\" \/>\n\t<meta property=\"og:image:type\" content=\"image\/webp\" \/>\n<meta name=\"twitter:card\" content=\"summary_large_image\" \/>\n<meta name=\"twitter:label1\" content=\"Gesch\u00e4tzte Lesezeit\" \/>\n\t<meta name=\"twitter:data1\" content=\"1\u00a0Minute\" \/>\n<script type=\"application\/ld+json\" class=\"yoast-schema-graph\">{\"@context\":\"https:\\\/\\\/schema.org\",\"@graph\":[{\"@type\":\"WebPage\",\"@id\":\"https:\\\/\\\/bikepaint.eu\\\/produkt\\\/trek-alpine-blue-tk524-m-metallic-gloss\\\/\",\"url\":\"https:\\\/\\\/bikepaint.eu\\\/produkt\\\/trek-alpine-blue-tk524-m-metallic-gloss\\\/\",\"name\":\"TREK - ALPINE BLUE - TK524-M - METALLIC GLOSS - Gpaint\",\"isPartOf\":{\"@id\":\"https:\\\/\\\/bikepaint.eu\\\/#website\"},\"primaryImageOfPage\":{\"@id\":\"https:\\\/\\\/bikepaint.eu\\\/produkt\\\/trek-alpine-blue-tk524-m-metallic-gloss\\\/#primaryimage\"},\"image\":{\"@id\":\"https:\\\/\\\/bikepaint.eu\\\/produkt\\\/trek-alpine-blue-tk524-m-metallic-gloss\\\/#primaryimage\"},\"thumbnailUrl\":\"https:\\\/\\\/bikepaint.eu\\\/wp-content\\\/uploads\\\/2023\\\/08\\\/GPAINT-TREK-ALPINE-BLUE-TK524-M-METALLIC-GLOSS.webp\",\"datePublished\":\"2023-08-09T11:39:00+00:00\",\"dateModified\":\"2025-05-24T12:32:28+00:00\",\"description\":\"TREK - ALPINE BLUE - TK524-M - METALLIC GLOSS. GPAINT brings you bike specific colour-matched paint. All products have been matched to original OEM part samples.\",\"breadcrumb\":{\"@id\":\"https:\\\/\\\/bikepaint.eu\\\/produkt\\\/trek-alpine-blue-tk524-m-metallic-gloss\\\/#breadcrumb\"},\"inLanguage\":\"de\",\"potentialAction\":[{\"@type\":\"ReadAction\",\"target\":[\"https:\\\/\\\/bikepaint.eu\\\/produkt\\\/trek-alpine-blue-tk524-m-metallic-gloss\\\/\"]}]},{\"@type\":\"ImageObject\",\"inLanguage\":\"de\",\"@id\":\"https:\\\/\\\/bikepaint.eu\\\/produkt\\\/trek-alpine-blue-tk524-m-metallic-gloss\\\/#primaryimage\",\"url\":\"https:\\\/\\\/bikepaint.eu\\\/wp-content\\\/uploads\\\/2023\\\/08\\\/GPAINT-TREK-ALPINE-BLUE-TK524-M-METALLIC-GLOSS.webp\",\"contentUrl\":\"https:\\\/\\\/bikepaint.eu\\\/wp-content\\\/uploads\\\/2023\\\/08\\\/GPAINT-TREK-ALPINE-BLUE-TK524-M-METALLIC-GLOSS.webp\",\"width\":1162,\"height\":1965,\"caption\":\"TREK - ALPINE BLUE - TK524-M - METALLIC GLOSS\"},{\"@type\":\"BreadcrumbList\",\"@id\":\"https:\\\/\\\/bikepaint.eu\\\/produkt\\\/trek-alpine-blue-tk524-m-metallic-gloss\\\/#breadcrumb\",\"itemListElement\":[{\"@type\":\"ListItem\",\"position\":1,\"name\":\"Home\",\"item\":\"https:\\\/\\\/bikepaint.eu\\\/\"},{\"@type\":\"ListItem\",\"position\":2,\"name\":\"Butik\",\"item\":\"https:\\\/\\\/bikepaint.eu\\\/butik\\\/\"},{\"@type\":\"ListItem\",\"position\":3,\"name\":\"TREK &#8211; ALPINE BLUE &#8211; TK524-M &#8211; METALLIC GLOSS\"}]},{\"@type\":\"WebSite\",\"@id\":\"https:\\\/\\\/bikepaint.eu\\\/#website\",\"url\":\"https:\\\/\\\/bikepaint.eu\\\/\",\"name\":\"Gpaint\",\"description\":\"\",\"publisher\":{\"@id\":\"https:\\\/\\\/bikepaint.eu\\\/#organization\"},\"potentialAction\":[{\"@type\":\"SearchAction\",\"target\":{\"@type\":\"EntryPoint\",\"urlTemplate\":\"https:\\\/\\\/bikepaint.eu\\\/?s={search_term_string}\"},\"query-input\":{\"@type\":\"PropertyValueSpecification\",\"valueRequired\":true,\"valueName\":\"search_term_string\"}}],\"inLanguage\":\"de\"},{\"@type\":\"Organization\",\"@id\":\"https:\\\/\\\/bikepaint.eu\\\/#organization\",\"name\":\"Gpaint\",\"url\":\"https:\\\/\\\/bikepaint.eu\\\/\",\"logo\":{\"@type\":\"ImageObject\",\"inLanguage\":\"de\",\"@id\":\"https:\\\/\\\/bikepaint.eu\\\/#\\\/schema\\\/logo\\\/image\\\/\",\"url\":\"https:\\\/\\\/bikepaint.eu\\\/wp-content\\\/uploads\\\/2023\\\/08\\\/gpaint.png\",\"contentUrl\":\"https:\\\/\\\/bikepaint.eu\\\/wp-content\\\/uploads\\\/2023\\\/08\\\/gpaint.png\",\"width\":500,\"height\":123,\"caption\":\"Gpaint\"},\"image\":{\"@id\":\"https:\\\/\\\/bikepaint.eu\\\/#\\\/schema\\\/logo\\\/image\\\/\"}}]}<\/script>\n<!-- \/ Yoast SEO plugin. -->","yoast_head_json":{"title":"TREK - ALPINE BLUE - TK524-M - METALLIC GLOSS - Gpaint","description":"TREK - ALPENBLAU - TK524-M - METALLISCH GL\u00c4NZEND. GPAINT bietet Ihnen fahrradspezifische, farblich abgestimmte Lacke. Alle Produkte wurden an Original-OEM-Teilemuster angepasst.","robots":{"index":"index","follow":"follow","max-snippet":"max-snippet:-1","max-image-preview":"max-image-preview:large","max-video-preview":"max-video-preview:-1"},"canonical":"https:\/\/bikepaint.eu\/de\/produkt\/trek-alpenblau-tk524-m-metallisch-glanzend\/","og_locale":"de_DE","og_type":"article","og_title":"TREK - ALPINE BLUE - TK524-M - METALLIC GLOSS - Gpaint","og_description":"TREK - ALPINE BLUE - TK524-M - METALLIC GLOSS. GPAINT brings you bike specific colour-matched paint. All products have been matched to original OEM part samples.","og_url":"https:\/\/bikepaint.eu\/de\/produkt\/trek-alpenblau-tk524-m-metallisch-glanzend\/","og_site_name":"Gpaint","article_modified_time":"2025-05-24T12:32:28+00:00","og_image":[{"width":1162,"height":1965,"url":"https:\/\/bikepaint.eu\/wp-content\/uploads\/2023\/08\/GPAINT-TREK-ALPINE-BLUE-TK524-M-METALLIC-GLOSS.webp","type":"image\/webp"}],"twitter_card":"summary_large_image","twitter_misc":{"Gesch\u00e4tzte Lesezeit":"1\u00a0Minute"},"schema":{"@context":"https:\/\/schema.org","@graph":[{"@type":"WebPage","@id":"https:\/\/bikepaint.eu\/produkt\/trek-alpine-blue-tk524-m-metallic-gloss\/","url":"https:\/\/bikepaint.eu\/produkt\/trek-alpine-blue-tk524-m-metallic-gloss\/","name":"TREK - ALPINE BLUE - TK524-M - METALLIC GLOSS - Gpaint","isPartOf":{"@id":"https:\/\/bikepaint.eu\/#website"},"primaryImageOfPage":{"@id":"https:\/\/bikepaint.eu\/produkt\/trek-alpine-blue-tk524-m-metallic-gloss\/#primaryimage"},"image":{"@id":"https:\/\/bikepaint.eu\/produkt\/trek-alpine-blue-tk524-m-metallic-gloss\/#primaryimage"},"thumbnailUrl":"https:\/\/bikepaint.eu\/wp-content\/uploads\/2023\/08\/GPAINT-TREK-ALPINE-BLUE-TK524-M-METALLIC-GLOSS.webp","datePublished":"2023-08-09T11:39:00+00:00","dateModified":"2025-05-24T12:32:28+00:00","description":"TREK - ALPENBLAU - TK524-M - METALLISCH GL\u00c4NZEND. GPAINT bietet Ihnen fahrradspezifische, farblich abgestimmte Lacke. Alle Produkte wurden an Original-OEM-Teilemuster angepasst.","breadcrumb":{"@id":"https:\/\/bikepaint.eu\/produkt\/trek-alpine-blue-tk524-m-metallic-gloss\/#breadcrumb"},"inLanguage":"de","potentialAction":[{"@type":"ReadAction","target":["https:\/\/bikepaint.eu\/produkt\/trek-alpine-blue-tk524-m-metallic-gloss\/"]}]},{"@type":"ImageObject","inLanguage":"de","@id":"https:\/\/bikepaint.eu\/produkt\/trek-alpine-blue-tk524-m-metallic-gloss\/#primaryimage","url":"https:\/\/bikepaint.eu\/wp-content\/uploads\/2023\/08\/GPAINT-TREK-ALPINE-BLUE-TK524-M-METALLIC-GLOSS.webp","contentUrl":"https:\/\/bikepaint.eu\/wp-content\/uploads\/2023\/08\/GPAINT-TREK-ALPINE-BLUE-TK524-M-METALLIC-GLOSS.webp","width":1162,"height":1965,"caption":"TREK - ALPINE BLUE - TK524-M - METALLIC GLOSS"},{"@type":"BreadcrumbList","@id":"https:\/\/bikepaint.eu\/produkt\/trek-alpine-blue-tk524-m-metallic-gloss\/#breadcrumb","itemListElement":[{"@type":"ListItem","position":1,"name":"Home","item":"https:\/\/bikepaint.eu\/"},{"@type":"ListItem","position":2,"name":"Butik","item":"https:\/\/bikepaint.eu\/butik\/"},{"@type":"ListItem","position":3,"name":"TREK &#8211; ALPINE BLUE &#8211; TK524-M &#8211; METALLIC GLOSS"}]},{"@type":"WebSite","@id":"https:\/\/bikepaint.eu\/#website","url":"https:\/\/bikepaint.eu\/","name":"Gpaint","description":"","publisher":{"@id":"https:\/\/bikepaint.eu\/#organization"},"potentialAction":[{"@type":"SearchAction","target":{"@type":"EntryPoint","urlTemplate":"https:\/\/bikepaint.eu\/?s={search_term_string}"},"query-input":{"@type":"PropertyValueSpecification","valueRequired":true,"valueName":"search_term_string"}}],"inLanguage":"de"},{"@type":"Organization","@id":"https:\/\/bikepaint.eu\/#organization","name":"Gpaint","url":"https:\/\/bikepaint.eu\/","logo":{"@type":"ImageObject","inLanguage":"de","@id":"https:\/\/bikepaint.eu\/#\/schema\/logo\/image\/","url":"https:\/\/bikepaint.eu\/wp-content\/uploads\/2023\/08\/gpaint.png","contentUrl":"https:\/\/bikepaint.eu\/wp-content\/uploads\/2023\/08\/gpaint.png","width":500,"height":123,"caption":"Gpaint"},"image":{"@id":"https:\/\/bikepaint.eu\/#\/schema\/logo\/image\/"}}]}},"jetpack_sharing_enabled":true,"_links":{"self":[{"href":"https:\/\/bikepaint.eu\/de\/wp-json\/wp\/v2\/product\/348","targetHints":{"allow":["GET"]}}],"collection":[{"href":"https:\/\/bikepaint.eu\/de\/wp-json\/wp\/v2\/product"}],"about":[{"href":"https:\/\/bikepaint.eu\/de\/wp-json\/wp\/v2\/types\/product"}],"replies":[{"embeddable":true,"href":"https:\/\/bikepaint.eu\/de\/wp-json\/wp\/v2\/comments?post=348"}],"wp:featuredmedia":[{"embeddable":true,"href":"https:\/\/bikepaint.eu\/de\/wp-json\/wp\/v2\/media\/349"}],"wp:attachment":[{"href":"https:\/\/bikepaint.eu\/de\/wp-json\/wp\/v2\/media?parent=348"}],"wp:term":[{"taxonomy":"product_brand","embeddable":true,"href":"https:\/\/bikepaint.eu\/de\/wp-json\/wp\/v2\/product_brand?post=348"},{"taxonomy":"product_cat","embeddable":true,"href":"https:\/\/bikepaint.eu\/de\/wp-json\/wp\/v2\/product_cat?post=348"},{"taxonomy":"product_tag","embeddable":true,"href":"https:\/\/bikepaint.eu\/de\/wp-json\/wp\/v2\/product_tag?post=348"}],"curies":[{"name":"wp","href":"https:\/\/api.w.org\/{rel}","templated":true}]}}