{"id":371,"date":"2023-08-09T12:02:38","date_gmt":"2023-08-09T12:02:38","guid":{"rendered":"https:\/\/bikepaint.eu\/?post_type=product&#038;p=371"},"modified":"2026-01-07T00:12:44","modified_gmt":"2026-01-07T00:12:44","slug":"estarli-thunder-grey","status":"publish","type":"product","link":"https:\/\/bikepaint.eu\/de\/produkt\/estarli-gewittergrau\/","title":{"rendered":"ESTARLI - DONNERGRAU"},"content":{"rendered":"<div class=\"product__description rte quick-add-hidden\">\n<p>Vor der Bestellung ist es ratsam, die Farbauswahl zu \u00fcberpr\u00fcfen, entweder durch einen Blick auf die Rechnung oder auf die Website des Herstellers.<\/p>\n<p>Das Sch\u00fctteln des Beh\u00e4lters ist unerl\u00e4sslich, um den gew\u00fcnschten Farbton zu erzielen, da sich sonst die Bestandteile trennen und die schwereren Partikel sich am Boden absetzen. Ein vorheriges Mischen und R\u00fchren der Farbe ist ein Muss.<\/p>\n<p>GPAINT oder Estarli k\u00f6nnen keine Garantie f\u00fcr die Langlebigkeit des Ausbleichens oder die Best\u00e4ndigkeit der Farbe \u00fcbernehmen, die durch Alterung, Witterungseinfl\u00fcsse oder raue Umgebungsbedingungen entstehen kann, was zu einer Farbverf\u00e4lschung mit dem genehmigten Farbton f\u00fchren k\u00f6nnte.<\/p>\n<\/div>\n<div id=\"price-template--17983945015590__main\" class=\"no-js-hidden\" role=\"status\">\n<div class=\"price price--large price--show-badge\"><\/p>\n<div class=\"price__container\">\n<div class=\"price__regular\"><\/div>\n<\/div>\n<\/div>\n<\/div>","protected":false},"excerpt":{"rendered":"<p><strong>ESTARLI - DONNERGRAU<\/strong><\/p>\n<p>Der THUNDER GREY Fahrradlack von ESTRALI wurde nach exakten, vom Hersteller zugelassenen Farbmustern zertifiziert, um eine perfekte \u00dcbereinstimmung mit Ihrem Fahrrad zu gew\u00e4hrleisten. Das pr\u00e4zise Farbabstimmungsverfahren von GPAINT sorgt daf\u00fcr, dass Ihr Fahrrad wie neu aussieht.<\/p>\n<ul>\n<li>Packung enth\u00e4lt 1 X 10ml<\/li>\n<li>farblich abgestimmter Ausbesserungslack.<\/li>\n<li>Eine L\u00f6sung aus einer Hand, die Folgendes erfordert\u00a0<strong>KEIN PRIMER<\/strong>\u00a0und\u00a0<strong>NO LACQUER<\/strong>.<\/li>\n<li>Einfach zu befolgende Anweisungen f\u00fcr die perfekte Reparatur.<\/li>\n<li>Ber\u00fchrungstrocken in 30 Minuten.<\/li>\n<li>Jede Flasche enth\u00e4lt einen Farbr\u00fchrer und einen Applikator mit feiner Feder.<\/li>\n<li>Zur Sicherheit ist jede Flasche mit einem kindersicheren Sicherheitsverschluss versehen.<\/li>\n<li>Geeignet f\u00fcr alle Fahrradrahmen, Stahl, Aluminium und Kohlefaser.<\/li>\n<\/ul>","protected":false},"featured_media":372,"comment_status":"open","ping_status":"closed","template":"","meta":{"om_disable_all_campaigns":false,"_monsterinsights_skip_tracking":false,"_monsterinsights_sitenote_active":false,"_monsterinsights_sitenote_note":"","_monsterinsights_sitenote_category":0,"_uf_show_specific_survey":0,"_uf_disable_surveys":false},"product_brand":[],"product_cat":[26],"product_tag":[],"class_list":{"0":"post-371","1":"product","2":"type-product","3":"status-publish","4":"has-post-thumbnail","6":"product_cat-estarli","8":"first","9":"instock","10":"taxable","11":"shipping-taxable","12":"purchasable","13":"product-type-simple"},"yoast_head":"<!-- This site is optimized with the Yoast SEO plugin v27.6 - https:\/\/yoast.com\/product\/yoast-seo-wordpress\/ -->\n<title>ESTARLI - THUNDER GREY - Gpaint<\/title>\n<meta name=\"description\" content=\"ESTARLI - THUNDER GREY. THUNDER GREY bike paint has been certified to exact manufacturer-approved colour samples, ensuring a perfect match to your bike.\" \/>\n<meta name=\"robots\" content=\"index, follow, max-snippet:-1, max-image-preview:large, max-video-preview:-1\" \/>\n<link rel=\"canonical\" href=\"https:\/\/bikepaint.eu\/de\/produkt\/estarli-gewittergrau\/\" \/>\n<meta property=\"og:locale\" content=\"de_DE\" \/>\n<meta property=\"og:type\" content=\"article\" \/>\n<meta property=\"og:title\" content=\"ESTARLI - THUNDER GREY - Gpaint\" \/>\n<meta property=\"og:description\" content=\"ESTARLI - THUNDER GREY. THUNDER GREY bike paint has been certified to exact manufacturer-approved colour samples, ensuring a perfect match to your bike.\" \/>\n<meta property=\"og:url\" content=\"https:\/\/bikepaint.eu\/de\/produkt\/estarli-gewittergrau\/\" \/>\n<meta property=\"og:site_name\" content=\"Gpaint\" \/>\n<meta property=\"article:modified_time\" content=\"2026-01-07T00:12:44+00:00\" \/>\n<meta property=\"og:image\" content=\"https:\/\/bikepaint.eu\/wp-content\/uploads\/2023\/08\/ESTARLI-THUNDER-GREY.webp\" \/>\n\t<meta property=\"og:image:width\" content=\"1162\" \/>\n\t<meta property=\"og:image:height\" content=\"1965\" \/>\n\t<meta property=\"og:image:type\" content=\"image\/webp\" \/>\n<meta name=\"twitter:card\" content=\"summary_large_image\" \/>\n<meta name=\"twitter:label1\" content=\"Gesch\u00e4tzte Lesezeit\" \/>\n\t<meta name=\"twitter:data1\" content=\"1\u00a0Minute\" \/>\n<script type=\"application\/ld+json\" class=\"yoast-schema-graph\">{\"@context\":\"https:\\\/\\\/schema.org\",\"@graph\":[{\"@type\":\"WebPage\",\"@id\":\"https:\\\/\\\/bikepaint.eu\\\/produkt\\\/estarli-thunder-grey\\\/\",\"url\":\"https:\\\/\\\/bikepaint.eu\\\/produkt\\\/estarli-thunder-grey\\\/\",\"name\":\"ESTARLI - THUNDER GREY - Gpaint\",\"isPartOf\":{\"@id\":\"https:\\\/\\\/bikepaint.eu\\\/#website\"},\"primaryImageOfPage\":{\"@id\":\"https:\\\/\\\/bikepaint.eu\\\/produkt\\\/estarli-thunder-grey\\\/#primaryimage\"},\"image\":{\"@id\":\"https:\\\/\\\/bikepaint.eu\\\/produkt\\\/estarli-thunder-grey\\\/#primaryimage\"},\"thumbnailUrl\":\"https:\\\/\\\/bikepaint.eu\\\/wp-content\\\/uploads\\\/2023\\\/08\\\/ESTARLI-THUNDER-GREY.webp\",\"datePublished\":\"2023-08-09T12:02:38+00:00\",\"dateModified\":\"2026-01-07T00:12:44+00:00\",\"description\":\"ESTARLI - THUNDER GREY. THUNDER GREY bike paint has been certified to exact manufacturer-approved colour samples, ensuring a perfect match to your bike.\",\"breadcrumb\":{\"@id\":\"https:\\\/\\\/bikepaint.eu\\\/produkt\\\/estarli-thunder-grey\\\/#breadcrumb\"},\"inLanguage\":\"de\",\"potentialAction\":[{\"@type\":\"ReadAction\",\"target\":[\"https:\\\/\\\/bikepaint.eu\\\/produkt\\\/estarli-thunder-grey\\\/\"]}]},{\"@type\":\"ImageObject\",\"inLanguage\":\"de\",\"@id\":\"https:\\\/\\\/bikepaint.eu\\\/produkt\\\/estarli-thunder-grey\\\/#primaryimage\",\"url\":\"https:\\\/\\\/bikepaint.eu\\\/wp-content\\\/uploads\\\/2023\\\/08\\\/ESTARLI-THUNDER-GREY.webp\",\"contentUrl\":\"https:\\\/\\\/bikepaint.eu\\\/wp-content\\\/uploads\\\/2023\\\/08\\\/ESTARLI-THUNDER-GREY.webp\",\"width\":1162,\"height\":1965,\"caption\":\"ESTARLI - THUNDER GREY\"},{\"@type\":\"BreadcrumbList\",\"@id\":\"https:\\\/\\\/bikepaint.eu\\\/produkt\\\/estarli-thunder-grey\\\/#breadcrumb\",\"itemListElement\":[{\"@type\":\"ListItem\",\"position\":1,\"name\":\"Home\",\"item\":\"https:\\\/\\\/bikepaint.eu\\\/\"},{\"@type\":\"ListItem\",\"position\":2,\"name\":\"Butik\",\"item\":\"https:\\\/\\\/bikepaint.eu\\\/butik\\\/\"},{\"@type\":\"ListItem\",\"position\":3,\"name\":\"ESTARLI &#8211; THUNDER GREY\"}]},{\"@type\":\"WebSite\",\"@id\":\"https:\\\/\\\/bikepaint.eu\\\/#website\",\"url\":\"https:\\\/\\\/bikepaint.eu\\\/\",\"name\":\"Gpaint\",\"description\":\"\",\"publisher\":{\"@id\":\"https:\\\/\\\/bikepaint.eu\\\/#organization\"},\"potentialAction\":[{\"@type\":\"SearchAction\",\"target\":{\"@type\":\"EntryPoint\",\"urlTemplate\":\"https:\\\/\\\/bikepaint.eu\\\/?s={search_term_string}\"},\"query-input\":{\"@type\":\"PropertyValueSpecification\",\"valueRequired\":true,\"valueName\":\"search_term_string\"}}],\"inLanguage\":\"de\"},{\"@type\":\"Organization\",\"@id\":\"https:\\\/\\\/bikepaint.eu\\\/#organization\",\"name\":\"Gpaint\",\"url\":\"https:\\\/\\\/bikepaint.eu\\\/\",\"logo\":{\"@type\":\"ImageObject\",\"inLanguage\":\"de\",\"@id\":\"https:\\\/\\\/bikepaint.eu\\\/#\\\/schema\\\/logo\\\/image\\\/\",\"url\":\"https:\\\/\\\/bikepaint.eu\\\/wp-content\\\/uploads\\\/2023\\\/08\\\/gpaint.png\",\"contentUrl\":\"https:\\\/\\\/bikepaint.eu\\\/wp-content\\\/uploads\\\/2023\\\/08\\\/gpaint.png\",\"width\":500,\"height\":123,\"caption\":\"Gpaint\"},\"image\":{\"@id\":\"https:\\\/\\\/bikepaint.eu\\\/#\\\/schema\\\/logo\\\/image\\\/\"}}]}<\/script>\n<!-- \/ Yoast SEO plugin. -->","yoast_head_json":{"title":"ESTARLI - DONNERGRAU - Gpaint","description":"ESTARLI - DONNERGRAU. Die Fahrradfarbe THUNDER GREY wurde nach exakten, vom Hersteller genehmigten Farbmustern zertifiziert, um eine perfekte \u00dcbereinstimmung mit Ihrem Fahrrad zu gew\u00e4hrleisten.","robots":{"index":"index","follow":"follow","max-snippet":"max-snippet:-1","max-image-preview":"max-image-preview:large","max-video-preview":"max-video-preview:-1"},"canonical":"https:\/\/bikepaint.eu\/de\/produkt\/estarli-gewittergrau\/","og_locale":"de_DE","og_type":"article","og_title":"ESTARLI - THUNDER GREY - Gpaint","og_description":"ESTARLI - THUNDER GREY. THUNDER GREY bike paint has been certified to exact manufacturer-approved colour samples, ensuring a perfect match to your bike.","og_url":"https:\/\/bikepaint.eu\/de\/produkt\/estarli-gewittergrau\/","og_site_name":"Gpaint","article_modified_time":"2026-01-07T00:12:44+00:00","og_image":[{"width":1162,"height":1965,"url":"https:\/\/bikepaint.eu\/wp-content\/uploads\/2023\/08\/ESTARLI-THUNDER-GREY.webp","type":"image\/webp"}],"twitter_card":"summary_large_image","twitter_misc":{"Gesch\u00e4tzte Lesezeit":"1\u00a0Minute"},"schema":{"@context":"https:\/\/schema.org","@graph":[{"@type":"WebPage","@id":"https:\/\/bikepaint.eu\/produkt\/estarli-thunder-grey\/","url":"https:\/\/bikepaint.eu\/produkt\/estarli-thunder-grey\/","name":"ESTARLI - DONNERGRAU - Gpaint","isPartOf":{"@id":"https:\/\/bikepaint.eu\/#website"},"primaryImageOfPage":{"@id":"https:\/\/bikepaint.eu\/produkt\/estarli-thunder-grey\/#primaryimage"},"image":{"@id":"https:\/\/bikepaint.eu\/produkt\/estarli-thunder-grey\/#primaryimage"},"thumbnailUrl":"https:\/\/bikepaint.eu\/wp-content\/uploads\/2023\/08\/ESTARLI-THUNDER-GREY.webp","datePublished":"2023-08-09T12:02:38+00:00","dateModified":"2026-01-07T00:12:44+00:00","description":"ESTARLI - DONNERGRAU. Die Fahrradfarbe THUNDER GREY wurde nach exakten, vom Hersteller genehmigten Farbmustern zertifiziert, um eine perfekte \u00dcbereinstimmung mit Ihrem Fahrrad zu gew\u00e4hrleisten.","breadcrumb":{"@id":"https:\/\/bikepaint.eu\/produkt\/estarli-thunder-grey\/#breadcrumb"},"inLanguage":"de","potentialAction":[{"@type":"ReadAction","target":["https:\/\/bikepaint.eu\/produkt\/estarli-thunder-grey\/"]}]},{"@type":"ImageObject","inLanguage":"de","@id":"https:\/\/bikepaint.eu\/produkt\/estarli-thunder-grey\/#primaryimage","url":"https:\/\/bikepaint.eu\/wp-content\/uploads\/2023\/08\/ESTARLI-THUNDER-GREY.webp","contentUrl":"https:\/\/bikepaint.eu\/wp-content\/uploads\/2023\/08\/ESTARLI-THUNDER-GREY.webp","width":1162,"height":1965,"caption":"ESTARLI - THUNDER GREY"},{"@type":"BreadcrumbList","@id":"https:\/\/bikepaint.eu\/produkt\/estarli-thunder-grey\/#breadcrumb","itemListElement":[{"@type":"ListItem","position":1,"name":"Home","item":"https:\/\/bikepaint.eu\/"},{"@type":"ListItem","position":2,"name":"Butik","item":"https:\/\/bikepaint.eu\/butik\/"},{"@type":"ListItem","position":3,"name":"ESTARLI &#8211; THUNDER GREY"}]},{"@type":"WebSite","@id":"https:\/\/bikepaint.eu\/#website","url":"https:\/\/bikepaint.eu\/","name":"Gpaint","description":"","publisher":{"@id":"https:\/\/bikepaint.eu\/#organization"},"potentialAction":[{"@type":"SearchAction","target":{"@type":"EntryPoint","urlTemplate":"https:\/\/bikepaint.eu\/?s={search_term_string}"},"query-input":{"@type":"PropertyValueSpecification","valueRequired":true,"valueName":"search_term_string"}}],"inLanguage":"de"},{"@type":"Organization","@id":"https:\/\/bikepaint.eu\/#organization","name":"Gpaint","url":"https:\/\/bikepaint.eu\/","logo":{"@type":"ImageObject","inLanguage":"de","@id":"https:\/\/bikepaint.eu\/#\/schema\/logo\/image\/","url":"https:\/\/bikepaint.eu\/wp-content\/uploads\/2023\/08\/gpaint.png","contentUrl":"https:\/\/bikepaint.eu\/wp-content\/uploads\/2023\/08\/gpaint.png","width":500,"height":123,"caption":"Gpaint"},"image":{"@id":"https:\/\/bikepaint.eu\/#\/schema\/logo\/image\/"}}]}},"jetpack_sharing_enabled":true,"_links":{"self":[{"href":"https:\/\/bikepaint.eu\/de\/wp-json\/wp\/v2\/product\/371","targetHints":{"allow":["GET"]}}],"collection":[{"href":"https:\/\/bikepaint.eu\/de\/wp-json\/wp\/v2\/product"}],"about":[{"href":"https:\/\/bikepaint.eu\/de\/wp-json\/wp\/v2\/types\/product"}],"replies":[{"embeddable":true,"href":"https:\/\/bikepaint.eu\/de\/wp-json\/wp\/v2\/comments?post=371"}],"wp:featuredmedia":[{"embeddable":true,"href":"https:\/\/bikepaint.eu\/de\/wp-json\/wp\/v2\/media\/372"}],"wp:attachment":[{"href":"https:\/\/bikepaint.eu\/de\/wp-json\/wp\/v2\/media?parent=371"}],"wp:term":[{"taxonomy":"product_brand","embeddable":true,"href":"https:\/\/bikepaint.eu\/de\/wp-json\/wp\/v2\/product_brand?post=371"},{"taxonomy":"product_cat","embeddable":true,"href":"https:\/\/bikepaint.eu\/de\/wp-json\/wp\/v2\/product_cat?post=371"},{"taxonomy":"product_tag","embeddable":true,"href":"https:\/\/bikepaint.eu\/de\/wp-json\/wp\/v2\/product_tag?post=371"}],"curies":[{"name":"wp","href":"https:\/\/api.w.org\/{rel}","templated":true}]}}