{"id":382,"date":"2023-08-09T12:10:41","date_gmt":"2023-08-09T12:10:41","guid":{"rendered":"https:\/\/bikepaint.eu\/?post_type=product&#038;p=382"},"modified":"2025-05-28T23:30:00","modified_gmt":"2025-05-28T23:30:00","slug":"gpaintbikes-4-pack-yellow-orange-magenta-lime","status":"publish","type":"product","link":"https:\/\/bikepaint.eu\/de\/produkt\/gpaintbikes-4er-pack-gelb-orange-magenta-limette\/","title":{"rendered":"GPAINTBIKES 4ER PACK - GELB - ORANGE - MAGENTA - LIMETTE"},"content":{"rendered":"<div class=\"product__description rte quick-add-hidden\">\n<p><strong>BITTE STELLEN SIE SICHER, DASS SIE DIE FLASCHE MINDESTENS 30 SEKUNDEN LANG SCH\u00dcTTELN, UM DIE FARBE VOR DER VERWENDUNG GR\u00dcNDLICH ZU MISCHEN.\u00a0<\/strong><\/p>\n<p>Wir mischen und r\u00fchren die Farbe, aber mit der Zeit trennt sie sich, schwerere Pigmente sinken zu Boden. Wenn Sie die Flasche also nicht sch\u00fctteln, erhalten Sie nicht die richtige Farbe.<\/p>\n<\/div>\n<div id=\"price-template--17983945015590__main\" class=\"no-js-hidden\" role=\"status\">\n<div class=\"price price--large price--show-badge\"><\/p>\n<div class=\"price__container\">\n<div class=\"price__regular\"><\/div>\n<\/div>\n<\/div>\n<\/div>","protected":false},"excerpt":{"rendered":"<p>Farben: Gelb, Rosa, Orange und Gr\u00fcn<\/p>\n<ul>\n<li>Die Packung enth\u00e4lt 4 x 10 ml farblich abgestimmte Ausbesserungslacke.<\/li>\n<li>Eine L\u00f6sung aus einer Hand, die Folgendes erfordert\u00a0<strong>KEIN PRIMER<\/strong>\u00a0und\u00a0<strong>NO LACQUER<\/strong>.<\/li>\n<li>Einfach zu befolgende Anweisungen f\u00fcr die perfekte Reparatur.<\/li>\n<li>Ber\u00fchrungstrocken in 30 Minuten.<\/li>\n<li>Jede Flasche enth\u00e4lt einen Farbr\u00fchrer und einen Applikator mit feiner Feder.<\/li>\n<li>Zur Sicherheit ist jede Flasche mit einem kindersicheren Sicherheitsverschluss versehen.<\/li>\n<li>Geeignet f\u00fcr alle Fahrradrahmen, Stahl, Aluminium und Kohlefaser.<\/li>\n<\/ul>","protected":false},"featured_media":384,"comment_status":"open","ping_status":"closed","template":"","meta":{"om_disable_all_campaigns":false,"_monsterinsights_skip_tracking":false,"_monsterinsights_sitenote_active":false,"_monsterinsights_sitenote_note":"","_monsterinsights_sitenote_category":0,"_uf_show_specific_survey":0,"_uf_disable_surveys":false},"product_brand":[],"product_cat":[29],"product_tag":[],"class_list":{"0":"post-382","1":"product","2":"type-product","3":"status-publish","4":"has-post-thumbnail","6":"product_cat-multipacks","8":"first","9":"instock","10":"taxable","11":"shipping-taxable","12":"purchasable","13":"product-type-simple"},"yoast_head":"<!-- This site is optimized with the Yoast SEO plugin v27.6 - https:\/\/yoast.com\/product\/yoast-seo-wordpress\/ -->\n<title>GPAINTBIKES 4 PACK - YELLOW - ORANGE - MAGENTA - LIME - Gpaint<\/title>\n<meta name=\"description\" content=\"GPAINTBIKES 4 PACK - YELLOW - PINK - ORANGE - GREEN. A one-stop solution that requires NO PRIMER and NO LACQUER. Touch dry in 30 minutes.\" \/>\n<meta name=\"robots\" content=\"index, follow, max-snippet:-1, max-image-preview:large, max-video-preview:-1\" \/>\n<link rel=\"canonical\" href=\"https:\/\/bikepaint.eu\/de\/produkt\/gpaintbikes-4er-pack-gelb-orange-magenta-limette\/\" \/>\n<meta property=\"og:locale\" content=\"de_DE\" \/>\n<meta property=\"og:type\" content=\"article\" \/>\n<meta property=\"og:title\" content=\"GPAINTBIKES 4 PACK - YELLOW - ORANGE - MAGENTA - LIME - Gpaint\" \/>\n<meta property=\"og:description\" content=\"GPAINTBIKES 4 PACK - YELLOW - PINK - ORANGE - GREEN. A one-stop solution that requires NO PRIMER and NO LACQUER. Touch dry in 30 minutes.\" \/>\n<meta property=\"og:url\" content=\"https:\/\/bikepaint.eu\/de\/produkt\/gpaintbikes-4er-pack-gelb-orange-magenta-limette\/\" \/>\n<meta property=\"og:site_name\" content=\"Gpaint\" \/>\n<meta property=\"article:modified_time\" content=\"2025-05-28T23:30:00+00:00\" \/>\n<meta property=\"og:image\" content=\"https:\/\/bikepaint.eu\/wp-content\/uploads\/2023\/08\/GPAINTBIKES-4-PACK-YELLOW-PINK-ORANGE-GREEN.webp\" \/>\n\t<meta property=\"og:image:width\" content=\"1672\" \/>\n\t<meta property=\"og:image:height\" content=\"2036\" \/>\n\t<meta property=\"og:image:type\" content=\"image\/webp\" \/>\n<meta name=\"twitter:card\" content=\"summary_large_image\" \/>\n<meta name=\"twitter:label1\" content=\"Gesch\u00e4tzte Lesezeit\" \/>\n\t<meta name=\"twitter:data1\" content=\"1\u00a0Minute\" \/>\n<script type=\"application\/ld+json\" class=\"yoast-schema-graph\">{\"@context\":\"https:\\\/\\\/schema.org\",\"@graph\":[{\"@type\":\"WebPage\",\"@id\":\"https:\\\/\\\/bikepaint.eu\\\/produkt\\\/gpaintbikes-4-pack-yellow-orange-magenta-lime\\\/\",\"url\":\"https:\\\/\\\/bikepaint.eu\\\/produkt\\\/gpaintbikes-4-pack-yellow-orange-magenta-lime\\\/\",\"name\":\"GPAINTBIKES 4 PACK - YELLOW - ORANGE - MAGENTA - LIME - Gpaint\",\"isPartOf\":{\"@id\":\"https:\\\/\\\/bikepaint.eu\\\/#website\"},\"primaryImageOfPage\":{\"@id\":\"https:\\\/\\\/bikepaint.eu\\\/produkt\\\/gpaintbikes-4-pack-yellow-orange-magenta-lime\\\/#primaryimage\"},\"image\":{\"@id\":\"https:\\\/\\\/bikepaint.eu\\\/produkt\\\/gpaintbikes-4-pack-yellow-orange-magenta-lime\\\/#primaryimage\"},\"thumbnailUrl\":\"https:\\\/\\\/bikepaint.eu\\\/wp-content\\\/uploads\\\/2023\\\/08\\\/GPAINTBIKES-4-PACK-YELLOW-PINK-ORANGE-GREEN.webp\",\"datePublished\":\"2023-08-09T12:10:41+00:00\",\"dateModified\":\"2025-05-28T23:30:00+00:00\",\"description\":\"GPAINTBIKES 4 PACK - YELLOW - PINK - ORANGE - GREEN. A one-stop solution that requires NO PRIMER and NO LACQUER. Touch dry in 30 minutes.\",\"breadcrumb\":{\"@id\":\"https:\\\/\\\/bikepaint.eu\\\/produkt\\\/gpaintbikes-4-pack-yellow-orange-magenta-lime\\\/#breadcrumb\"},\"inLanguage\":\"de\",\"potentialAction\":[{\"@type\":\"ReadAction\",\"target\":[\"https:\\\/\\\/bikepaint.eu\\\/produkt\\\/gpaintbikes-4-pack-yellow-orange-magenta-lime\\\/\"]}]},{\"@type\":\"ImageObject\",\"inLanguage\":\"de\",\"@id\":\"https:\\\/\\\/bikepaint.eu\\\/produkt\\\/gpaintbikes-4-pack-yellow-orange-magenta-lime\\\/#primaryimage\",\"url\":\"https:\\\/\\\/bikepaint.eu\\\/wp-content\\\/uploads\\\/2023\\\/08\\\/GPAINTBIKES-4-PACK-YELLOW-PINK-ORANGE-GREEN.webp\",\"contentUrl\":\"https:\\\/\\\/bikepaint.eu\\\/wp-content\\\/uploads\\\/2023\\\/08\\\/GPAINTBIKES-4-PACK-YELLOW-PINK-ORANGE-GREEN.webp\",\"width\":1672,\"height\":2036,\"caption\":\"GPAINTBIKES 4 PACK - YELLOW - PINK - ORANGE - GREEN\"},{\"@type\":\"BreadcrumbList\",\"@id\":\"https:\\\/\\\/bikepaint.eu\\\/produkt\\\/gpaintbikes-4-pack-yellow-orange-magenta-lime\\\/#breadcrumb\",\"itemListElement\":[{\"@type\":\"ListItem\",\"position\":1,\"name\":\"Home\",\"item\":\"https:\\\/\\\/bikepaint.eu\\\/\"},{\"@type\":\"ListItem\",\"position\":2,\"name\":\"Butik\",\"item\":\"https:\\\/\\\/bikepaint.eu\\\/butik\\\/\"},{\"@type\":\"ListItem\",\"position\":3,\"name\":\"GPAINTBIKES 4 PACK &#8211; YELLOW &#8211; ORANGE &#8211; MAGENTA &#8211; LIME\"}]},{\"@type\":\"WebSite\",\"@id\":\"https:\\\/\\\/bikepaint.eu\\\/#website\",\"url\":\"https:\\\/\\\/bikepaint.eu\\\/\",\"name\":\"Gpaint\",\"description\":\"\",\"publisher\":{\"@id\":\"https:\\\/\\\/bikepaint.eu\\\/#organization\"},\"potentialAction\":[{\"@type\":\"SearchAction\",\"target\":{\"@type\":\"EntryPoint\",\"urlTemplate\":\"https:\\\/\\\/bikepaint.eu\\\/?s={search_term_string}\"},\"query-input\":{\"@type\":\"PropertyValueSpecification\",\"valueRequired\":true,\"valueName\":\"search_term_string\"}}],\"inLanguage\":\"de\"},{\"@type\":\"Organization\",\"@id\":\"https:\\\/\\\/bikepaint.eu\\\/#organization\",\"name\":\"Gpaint\",\"url\":\"https:\\\/\\\/bikepaint.eu\\\/\",\"logo\":{\"@type\":\"ImageObject\",\"inLanguage\":\"de\",\"@id\":\"https:\\\/\\\/bikepaint.eu\\\/#\\\/schema\\\/logo\\\/image\\\/\",\"url\":\"https:\\\/\\\/bikepaint.eu\\\/wp-content\\\/uploads\\\/2023\\\/08\\\/gpaint.png\",\"contentUrl\":\"https:\\\/\\\/bikepaint.eu\\\/wp-content\\\/uploads\\\/2023\\\/08\\\/gpaint.png\",\"width\":500,\"height\":123,\"caption\":\"Gpaint\"},\"image\":{\"@id\":\"https:\\\/\\\/bikepaint.eu\\\/#\\\/schema\\\/logo\\\/image\\\/\"}}]}<\/script>\n<!-- \/ Yoast SEO plugin. -->","yoast_head_json":{"title":"GPAINTBIKES 4 PACK - GELB - ORANGE - MAGENTA - LIME - Gpaint","description":"GPAINTBIKES 4ER-PACK - GELB - ROSA - ORANGE - GR\u00dcN. Eine L\u00f6sung aus einer Hand, die KEINEN PRIMER und KEINEN LACQUER erfordert. Ber\u00fchrungstrocken in 30 Minuten.","robots":{"index":"index","follow":"follow","max-snippet":"max-snippet:-1","max-image-preview":"max-image-preview:large","max-video-preview":"max-video-preview:-1"},"canonical":"https:\/\/bikepaint.eu\/de\/produkt\/gpaintbikes-4er-pack-gelb-orange-magenta-limette\/","og_locale":"de_DE","og_type":"article","og_title":"GPAINTBIKES 4 PACK - YELLOW - ORANGE - MAGENTA - LIME - Gpaint","og_description":"GPAINTBIKES 4 PACK - YELLOW - PINK - ORANGE - GREEN. A one-stop solution that requires NO PRIMER and NO LACQUER. Touch dry in 30 minutes.","og_url":"https:\/\/bikepaint.eu\/de\/produkt\/gpaintbikes-4er-pack-gelb-orange-magenta-limette\/","og_site_name":"Gpaint","article_modified_time":"2025-05-28T23:30:00+00:00","og_image":[{"width":1672,"height":2036,"url":"https:\/\/bikepaint.eu\/wp-content\/uploads\/2023\/08\/GPAINTBIKES-4-PACK-YELLOW-PINK-ORANGE-GREEN.webp","type":"image\/webp"}],"twitter_card":"summary_large_image","twitter_misc":{"Gesch\u00e4tzte Lesezeit":"1\u00a0Minute"},"schema":{"@context":"https:\/\/schema.org","@graph":[{"@type":"WebPage","@id":"https:\/\/bikepaint.eu\/produkt\/gpaintbikes-4-pack-yellow-orange-magenta-lime\/","url":"https:\/\/bikepaint.eu\/produkt\/gpaintbikes-4-pack-yellow-orange-magenta-lime\/","name":"GPAINTBIKES 4 PACK - GELB - ORANGE - MAGENTA - LIME - Gpaint","isPartOf":{"@id":"https:\/\/bikepaint.eu\/#website"},"primaryImageOfPage":{"@id":"https:\/\/bikepaint.eu\/produkt\/gpaintbikes-4-pack-yellow-orange-magenta-lime\/#primaryimage"},"image":{"@id":"https:\/\/bikepaint.eu\/produkt\/gpaintbikes-4-pack-yellow-orange-magenta-lime\/#primaryimage"},"thumbnailUrl":"https:\/\/bikepaint.eu\/wp-content\/uploads\/2023\/08\/GPAINTBIKES-4-PACK-YELLOW-PINK-ORANGE-GREEN.webp","datePublished":"2023-08-09T12:10:41+00:00","dateModified":"2025-05-28T23:30:00+00:00","description":"GPAINTBIKES 4ER-PACK - GELB - ROSA - ORANGE - GR\u00dcN. Eine L\u00f6sung aus einer Hand, die KEINEN PRIMER und KEINEN LACQUER erfordert. Ber\u00fchrungstrocken in 30 Minuten.","breadcrumb":{"@id":"https:\/\/bikepaint.eu\/produkt\/gpaintbikes-4-pack-yellow-orange-magenta-lime\/#breadcrumb"},"inLanguage":"de","potentialAction":[{"@type":"ReadAction","target":["https:\/\/bikepaint.eu\/produkt\/gpaintbikes-4-pack-yellow-orange-magenta-lime\/"]}]},{"@type":"ImageObject","inLanguage":"de","@id":"https:\/\/bikepaint.eu\/produkt\/gpaintbikes-4-pack-yellow-orange-magenta-lime\/#primaryimage","url":"https:\/\/bikepaint.eu\/wp-content\/uploads\/2023\/08\/GPAINTBIKES-4-PACK-YELLOW-PINK-ORANGE-GREEN.webp","contentUrl":"https:\/\/bikepaint.eu\/wp-content\/uploads\/2023\/08\/GPAINTBIKES-4-PACK-YELLOW-PINK-ORANGE-GREEN.webp","width":1672,"height":2036,"caption":"GPAINTBIKES 4 PACK - YELLOW - PINK - ORANGE - GREEN"},{"@type":"BreadcrumbList","@id":"https:\/\/bikepaint.eu\/produkt\/gpaintbikes-4-pack-yellow-orange-magenta-lime\/#breadcrumb","itemListElement":[{"@type":"ListItem","position":1,"name":"Home","item":"https:\/\/bikepaint.eu\/"},{"@type":"ListItem","position":2,"name":"Butik","item":"https:\/\/bikepaint.eu\/butik\/"},{"@type":"ListItem","position":3,"name":"GPAINTBIKES 4 PACK &#8211; YELLOW &#8211; ORANGE &#8211; MAGENTA &#8211; LIME"}]},{"@type":"WebSite","@id":"https:\/\/bikepaint.eu\/#website","url":"https:\/\/bikepaint.eu\/","name":"Gpaint","description":"","publisher":{"@id":"https:\/\/bikepaint.eu\/#organization"},"potentialAction":[{"@type":"SearchAction","target":{"@type":"EntryPoint","urlTemplate":"https:\/\/bikepaint.eu\/?s={search_term_string}"},"query-input":{"@type":"PropertyValueSpecification","valueRequired":true,"valueName":"search_term_string"}}],"inLanguage":"de"},{"@type":"Organization","@id":"https:\/\/bikepaint.eu\/#organization","name":"Gpaint","url":"https:\/\/bikepaint.eu\/","logo":{"@type":"ImageObject","inLanguage":"de","@id":"https:\/\/bikepaint.eu\/#\/schema\/logo\/image\/","url":"https:\/\/bikepaint.eu\/wp-content\/uploads\/2023\/08\/gpaint.png","contentUrl":"https:\/\/bikepaint.eu\/wp-content\/uploads\/2023\/08\/gpaint.png","width":500,"height":123,"caption":"Gpaint"},"image":{"@id":"https:\/\/bikepaint.eu\/#\/schema\/logo\/image\/"}}]}},"jetpack_sharing_enabled":true,"_links":{"self":[{"href":"https:\/\/bikepaint.eu\/de\/wp-json\/wp\/v2\/product\/382","targetHints":{"allow":["GET"]}}],"collection":[{"href":"https:\/\/bikepaint.eu\/de\/wp-json\/wp\/v2\/product"}],"about":[{"href":"https:\/\/bikepaint.eu\/de\/wp-json\/wp\/v2\/types\/product"}],"replies":[{"embeddable":true,"href":"https:\/\/bikepaint.eu\/de\/wp-json\/wp\/v2\/comments?post=382"}],"wp:featuredmedia":[{"embeddable":true,"href":"https:\/\/bikepaint.eu\/de\/wp-json\/wp\/v2\/media\/384"}],"wp:attachment":[{"href":"https:\/\/bikepaint.eu\/de\/wp-json\/wp\/v2\/media?parent=382"}],"wp:term":[{"taxonomy":"product_brand","embeddable":true,"href":"https:\/\/bikepaint.eu\/de\/wp-json\/wp\/v2\/product_brand?post=382"},{"taxonomy":"product_cat","embeddable":true,"href":"https:\/\/bikepaint.eu\/de\/wp-json\/wp\/v2\/product_cat?post=382"},{"taxonomy":"product_tag","embeddable":true,"href":"https:\/\/bikepaint.eu\/de\/wp-json\/wp\/v2\/product_tag?post=382"}],"curies":[{"name":"wp","href":"https:\/\/api.w.org\/{rel}","templated":true}]}}