{"id":287,"date":"2023-08-09T10:55:16","date_gmt":"2023-08-09T10:55:16","guid":{"rendered":"https:\/\/bikepaint.eu\/?post_type=product&#038;p=287"},"modified":"2026-01-10T17:20:30","modified_gmt":"2026-01-10T17:20:30","slug":"yeti-blanco","status":"publish","type":"product","link":"https:\/\/bikepaint.eu\/es\/produkt\/yeti-blanco\/","title":{"rendered":"YETI BLANCO"},"content":{"rendered":"<p><strong>COMPRUEBE SU SELECCI\u00d3N DE COLOR ANTES DE REALIZAR EL PEDIDO, CONSULTANDO LA FACTURA DE VENTA ORIGINAL O EL SITIO WEB DEL FABRICANTE.<\/strong><\/p>\n<p><strong>AGITE EL BOTE DURANTE AL MENOS 30 SEGUNDOS PARA MEZCLAR BIEN LA PINTURA ANTES DE USARLA.\u00a0<\/strong><\/p>\n<p>Mezclamos y agitamos la pintura, pero con el tiempo se separar\u00e1, los pigmentos m\u00e1s pesados se hundir\u00e1n hasta el fondo. Por lo tanto, si no agitas el bote, no obtendr\u00e1s el color adecuado.<\/p>\n<p>GPAINT o Yeti Cycles no se responsabilizan de que la pintura de la bicicleta del propietario sufra decoloraci\u00f3n o degradaci\u00f3n debido al paso del tiempo, a la intemperie o a la exposici\u00f3n a entornos adversos y, por lo tanto, no coincida perfectamente con nuestro color de pintura aprobado.<\/p>","protected":false},"excerpt":{"rendered":"<p><strong>YCGPAINT 15<\/strong><\/p>\n<p>GPAINT, en colaboraci\u00f3n con Yeti Cycles, te ofrece ahora pintura de colores espec\u00edficos para bicicletas. Todos los productos se han adaptado a las muestras de color aprobadas en f\u00e1brica proporcionadas por el fabricante.<\/p>\n<ul>\n<li>El paquete contiene 1 pintura de retoque de 10 ml de color a juego.<\/li>\n<li>Una soluci\u00f3n integral que requiere\u00a0<strong>NO PRIMER<\/strong>\u00a0y\u00a0<strong>NO LACQUER<\/strong>.<\/li>\n<li>Instrucciones sencillas para una reparaci\u00f3n perfecta.<\/li>\n<li>Secado al tacto en 30 minutos.<\/li>\n<li>Cada frasco contiene un agitador de pintura y un aplicador de plumilla fina.<\/li>\n<li>Para mayor seguridad, cada botella lleva un tap\u00f3n de seguridad a prueba de ni\u00f1os.<\/li>\n<li>Apto para todos los cuadros de bicicleta, acero, aluminio y fibra de carbono.<\/li>\n<\/ul>","protected":false},"featured_media":289,"comment_status":"open","ping_status":"closed","template":"","meta":{"om_disable_all_campaigns":false,"_monsterinsights_skip_tracking":false,"_monsterinsights_sitenote_active":false,"_monsterinsights_sitenote_note":"","_monsterinsights_sitenote_category":0,"_uf_show_specific_survey":0,"_uf_disable_surveys":false},"product_brand":[],"product_cat":[23],"product_tag":[],"class_list":{"0":"post-287","1":"product","2":"type-product","3":"status-publish","4":"has-post-thumbnail","6":"product_cat-yeti","8":"first","9":"instock","10":"taxable","11":"shipping-taxable","12":"purchasable","13":"product-type-simple"},"yoast_head":"<!-- This site is optimized with the Yoast SEO plugin v27.4 - https:\/\/yoast.com\/product\/yoast-seo-wordpress\/ -->\n<title>YETI BLANCO - Gpaint<\/title>\n<meta name=\"description\" content=\"YETI BLANCO. GPAINT in collaboration with Yeti Cycles, now brings you bike specific colour-matched paint. Touch dry in 30 minutes.\" \/>\n<meta name=\"robots\" content=\"index, follow, max-snippet:-1, max-image-preview:large, max-video-preview:-1\" \/>\n<link rel=\"canonical\" href=\"https:\/\/bikepaint.eu\/es\/produkt\/yeti-blanco\/\" \/>\n<meta property=\"og:locale\" content=\"es_ES\" \/>\n<meta property=\"og:type\" content=\"article\" \/>\n<meta property=\"og:title\" content=\"YETI BLANCO - Gpaint\" \/>\n<meta property=\"og:description\" content=\"YETI BLANCO. GPAINT in collaboration with Yeti Cycles, now brings you bike specific colour-matched paint. Touch dry in 30 minutes.\" \/>\n<meta property=\"og:url\" content=\"https:\/\/bikepaint.eu\/es\/produkt\/yeti-blanco\/\" \/>\n<meta property=\"og:site_name\" content=\"Gpaint\" \/>\n<meta property=\"article:modified_time\" content=\"2026-01-10T17:20:30+00:00\" \/>\n<meta property=\"og:image\" content=\"https:\/\/bikepaint.eu\/wp-content\/uploads\/2023\/08\/YETI-BLANCO.webp\" \/>\n\t<meta property=\"og:image:width\" content=\"1162\" \/>\n\t<meta property=\"og:image:height\" content=\"1965\" \/>\n\t<meta property=\"og:image:type\" content=\"image\/webp\" \/>\n<meta name=\"twitter:card\" content=\"summary_large_image\" \/>\n<meta name=\"twitter:label1\" content=\"Tiempo de lectura\" \/>\n\t<meta name=\"twitter:data1\" content=\"1 minuto\" \/>\n<script type=\"application\/ld+json\" class=\"yoast-schema-graph\">{\"@context\":\"https:\\\/\\\/schema.org\",\"@graph\":[{\"@type\":\"WebPage\",\"@id\":\"https:\\\/\\\/bikepaint.eu\\\/produkt\\\/yeti-blanco\\\/\",\"url\":\"https:\\\/\\\/bikepaint.eu\\\/produkt\\\/yeti-blanco\\\/\",\"name\":\"YETI BLANCO - Gpaint\",\"isPartOf\":{\"@id\":\"https:\\\/\\\/bikepaint.eu\\\/#website\"},\"primaryImageOfPage\":{\"@id\":\"https:\\\/\\\/bikepaint.eu\\\/produkt\\\/yeti-blanco\\\/#primaryimage\"},\"image\":{\"@id\":\"https:\\\/\\\/bikepaint.eu\\\/produkt\\\/yeti-blanco\\\/#primaryimage\"},\"thumbnailUrl\":\"https:\\\/\\\/bikepaint.eu\\\/wp-content\\\/uploads\\\/2023\\\/08\\\/YETI-BLANCO.webp\",\"datePublished\":\"2023-08-09T10:55:16+00:00\",\"dateModified\":\"2026-01-10T17:20:30+00:00\",\"description\":\"YETI BLANCO. GPAINT in collaboration with Yeti Cycles, now brings you bike specific colour-matched paint. Touch dry in 30 minutes.\",\"breadcrumb\":{\"@id\":\"https:\\\/\\\/bikepaint.eu\\\/produkt\\\/yeti-blanco\\\/#breadcrumb\"},\"inLanguage\":\"es\",\"potentialAction\":[{\"@type\":\"ReadAction\",\"target\":[\"https:\\\/\\\/bikepaint.eu\\\/produkt\\\/yeti-blanco\\\/\"]}]},{\"@type\":\"ImageObject\",\"inLanguage\":\"es\",\"@id\":\"https:\\\/\\\/bikepaint.eu\\\/produkt\\\/yeti-blanco\\\/#primaryimage\",\"url\":\"https:\\\/\\\/bikepaint.eu\\\/wp-content\\\/uploads\\\/2023\\\/08\\\/YETI-BLANCO.webp\",\"contentUrl\":\"https:\\\/\\\/bikepaint.eu\\\/wp-content\\\/uploads\\\/2023\\\/08\\\/YETI-BLANCO.webp\",\"width\":1162,\"height\":1965,\"caption\":\"YETI BLANCO\"},{\"@type\":\"BreadcrumbList\",\"@id\":\"https:\\\/\\\/bikepaint.eu\\\/produkt\\\/yeti-blanco\\\/#breadcrumb\",\"itemListElement\":[{\"@type\":\"ListItem\",\"position\":1,\"name\":\"Home\",\"item\":\"https:\\\/\\\/bikepaint.eu\\\/\"},{\"@type\":\"ListItem\",\"position\":2,\"name\":\"Butik\",\"item\":\"https:\\\/\\\/bikepaint.eu\\\/butik\\\/\"},{\"@type\":\"ListItem\",\"position\":3,\"name\":\"YETI BLANCO\"}]},{\"@type\":\"WebSite\",\"@id\":\"https:\\\/\\\/bikepaint.eu\\\/#website\",\"url\":\"https:\\\/\\\/bikepaint.eu\\\/\",\"name\":\"Gpaint\",\"description\":\"\",\"publisher\":{\"@id\":\"https:\\\/\\\/bikepaint.eu\\\/#organization\"},\"potentialAction\":[{\"@type\":\"SearchAction\",\"target\":{\"@type\":\"EntryPoint\",\"urlTemplate\":\"https:\\\/\\\/bikepaint.eu\\\/?s={search_term_string}\"},\"query-input\":{\"@type\":\"PropertyValueSpecification\",\"valueRequired\":true,\"valueName\":\"search_term_string\"}}],\"inLanguage\":\"es\"},{\"@type\":\"Organization\",\"@id\":\"https:\\\/\\\/bikepaint.eu\\\/#organization\",\"name\":\"Gpaint\",\"url\":\"https:\\\/\\\/bikepaint.eu\\\/\",\"logo\":{\"@type\":\"ImageObject\",\"inLanguage\":\"es\",\"@id\":\"https:\\\/\\\/bikepaint.eu\\\/#\\\/schema\\\/logo\\\/image\\\/\",\"url\":\"https:\\\/\\\/bikepaint.eu\\\/wp-content\\\/uploads\\\/2023\\\/08\\\/gpaint.png\",\"contentUrl\":\"https:\\\/\\\/bikepaint.eu\\\/wp-content\\\/uploads\\\/2023\\\/08\\\/gpaint.png\",\"width\":500,\"height\":123,\"caption\":\"Gpaint\"},\"image\":{\"@id\":\"https:\\\/\\\/bikepaint.eu\\\/#\\\/schema\\\/logo\\\/image\\\/\"}}]}<\/script>\n<!-- \/ Yoast SEO plugin. -->","yoast_head_json":{"title":"YETI BLANCO - Gpaint","description":"YETI BLANCO. GPAINT, en colaboraci\u00f3n con Yeti Cycles, te ofrece ahora pintura de colores espec\u00edficos para bicicletas. Secado al tacto en 30 minutos.","robots":{"index":"index","follow":"follow","max-snippet":"max-snippet:-1","max-image-preview":"max-image-preview:large","max-video-preview":"max-video-preview:-1"},"canonical":"https:\/\/bikepaint.eu\/es\/produkt\/yeti-blanco\/","og_locale":"es_ES","og_type":"article","og_title":"YETI BLANCO - Gpaint","og_description":"YETI BLANCO. GPAINT in collaboration with Yeti Cycles, now brings you bike specific colour-matched paint. Touch dry in 30 minutes.","og_url":"https:\/\/bikepaint.eu\/es\/produkt\/yeti-blanco\/","og_site_name":"Gpaint","article_modified_time":"2026-01-10T17:20:30+00:00","og_image":[{"width":1162,"height":1965,"url":"https:\/\/bikepaint.eu\/wp-content\/uploads\/2023\/08\/YETI-BLANCO.webp","type":"image\/webp"}],"twitter_card":"summary_large_image","twitter_misc":{"Tiempo de lectura":"1 minuto"},"schema":{"@context":"https:\/\/schema.org","@graph":[{"@type":"WebPage","@id":"https:\/\/bikepaint.eu\/produkt\/yeti-blanco\/","url":"https:\/\/bikepaint.eu\/produkt\/yeti-blanco\/","name":"YETI BLANCO - Gpaint","isPartOf":{"@id":"https:\/\/bikepaint.eu\/#website"},"primaryImageOfPage":{"@id":"https:\/\/bikepaint.eu\/produkt\/yeti-blanco\/#primaryimage"},"image":{"@id":"https:\/\/bikepaint.eu\/produkt\/yeti-blanco\/#primaryimage"},"thumbnailUrl":"https:\/\/bikepaint.eu\/wp-content\/uploads\/2023\/08\/YETI-BLANCO.webp","datePublished":"2023-08-09T10:55:16+00:00","dateModified":"2026-01-10T17:20:30+00:00","description":"YETI BLANCO. GPAINT, en colaboraci\u00f3n con Yeti Cycles, te ofrece ahora pintura de colores espec\u00edficos para bicicletas. Secado al tacto en 30 minutos.","breadcrumb":{"@id":"https:\/\/bikepaint.eu\/produkt\/yeti-blanco\/#breadcrumb"},"inLanguage":"es","potentialAction":[{"@type":"ReadAction","target":["https:\/\/bikepaint.eu\/produkt\/yeti-blanco\/"]}]},{"@type":"ImageObject","inLanguage":"es","@id":"https:\/\/bikepaint.eu\/produkt\/yeti-blanco\/#primaryimage","url":"https:\/\/bikepaint.eu\/wp-content\/uploads\/2023\/08\/YETI-BLANCO.webp","contentUrl":"https:\/\/bikepaint.eu\/wp-content\/uploads\/2023\/08\/YETI-BLANCO.webp","width":1162,"height":1965,"caption":"YETI BLANCO"},{"@type":"BreadcrumbList","@id":"https:\/\/bikepaint.eu\/produkt\/yeti-blanco\/#breadcrumb","itemListElement":[{"@type":"ListItem","position":1,"name":"Home","item":"https:\/\/bikepaint.eu\/"},{"@type":"ListItem","position":2,"name":"Butik","item":"https:\/\/bikepaint.eu\/butik\/"},{"@type":"ListItem","position":3,"name":"YETI BLANCO"}]},{"@type":"WebSite","@id":"https:\/\/bikepaint.eu\/#website","url":"https:\/\/bikepaint.eu\/","name":"Gpaint","description":"","publisher":{"@id":"https:\/\/bikepaint.eu\/#organization"},"potentialAction":[{"@type":"SearchAction","target":{"@type":"EntryPoint","urlTemplate":"https:\/\/bikepaint.eu\/?s={search_term_string}"},"query-input":{"@type":"PropertyValueSpecification","valueRequired":true,"valueName":"search_term_string"}}],"inLanguage":"es"},{"@type":"Organization","@id":"https:\/\/bikepaint.eu\/#organization","name":"Gpaint","url":"https:\/\/bikepaint.eu\/","logo":{"@type":"ImageObject","inLanguage":"es","@id":"https:\/\/bikepaint.eu\/#\/schema\/logo\/image\/","url":"https:\/\/bikepaint.eu\/wp-content\/uploads\/2023\/08\/gpaint.png","contentUrl":"https:\/\/bikepaint.eu\/wp-content\/uploads\/2023\/08\/gpaint.png","width":500,"height":123,"caption":"Gpaint"},"image":{"@id":"https:\/\/bikepaint.eu\/#\/schema\/logo\/image\/"}}]}},"jetpack_sharing_enabled":true,"_links":{"self":[{"href":"https:\/\/bikepaint.eu\/es\/wp-json\/wp\/v2\/product\/287","targetHints":{"allow":["GET"]}}],"collection":[{"href":"https:\/\/bikepaint.eu\/es\/wp-json\/wp\/v2\/product"}],"about":[{"href":"https:\/\/bikepaint.eu\/es\/wp-json\/wp\/v2\/types\/product"}],"replies":[{"embeddable":true,"href":"https:\/\/bikepaint.eu\/es\/wp-json\/wp\/v2\/comments?post=287"}],"wp:featuredmedia":[{"embeddable":true,"href":"https:\/\/bikepaint.eu\/es\/wp-json\/wp\/v2\/media\/289"}],"wp:attachment":[{"href":"https:\/\/bikepaint.eu\/es\/wp-json\/wp\/v2\/media?parent=287"}],"wp:term":[{"taxonomy":"product_brand","embeddable":true,"href":"https:\/\/bikepaint.eu\/es\/wp-json\/wp\/v2\/product_brand?post=287"},{"taxonomy":"product_cat","embeddable":true,"href":"https:\/\/bikepaint.eu\/es\/wp-json\/wp\/v2\/product_cat?post=287"},{"taxonomy":"product_tag","embeddable":true,"href":"https:\/\/bikepaint.eu\/es\/wp-json\/wp\/v2\/product_tag?post=287"}],"curies":[{"name":"wp","href":"https:\/\/api.w.org\/{rel}","templated":true}]}}