{"id":350,"date":"2023-08-09T11:40:23","date_gmt":"2023-08-09T11:40:23","guid":{"rendered":"https:\/\/bikepaint.eu\/?post_type=product&#038;p=350"},"modified":"2025-05-27T20:28:02","modified_gmt":"2025-05-27T20:28:02","slug":"trek-aloha-green-tk622-s-gloss","status":"publish","type":"product","link":"https:\/\/bikepaint.eu\/es\/produkt\/trek-aloha-green-tk622-s-gloss\/","title":{"rendered":"TREK - VERDE ALOHA - TK622-S - BRILLO"},"content":{"rendered":"<p><strong>COMPRUEBE SU SELECCI\u00d3N DE COLOR ANTES DE REALIZAR EL PEDIDO, CONSULTANDO LA FACTURA DE VENTA ORIGINAL O EL SITIO WEB DEL FABRICANTE.<\/strong><\/p>\n<p><span class=\"a-text-bold\"><b>AGITE EL BOTE DURANTE AL MENOS 30 SEGUNDOS PARA MEZCLAR BIEN LA PINTURA ANTES DE USARLA.<\/b><\/span><\/p>\n<p>Mezclamos y agitamos la pintura, pero con el tiempo se separar\u00e1, los pigmentos m\u00e1s pesados se hundir\u00e1n hasta el fondo. Por lo tanto, si no agitas el bote, no obtendr\u00e1s el color adecuado.<\/p>\n<p>GPaint no puede asumir la responsabilidad por la moto del propietario que sufren de decoloraci\u00f3n de la pintura o la degradaci\u00f3n debido a la edad, la intemperie, o la exposici\u00f3n a ambientes hostiles, y por lo tanto no coinciden perfectamente con nuestro color de pintura a juego aprobado. Posteriormente, las bicicletas son producidos y pintados en lotes, de vez en cuando estos lotes pueden diferir ligeramente.<\/p>","protected":false},"excerpt":{"rendered":"<p><strong>VERDE ALOHA - TK622-S - BRILLO<\/strong><\/p>\n<p>GPAINT le ofrece pintura de colores espec\u00edficos para motocicletas. Todos los productos se han adaptado a las muestras de piezas originales OEM.<\/p>\n<ul>\n<li>El paquete contiene 1 pintura de retoque de 10 ml de color a juego.<\/li>\n<li>Una soluci\u00f3n integral que requiere\u00a0<strong>NO PRIMER\u00a0<\/strong>y\u00a0<strong>NO LACQUER<\/strong>.<\/li>\n<li>Instrucciones sencillas para una reparaci\u00f3n perfecta.<\/li>\n<li>Secado al tacto en 30 minutos.<\/li>\n<li>Cada frasco contiene un agitador de pintura y un aplicador de plumilla fina.<\/li>\n<li>Para mayor seguridad, cada botella lleva un tap\u00f3n de seguridad a prueba de ni\u00f1os.<\/li>\n<li>Apto para todos los cuadros de bicicleta, acero, aluminio y fibra de carbono.<\/li>\n<\/ul>","protected":false},"featured_media":351,"comment_status":"open","ping_status":"closed","template":"","meta":{"om_disable_all_campaigns":false,"_monsterinsights_skip_tracking":false,"_monsterinsights_sitenote_active":false,"_monsterinsights_sitenote_note":"","_monsterinsights_sitenote_category":0,"_uf_show_specific_survey":0,"_uf_disable_surveys":false},"product_brand":[],"product_cat":[24],"product_tag":[],"class_list":{"0":"post-350","1":"product","2":"type-product","3":"status-publish","4":"has-post-thumbnail","6":"product_cat-trek","8":"first","9":"instock","10":"taxable","11":"shipping-taxable","12":"purchasable","13":"product-type-simple"},"yoast_head":"<!-- This site is optimized with the Yoast SEO plugin v27.6 - https:\/\/yoast.com\/product\/yoast-seo-wordpress\/ -->\n<title>TREK - ALOHA GREEN - TK622-S - GLOSS - Gpaint<\/title>\n<meta name=\"description\" content=\"TREK - ALOHA GREEN - TK622-S - GLOSS. A one-stop solution that requires NO PRIMER and NO LACQUER.Simple to follow instructions for the perfect repair.\" \/>\n<meta name=\"robots\" content=\"index, follow, max-snippet:-1, max-image-preview:large, max-video-preview:-1\" \/>\n<link rel=\"canonical\" href=\"https:\/\/bikepaint.eu\/es\/produkt\/trek-aloha-green-tk622-s-gloss\/\" \/>\n<meta property=\"og:locale\" content=\"es_ES\" \/>\n<meta property=\"og:type\" content=\"article\" \/>\n<meta property=\"og:title\" content=\"TREK - ALOHA GREEN - TK622-S - GLOSS - Gpaint\" \/>\n<meta property=\"og:description\" content=\"TREK - ALOHA GREEN - TK622-S - GLOSS. A one-stop solution that requires NO PRIMER and NO LACQUER.Simple to follow instructions for the perfect repair.\" \/>\n<meta property=\"og:url\" content=\"https:\/\/bikepaint.eu\/es\/produkt\/trek-aloha-green-tk622-s-gloss\/\" \/>\n<meta property=\"og:site_name\" content=\"Gpaint\" \/>\n<meta property=\"article:modified_time\" content=\"2025-05-27T20:28:02+00:00\" \/>\n<meta property=\"og:image\" content=\"https:\/\/bikepaint.eu\/wp-content\/uploads\/2023\/08\/TREK-ALOHA-GREEN-TK622-S-GLOSS.webp\" \/>\n\t<meta property=\"og:image:width\" content=\"1162\" \/>\n\t<meta property=\"og:image:height\" content=\"1965\" \/>\n\t<meta property=\"og:image:type\" content=\"image\/webp\" \/>\n<meta name=\"twitter:card\" content=\"summary_large_image\" \/>\n<meta name=\"twitter:label1\" content=\"Tiempo de lectura\" \/>\n\t<meta name=\"twitter:data1\" content=\"1 minuto\" \/>\n<script type=\"application\/ld+json\" class=\"yoast-schema-graph\">{\"@context\":\"https:\\\/\\\/schema.org\",\"@graph\":[{\"@type\":\"WebPage\",\"@id\":\"https:\\\/\\\/bikepaint.eu\\\/produkt\\\/trek-aloha-green-tk622-s-gloss\\\/\",\"url\":\"https:\\\/\\\/bikepaint.eu\\\/produkt\\\/trek-aloha-green-tk622-s-gloss\\\/\",\"name\":\"TREK - ALOHA GREEN - TK622-S - GLOSS - Gpaint\",\"isPartOf\":{\"@id\":\"https:\\\/\\\/bikepaint.eu\\\/#website\"},\"primaryImageOfPage\":{\"@id\":\"https:\\\/\\\/bikepaint.eu\\\/produkt\\\/trek-aloha-green-tk622-s-gloss\\\/#primaryimage\"},\"image\":{\"@id\":\"https:\\\/\\\/bikepaint.eu\\\/produkt\\\/trek-aloha-green-tk622-s-gloss\\\/#primaryimage\"},\"thumbnailUrl\":\"https:\\\/\\\/bikepaint.eu\\\/wp-content\\\/uploads\\\/2023\\\/08\\\/TREK-ALOHA-GREEN-TK622-S-GLOSS.webp\",\"datePublished\":\"2023-08-09T11:40:23+00:00\",\"dateModified\":\"2025-05-27T20:28:02+00:00\",\"description\":\"TREK - ALOHA GREEN - TK622-S - GLOSS. A one-stop solution that requires NO PRIMER and NO LACQUER.Simple to follow instructions for the perfect repair.\",\"breadcrumb\":{\"@id\":\"https:\\\/\\\/bikepaint.eu\\\/produkt\\\/trek-aloha-green-tk622-s-gloss\\\/#breadcrumb\"},\"inLanguage\":\"es\",\"potentialAction\":[{\"@type\":\"ReadAction\",\"target\":[\"https:\\\/\\\/bikepaint.eu\\\/produkt\\\/trek-aloha-green-tk622-s-gloss\\\/\"]}]},{\"@type\":\"ImageObject\",\"inLanguage\":\"es\",\"@id\":\"https:\\\/\\\/bikepaint.eu\\\/produkt\\\/trek-aloha-green-tk622-s-gloss\\\/#primaryimage\",\"url\":\"https:\\\/\\\/bikepaint.eu\\\/wp-content\\\/uploads\\\/2023\\\/08\\\/TREK-ALOHA-GREEN-TK622-S-GLOSS.webp\",\"contentUrl\":\"https:\\\/\\\/bikepaint.eu\\\/wp-content\\\/uploads\\\/2023\\\/08\\\/TREK-ALOHA-GREEN-TK622-S-GLOSS.webp\",\"width\":1162,\"height\":1965,\"caption\":\"TREK - ALOHA GREEN - TK622-S - GLOSS\"},{\"@type\":\"BreadcrumbList\",\"@id\":\"https:\\\/\\\/bikepaint.eu\\\/produkt\\\/trek-aloha-green-tk622-s-gloss\\\/#breadcrumb\",\"itemListElement\":[{\"@type\":\"ListItem\",\"position\":1,\"name\":\"Home\",\"item\":\"https:\\\/\\\/bikepaint.eu\\\/\"},{\"@type\":\"ListItem\",\"position\":2,\"name\":\"Butik\",\"item\":\"https:\\\/\\\/bikepaint.eu\\\/butik\\\/\"},{\"@type\":\"ListItem\",\"position\":3,\"name\":\"TREK &#8211; ALOHA GREEN &#8211; TK622-S &#8211; GLOSS\"}]},{\"@type\":\"WebSite\",\"@id\":\"https:\\\/\\\/bikepaint.eu\\\/#website\",\"url\":\"https:\\\/\\\/bikepaint.eu\\\/\",\"name\":\"Gpaint\",\"description\":\"\",\"publisher\":{\"@id\":\"https:\\\/\\\/bikepaint.eu\\\/#organization\"},\"potentialAction\":[{\"@type\":\"SearchAction\",\"target\":{\"@type\":\"EntryPoint\",\"urlTemplate\":\"https:\\\/\\\/bikepaint.eu\\\/?s={search_term_string}\"},\"query-input\":{\"@type\":\"PropertyValueSpecification\",\"valueRequired\":true,\"valueName\":\"search_term_string\"}}],\"inLanguage\":\"es\"},{\"@type\":\"Organization\",\"@id\":\"https:\\\/\\\/bikepaint.eu\\\/#organization\",\"name\":\"Gpaint\",\"url\":\"https:\\\/\\\/bikepaint.eu\\\/\",\"logo\":{\"@type\":\"ImageObject\",\"inLanguage\":\"es\",\"@id\":\"https:\\\/\\\/bikepaint.eu\\\/#\\\/schema\\\/logo\\\/image\\\/\",\"url\":\"https:\\\/\\\/bikepaint.eu\\\/wp-content\\\/uploads\\\/2023\\\/08\\\/gpaint.png\",\"contentUrl\":\"https:\\\/\\\/bikepaint.eu\\\/wp-content\\\/uploads\\\/2023\\\/08\\\/gpaint.png\",\"width\":500,\"height\":123,\"caption\":\"Gpaint\"},\"image\":{\"@id\":\"https:\\\/\\\/bikepaint.eu\\\/#\\\/schema\\\/logo\\\/image\\\/\"}}]}<\/script>\n<!-- \/ Yoast SEO plugin. -->","yoast_head_json":{"title":"TREK - VERDE ALOHA - TK622-S - GLOSS - Gpaint","description":"TREK - VERDE ALOHA - TK622-S - BRILLO. Una soluci\u00f3n \u00fanica que NO REQUIERE IMPRIMACI\u00d3N NI BARNIZ.Instrucciones sencillas de seguir para una reparaci\u00f3n perfecta.","robots":{"index":"index","follow":"follow","max-snippet":"max-snippet:-1","max-image-preview":"max-image-preview:large","max-video-preview":"max-video-preview:-1"},"canonical":"https:\/\/bikepaint.eu\/es\/produkt\/trek-aloha-green-tk622-s-gloss\/","og_locale":"es_ES","og_type":"article","og_title":"TREK - ALOHA GREEN - TK622-S - GLOSS - Gpaint","og_description":"TREK - ALOHA GREEN - TK622-S - GLOSS. A one-stop solution that requires NO PRIMER and NO LACQUER.Simple to follow instructions for the perfect repair.","og_url":"https:\/\/bikepaint.eu\/es\/produkt\/trek-aloha-green-tk622-s-gloss\/","og_site_name":"Gpaint","article_modified_time":"2025-05-27T20:28:02+00:00","og_image":[{"width":1162,"height":1965,"url":"https:\/\/bikepaint.eu\/wp-content\/uploads\/2023\/08\/TREK-ALOHA-GREEN-TK622-S-GLOSS.webp","type":"image\/webp"}],"twitter_card":"summary_large_image","twitter_misc":{"Tiempo de lectura":"1 minuto"},"schema":{"@context":"https:\/\/schema.org","@graph":[{"@type":"WebPage","@id":"https:\/\/bikepaint.eu\/produkt\/trek-aloha-green-tk622-s-gloss\/","url":"https:\/\/bikepaint.eu\/produkt\/trek-aloha-green-tk622-s-gloss\/","name":"TREK - VERDE ALOHA - TK622-S - GLOSS - Gpaint","isPartOf":{"@id":"https:\/\/bikepaint.eu\/#website"},"primaryImageOfPage":{"@id":"https:\/\/bikepaint.eu\/produkt\/trek-aloha-green-tk622-s-gloss\/#primaryimage"},"image":{"@id":"https:\/\/bikepaint.eu\/produkt\/trek-aloha-green-tk622-s-gloss\/#primaryimage"},"thumbnailUrl":"https:\/\/bikepaint.eu\/wp-content\/uploads\/2023\/08\/TREK-ALOHA-GREEN-TK622-S-GLOSS.webp","datePublished":"2023-08-09T11:40:23+00:00","dateModified":"2025-05-27T20:28:02+00:00","description":"TREK - VERDE ALOHA - TK622-S - BRILLO. Una soluci\u00f3n \u00fanica que NO REQUIERE IMPRIMACI\u00d3N NI BARNIZ.Instrucciones sencillas de seguir para una reparaci\u00f3n perfecta.","breadcrumb":{"@id":"https:\/\/bikepaint.eu\/produkt\/trek-aloha-green-tk622-s-gloss\/#breadcrumb"},"inLanguage":"es","potentialAction":[{"@type":"ReadAction","target":["https:\/\/bikepaint.eu\/produkt\/trek-aloha-green-tk622-s-gloss\/"]}]},{"@type":"ImageObject","inLanguage":"es","@id":"https:\/\/bikepaint.eu\/produkt\/trek-aloha-green-tk622-s-gloss\/#primaryimage","url":"https:\/\/bikepaint.eu\/wp-content\/uploads\/2023\/08\/TREK-ALOHA-GREEN-TK622-S-GLOSS.webp","contentUrl":"https:\/\/bikepaint.eu\/wp-content\/uploads\/2023\/08\/TREK-ALOHA-GREEN-TK622-S-GLOSS.webp","width":1162,"height":1965,"caption":"TREK - ALOHA GREEN - TK622-S - GLOSS"},{"@type":"BreadcrumbList","@id":"https:\/\/bikepaint.eu\/produkt\/trek-aloha-green-tk622-s-gloss\/#breadcrumb","itemListElement":[{"@type":"ListItem","position":1,"name":"Home","item":"https:\/\/bikepaint.eu\/"},{"@type":"ListItem","position":2,"name":"Butik","item":"https:\/\/bikepaint.eu\/butik\/"},{"@type":"ListItem","position":3,"name":"TREK &#8211; ALOHA GREEN &#8211; TK622-S &#8211; GLOSS"}]},{"@type":"WebSite","@id":"https:\/\/bikepaint.eu\/#website","url":"https:\/\/bikepaint.eu\/","name":"Gpaint","description":"","publisher":{"@id":"https:\/\/bikepaint.eu\/#organization"},"potentialAction":[{"@type":"SearchAction","target":{"@type":"EntryPoint","urlTemplate":"https:\/\/bikepaint.eu\/?s={search_term_string}"},"query-input":{"@type":"PropertyValueSpecification","valueRequired":true,"valueName":"search_term_string"}}],"inLanguage":"es"},{"@type":"Organization","@id":"https:\/\/bikepaint.eu\/#organization","name":"Gpaint","url":"https:\/\/bikepaint.eu\/","logo":{"@type":"ImageObject","inLanguage":"es","@id":"https:\/\/bikepaint.eu\/#\/schema\/logo\/image\/","url":"https:\/\/bikepaint.eu\/wp-content\/uploads\/2023\/08\/gpaint.png","contentUrl":"https:\/\/bikepaint.eu\/wp-content\/uploads\/2023\/08\/gpaint.png","width":500,"height":123,"caption":"Gpaint"},"image":{"@id":"https:\/\/bikepaint.eu\/#\/schema\/logo\/image\/"}}]}},"jetpack_sharing_enabled":true,"_links":{"self":[{"href":"https:\/\/bikepaint.eu\/es\/wp-json\/wp\/v2\/product\/350","targetHints":{"allow":["GET"]}}],"collection":[{"href":"https:\/\/bikepaint.eu\/es\/wp-json\/wp\/v2\/product"}],"about":[{"href":"https:\/\/bikepaint.eu\/es\/wp-json\/wp\/v2\/types\/product"}],"replies":[{"embeddable":true,"href":"https:\/\/bikepaint.eu\/es\/wp-json\/wp\/v2\/comments?post=350"}],"wp:featuredmedia":[{"embeddable":true,"href":"https:\/\/bikepaint.eu\/es\/wp-json\/wp\/v2\/media\/351"}],"wp:attachment":[{"href":"https:\/\/bikepaint.eu\/es\/wp-json\/wp\/v2\/media?parent=350"}],"wp:term":[{"taxonomy":"product_brand","embeddable":true,"href":"https:\/\/bikepaint.eu\/es\/wp-json\/wp\/v2\/product_brand?post=350"},{"taxonomy":"product_cat","embeddable":true,"href":"https:\/\/bikepaint.eu\/es\/wp-json\/wp\/v2\/product_cat?post=350"},{"taxonomy":"product_tag","embeddable":true,"href":"https:\/\/bikepaint.eu\/es\/wp-json\/wp\/v2\/product_tag?post=350"}],"curies":[{"name":"wp","href":"https:\/\/api.w.org\/{rel}","templated":true}]}}