{"id":371,"date":"2023-08-09T12:02:38","date_gmt":"2023-08-09T12:02:38","guid":{"rendered":"https:\/\/bikepaint.eu\/?post_type=product&#038;p=371"},"modified":"2026-01-07T00:12:44","modified_gmt":"2026-01-07T00:12:44","slug":"estarli-thunder-grey","status":"publish","type":"product","link":"https:\/\/bikepaint.eu\/es\/produkt\/estarli-gris-trueno\/","title":{"rendered":"ESTARLI - GRIS TRUENO"},"content":{"rendered":"<div class=\"product__description rte quick-add-hidden\">\n<p>Antes de hacer el pedido, es aconsejable comprobar la selecci\u00f3n de colores, ya sea mirando la factura o visitando el sitio web del fabricante.<\/p>\n<p>Agitar el recipiente es esencial para conseguir el tono deseado, ya que de lo contrario los ingredientes se separar\u00e1n y las part\u00edculas m\u00e1s pesadas se depositar\u00e1n en el fondo. Mezclar y agitar la pintura de antemano es imprescindible.<\/p>\n<p>GPAINT o Estarli no pueden garantizar la longevidad de la decoloraci\u00f3n de la pintura o la resistencia a la degradaci\u00f3n que puede resultar de la edad, la intemperie, o la exposici\u00f3n a ambientes hostiles, causando potencialmente la falta de coincidencia de color con el tono de pintura aprobado.<\/p>\n<\/div>\n<div id=\"price-template--17983945015590__main\" class=\"no-js-hidden\" role=\"status\">\n<div class=\"price price--large price--show-badge\"><\/p>\n<div class=\"price__container\">\n<div class=\"price__regular\"><\/div>\n<\/div>\n<\/div>\n<\/div>","protected":false},"excerpt":{"rendered":"<p><strong>ESTARLI - GRIS TRUENO<\/strong><\/p>\n<p>La pintura para bicicletas THUNDER GREY de ESTRALI ha sido certificada con muestras de color exactas aprobadas por el fabricante, lo que garantiza una combinaci\u00f3n perfecta con su bicicleta. El preciso proceso de igualaci\u00f3n de colores de GPAINT garantiza que tu moto luzca como nueva.<\/p>\n<ul>\n<li>El envase contiene 1 X 10ml<\/li>\n<li>pintura de retoque del mismo color.<\/li>\n<li>Una soluci\u00f3n integral que requiere\u00a0<strong>NO PRIMER<\/strong>\u00a0y\u00a0<strong>NO LACQUER<\/strong>.<\/li>\n<li>Instrucciones sencillas para una reparaci\u00f3n perfecta.<\/li>\n<li>Secado al tacto en 30 minutos.<\/li>\n<li>Cada frasco contiene un agitador de pintura y un aplicador de plumilla fina.<\/li>\n<li>Para mayor seguridad, cada botella lleva un tap\u00f3n de seguridad a prueba de ni\u00f1os.<\/li>\n<li>Apto para todos los cuadros de bicicleta, acero, aluminio y fibra de carbono.<\/li>\n<\/ul>","protected":false},"featured_media":372,"comment_status":"open","ping_status":"closed","template":"","meta":{"om_disable_all_campaigns":false,"_monsterinsights_skip_tracking":false,"_monsterinsights_sitenote_active":false,"_monsterinsights_sitenote_note":"","_monsterinsights_sitenote_category":0,"_uf_show_specific_survey":0,"_uf_disable_surveys":false},"product_brand":[],"product_cat":[26],"product_tag":[],"class_list":{"0":"post-371","1":"product","2":"type-product","3":"status-publish","4":"has-post-thumbnail","6":"product_cat-estarli","8":"first","9":"instock","10":"taxable","11":"shipping-taxable","12":"purchasable","13":"product-type-simple"},"yoast_head":"<!-- This site is optimized with the Yoast SEO plugin v27.4 - https:\/\/yoast.com\/product\/yoast-seo-wordpress\/ -->\n<title>ESTARLI - THUNDER GREY - Gpaint<\/title>\n<meta name=\"description\" content=\"ESTARLI - THUNDER GREY. THUNDER GREY bike paint has been certified to exact manufacturer-approved colour samples, ensuring a perfect match to your bike.\" \/>\n<meta name=\"robots\" content=\"index, follow, max-snippet:-1, max-image-preview:large, max-video-preview:-1\" \/>\n<link rel=\"canonical\" href=\"https:\/\/bikepaint.eu\/es\/produkt\/estarli-gris-trueno\/\" \/>\n<meta property=\"og:locale\" content=\"es_ES\" \/>\n<meta property=\"og:type\" content=\"article\" \/>\n<meta property=\"og:title\" content=\"ESTARLI - THUNDER GREY - Gpaint\" \/>\n<meta property=\"og:description\" content=\"ESTARLI - THUNDER GREY. THUNDER GREY bike paint has been certified to exact manufacturer-approved colour samples, ensuring a perfect match to your bike.\" \/>\n<meta property=\"og:url\" content=\"https:\/\/bikepaint.eu\/es\/produkt\/estarli-gris-trueno\/\" \/>\n<meta property=\"og:site_name\" content=\"Gpaint\" \/>\n<meta property=\"article:modified_time\" content=\"2026-01-07T00:12:44+00:00\" \/>\n<meta property=\"og:image\" content=\"https:\/\/bikepaint.eu\/wp-content\/uploads\/2023\/08\/ESTARLI-THUNDER-GREY.webp\" \/>\n\t<meta property=\"og:image:width\" content=\"1162\" \/>\n\t<meta property=\"og:image:height\" content=\"1965\" \/>\n\t<meta property=\"og:image:type\" content=\"image\/webp\" \/>\n<meta name=\"twitter:card\" content=\"summary_large_image\" \/>\n<meta name=\"twitter:label1\" content=\"Tiempo de lectura\" \/>\n\t<meta name=\"twitter:data1\" content=\"1 minuto\" \/>\n<script type=\"application\/ld+json\" class=\"yoast-schema-graph\">{\"@context\":\"https:\\\/\\\/schema.org\",\"@graph\":[{\"@type\":\"WebPage\",\"@id\":\"https:\\\/\\\/bikepaint.eu\\\/produkt\\\/estarli-thunder-grey\\\/\",\"url\":\"https:\\\/\\\/bikepaint.eu\\\/produkt\\\/estarli-thunder-grey\\\/\",\"name\":\"ESTARLI - THUNDER GREY - Gpaint\",\"isPartOf\":{\"@id\":\"https:\\\/\\\/bikepaint.eu\\\/#website\"},\"primaryImageOfPage\":{\"@id\":\"https:\\\/\\\/bikepaint.eu\\\/produkt\\\/estarli-thunder-grey\\\/#primaryimage\"},\"image\":{\"@id\":\"https:\\\/\\\/bikepaint.eu\\\/produkt\\\/estarli-thunder-grey\\\/#primaryimage\"},\"thumbnailUrl\":\"https:\\\/\\\/bikepaint.eu\\\/wp-content\\\/uploads\\\/2023\\\/08\\\/ESTARLI-THUNDER-GREY.webp\",\"datePublished\":\"2023-08-09T12:02:38+00:00\",\"dateModified\":\"2026-01-07T00:12:44+00:00\",\"description\":\"ESTARLI - THUNDER GREY. THUNDER GREY bike paint has been certified to exact manufacturer-approved colour samples, ensuring a perfect match to your bike.\",\"breadcrumb\":{\"@id\":\"https:\\\/\\\/bikepaint.eu\\\/produkt\\\/estarli-thunder-grey\\\/#breadcrumb\"},\"inLanguage\":\"es\",\"potentialAction\":[{\"@type\":\"ReadAction\",\"target\":[\"https:\\\/\\\/bikepaint.eu\\\/produkt\\\/estarli-thunder-grey\\\/\"]}]},{\"@type\":\"ImageObject\",\"inLanguage\":\"es\",\"@id\":\"https:\\\/\\\/bikepaint.eu\\\/produkt\\\/estarli-thunder-grey\\\/#primaryimage\",\"url\":\"https:\\\/\\\/bikepaint.eu\\\/wp-content\\\/uploads\\\/2023\\\/08\\\/ESTARLI-THUNDER-GREY.webp\",\"contentUrl\":\"https:\\\/\\\/bikepaint.eu\\\/wp-content\\\/uploads\\\/2023\\\/08\\\/ESTARLI-THUNDER-GREY.webp\",\"width\":1162,\"height\":1965,\"caption\":\"ESTARLI - THUNDER GREY\"},{\"@type\":\"BreadcrumbList\",\"@id\":\"https:\\\/\\\/bikepaint.eu\\\/produkt\\\/estarli-thunder-grey\\\/#breadcrumb\",\"itemListElement\":[{\"@type\":\"ListItem\",\"position\":1,\"name\":\"Home\",\"item\":\"https:\\\/\\\/bikepaint.eu\\\/\"},{\"@type\":\"ListItem\",\"position\":2,\"name\":\"Butik\",\"item\":\"https:\\\/\\\/bikepaint.eu\\\/butik\\\/\"},{\"@type\":\"ListItem\",\"position\":3,\"name\":\"ESTARLI &#8211; THUNDER GREY\"}]},{\"@type\":\"WebSite\",\"@id\":\"https:\\\/\\\/bikepaint.eu\\\/#website\",\"url\":\"https:\\\/\\\/bikepaint.eu\\\/\",\"name\":\"Gpaint\",\"description\":\"\",\"publisher\":{\"@id\":\"https:\\\/\\\/bikepaint.eu\\\/#organization\"},\"potentialAction\":[{\"@type\":\"SearchAction\",\"target\":{\"@type\":\"EntryPoint\",\"urlTemplate\":\"https:\\\/\\\/bikepaint.eu\\\/?s={search_term_string}\"},\"query-input\":{\"@type\":\"PropertyValueSpecification\",\"valueRequired\":true,\"valueName\":\"search_term_string\"}}],\"inLanguage\":\"es\"},{\"@type\":\"Organization\",\"@id\":\"https:\\\/\\\/bikepaint.eu\\\/#organization\",\"name\":\"Gpaint\",\"url\":\"https:\\\/\\\/bikepaint.eu\\\/\",\"logo\":{\"@type\":\"ImageObject\",\"inLanguage\":\"es\",\"@id\":\"https:\\\/\\\/bikepaint.eu\\\/#\\\/schema\\\/logo\\\/image\\\/\",\"url\":\"https:\\\/\\\/bikepaint.eu\\\/wp-content\\\/uploads\\\/2023\\\/08\\\/gpaint.png\",\"contentUrl\":\"https:\\\/\\\/bikepaint.eu\\\/wp-content\\\/uploads\\\/2023\\\/08\\\/gpaint.png\",\"width\":500,\"height\":123,\"caption\":\"Gpaint\"},\"image\":{\"@id\":\"https:\\\/\\\/bikepaint.eu\\\/#\\\/schema\\\/logo\\\/image\\\/\"}}]}<\/script>\n<!-- \/ Yoast SEO plugin. -->","yoast_head_json":{"title":"ESTARLI - GRIS TRUENO - Gpaint","description":"ESTARLI - GRIS TRUENO. La pintura para bicicletas THUNDER GREY ha sido certificada con muestras de color exactas aprobadas por el fabricante, lo que garantiza una combinaci\u00f3n perfecta con su bicicleta.","robots":{"index":"index","follow":"follow","max-snippet":"max-snippet:-1","max-image-preview":"max-image-preview:large","max-video-preview":"max-video-preview:-1"},"canonical":"https:\/\/bikepaint.eu\/es\/produkt\/estarli-gris-trueno\/","og_locale":"es_ES","og_type":"article","og_title":"ESTARLI - THUNDER GREY - Gpaint","og_description":"ESTARLI - THUNDER GREY. THUNDER GREY bike paint has been certified to exact manufacturer-approved colour samples, ensuring a perfect match to your bike.","og_url":"https:\/\/bikepaint.eu\/es\/produkt\/estarli-gris-trueno\/","og_site_name":"Gpaint","article_modified_time":"2026-01-07T00:12:44+00:00","og_image":[{"width":1162,"height":1965,"url":"https:\/\/bikepaint.eu\/wp-content\/uploads\/2023\/08\/ESTARLI-THUNDER-GREY.webp","type":"image\/webp"}],"twitter_card":"summary_large_image","twitter_misc":{"Tiempo de lectura":"1 minuto"},"schema":{"@context":"https:\/\/schema.org","@graph":[{"@type":"WebPage","@id":"https:\/\/bikepaint.eu\/produkt\/estarli-thunder-grey\/","url":"https:\/\/bikepaint.eu\/produkt\/estarli-thunder-grey\/","name":"ESTARLI - GRIS TRUENO - Gpaint","isPartOf":{"@id":"https:\/\/bikepaint.eu\/#website"},"primaryImageOfPage":{"@id":"https:\/\/bikepaint.eu\/produkt\/estarli-thunder-grey\/#primaryimage"},"image":{"@id":"https:\/\/bikepaint.eu\/produkt\/estarli-thunder-grey\/#primaryimage"},"thumbnailUrl":"https:\/\/bikepaint.eu\/wp-content\/uploads\/2023\/08\/ESTARLI-THUNDER-GREY.webp","datePublished":"2023-08-09T12:02:38+00:00","dateModified":"2026-01-07T00:12:44+00:00","description":"ESTARLI - GRIS TRUENO. La pintura para bicicletas THUNDER GREY ha sido certificada con muestras de color exactas aprobadas por el fabricante, lo que garantiza una combinaci\u00f3n perfecta con su bicicleta.","breadcrumb":{"@id":"https:\/\/bikepaint.eu\/produkt\/estarli-thunder-grey\/#breadcrumb"},"inLanguage":"es","potentialAction":[{"@type":"ReadAction","target":["https:\/\/bikepaint.eu\/produkt\/estarli-thunder-grey\/"]}]},{"@type":"ImageObject","inLanguage":"es","@id":"https:\/\/bikepaint.eu\/produkt\/estarli-thunder-grey\/#primaryimage","url":"https:\/\/bikepaint.eu\/wp-content\/uploads\/2023\/08\/ESTARLI-THUNDER-GREY.webp","contentUrl":"https:\/\/bikepaint.eu\/wp-content\/uploads\/2023\/08\/ESTARLI-THUNDER-GREY.webp","width":1162,"height":1965,"caption":"ESTARLI - THUNDER GREY"},{"@type":"BreadcrumbList","@id":"https:\/\/bikepaint.eu\/produkt\/estarli-thunder-grey\/#breadcrumb","itemListElement":[{"@type":"ListItem","position":1,"name":"Home","item":"https:\/\/bikepaint.eu\/"},{"@type":"ListItem","position":2,"name":"Butik","item":"https:\/\/bikepaint.eu\/butik\/"},{"@type":"ListItem","position":3,"name":"ESTARLI &#8211; THUNDER GREY"}]},{"@type":"WebSite","@id":"https:\/\/bikepaint.eu\/#website","url":"https:\/\/bikepaint.eu\/","name":"Gpaint","description":"","publisher":{"@id":"https:\/\/bikepaint.eu\/#organization"},"potentialAction":[{"@type":"SearchAction","target":{"@type":"EntryPoint","urlTemplate":"https:\/\/bikepaint.eu\/?s={search_term_string}"},"query-input":{"@type":"PropertyValueSpecification","valueRequired":true,"valueName":"search_term_string"}}],"inLanguage":"es"},{"@type":"Organization","@id":"https:\/\/bikepaint.eu\/#organization","name":"Gpaint","url":"https:\/\/bikepaint.eu\/","logo":{"@type":"ImageObject","inLanguage":"es","@id":"https:\/\/bikepaint.eu\/#\/schema\/logo\/image\/","url":"https:\/\/bikepaint.eu\/wp-content\/uploads\/2023\/08\/gpaint.png","contentUrl":"https:\/\/bikepaint.eu\/wp-content\/uploads\/2023\/08\/gpaint.png","width":500,"height":123,"caption":"Gpaint"},"image":{"@id":"https:\/\/bikepaint.eu\/#\/schema\/logo\/image\/"}}]}},"jetpack_sharing_enabled":true,"_links":{"self":[{"href":"https:\/\/bikepaint.eu\/es\/wp-json\/wp\/v2\/product\/371","targetHints":{"allow":["GET"]}}],"collection":[{"href":"https:\/\/bikepaint.eu\/es\/wp-json\/wp\/v2\/product"}],"about":[{"href":"https:\/\/bikepaint.eu\/es\/wp-json\/wp\/v2\/types\/product"}],"replies":[{"embeddable":true,"href":"https:\/\/bikepaint.eu\/es\/wp-json\/wp\/v2\/comments?post=371"}],"wp:featuredmedia":[{"embeddable":true,"href":"https:\/\/bikepaint.eu\/es\/wp-json\/wp\/v2\/media\/372"}],"wp:attachment":[{"href":"https:\/\/bikepaint.eu\/es\/wp-json\/wp\/v2\/media?parent=371"}],"wp:term":[{"taxonomy":"product_brand","embeddable":true,"href":"https:\/\/bikepaint.eu\/es\/wp-json\/wp\/v2\/product_brand?post=371"},{"taxonomy":"product_cat","embeddable":true,"href":"https:\/\/bikepaint.eu\/es\/wp-json\/wp\/v2\/product_cat?post=371"},{"taxonomy":"product_tag","embeddable":true,"href":"https:\/\/bikepaint.eu\/es\/wp-json\/wp\/v2\/product_tag?post=371"}],"curies":[{"name":"wp","href":"https:\/\/api.w.org\/{rel}","templated":true}]}}