{"id":373,"date":"2023-08-09T12:04:07","date_gmt":"2023-08-09T12:04:07","guid":{"rendered":"https:\/\/bikepaint.eu\/?post_type=product&#038;p=373"},"modified":"2025-05-29T02:51:00","modified_gmt":"2025-05-29T02:51:00","slug":"estarli-pink-stardust","status":"publish","type":"product","link":"https:\/\/bikepaint.eu\/es\/produkt\/estarli-pink-stardust\/","title":{"rendered":"ESTARLI - POLVO DE ESTRELLAS ROSA"},"content":{"rendered":"<p><strong>COMPRUEBE SU SELECCI\u00d3N DE COLOR ANTES DE REALIZAR EL PEDIDO, CONSULTANDO LA FACTURA DE VENTA ORIGINAL O EL SITIO WEB DEL FABRICANTE.<\/strong><\/p>\n<p><strong>AGITE EL BOTE DURANTE AL MENOS 30 SEGUNDOS PARA MEZCLAR BIEN LA PINTURA ANTES DE USARLA.\u00a0<\/strong><\/p>\n<p>Mezclamos y agitamos la pintura, pero con el tiempo se separar\u00e1, los pigmentos m\u00e1s pesados se hundir\u00e1n hasta el fondo. Por lo tanto, si no agitas el bote, no obtendr\u00e1s el color adecuado.<\/p>\n<p>GPAINT o Estarli no se responsabilizan de la p\u00e9rdida de color o degradaci\u00f3n de la pintura de la moto del propietario debido al paso del tiempo, a la intemperie o a la exposici\u00f3n a entornos adversos y, por lo tanto, no coincida perfectamente con nuestro color de pintura homologado.<\/p>","protected":false},"excerpt":{"rendered":"<p>ESTARLI - POLVO DE ESTRELLAS ROSA<\/p>\n<p>GPAINT, en colaboraci\u00f3n con Estarli, le ofrece ahora pintura de color espec\u00edfico para motocicletas. Todos los productos se han adaptado a las muestras de color aprobadas en f\u00e1brica proporcionadas por el fabricante.<\/p>\n<ul>\n<li>El paquete contiene 1 pintura de retoque de 10 ml de color a juego.<\/li>\n<li>Una soluci\u00f3n integral que requiere\u00a0<strong>NO PRIMER<\/strong>\u00a0y\u00a0<strong>NO LACQUER<\/strong>.<\/li>\n<li>Instrucciones sencillas para una reparaci\u00f3n perfecta.<\/li>\n<li>Secado al tacto en 30 minutos.<\/li>\n<li>Cada frasco contiene un agitador de pintura y un aplicador de plumilla fina.<\/li>\n<li>Para mayor seguridad, cada botella lleva un tap\u00f3n de seguridad a prueba de ni\u00f1os.<\/li>\n<li>Apto para todos los cuadros de bicicleta, acero, aluminio y fibra de carbono.<\/li>\n<\/ul>","protected":false},"featured_media":374,"comment_status":"open","ping_status":"closed","template":"","meta":{"om_disable_all_campaigns":false,"_monsterinsights_skip_tracking":false,"_monsterinsights_sitenote_active":false,"_monsterinsights_sitenote_note":"","_monsterinsights_sitenote_category":0,"_uf_show_specific_survey":0,"_uf_disable_surveys":false},"product_brand":[],"product_cat":[26],"product_tag":[],"class_list":{"0":"post-373","1":"product","2":"type-product","3":"status-publish","4":"has-post-thumbnail","6":"product_cat-estarli","8":"first","9":"instock","10":"taxable","11":"shipping-taxable","12":"purchasable","13":"product-type-simple"},"yoast_head":"<!-- This site is optimized with the Yoast SEO plugin v27.4 - https:\/\/yoast.com\/product\/yoast-seo-wordpress\/ -->\n<title>ESTARLI - PINK STARDUST - Gpaint<\/title>\n<meta name=\"description\" content=\"ESTARLI - PINK STARDUST. Pack contains 1 X 10ml colour-matched touch-up paint.A one-stop solution that requires NO PRIMER and NO LACQUER.\" \/>\n<meta name=\"robots\" content=\"index, follow, max-snippet:-1, max-image-preview:large, max-video-preview:-1\" \/>\n<link rel=\"canonical\" href=\"https:\/\/bikepaint.eu\/es\/produkt\/estarli-pink-stardust\/\" \/>\n<meta property=\"og:locale\" content=\"es_ES\" \/>\n<meta property=\"og:type\" content=\"article\" \/>\n<meta property=\"og:title\" content=\"ESTARLI - PINK STARDUST - Gpaint\" \/>\n<meta property=\"og:description\" content=\"ESTARLI - PINK STARDUST. Pack contains 1 X 10ml colour-matched touch-up paint.A one-stop solution that requires NO PRIMER and NO LACQUER.\" \/>\n<meta property=\"og:url\" content=\"https:\/\/bikepaint.eu\/es\/produkt\/estarli-pink-stardust\/\" \/>\n<meta property=\"og:site_name\" content=\"Gpaint\" \/>\n<meta property=\"article:modified_time\" content=\"2025-05-29T02:51:00+00:00\" \/>\n<meta property=\"og:image\" content=\"https:\/\/bikepaint.eu\/wp-content\/uploads\/2023\/08\/ESTARLI-PINK-STARDUST.webp\" \/>\n\t<meta property=\"og:image:width\" content=\"1162\" \/>\n\t<meta property=\"og:image:height\" content=\"1965\" \/>\n\t<meta property=\"og:image:type\" content=\"image\/webp\" \/>\n<meta name=\"twitter:card\" content=\"summary_large_image\" \/>\n<meta name=\"twitter:label1\" content=\"Tiempo de lectura\" \/>\n\t<meta name=\"twitter:data1\" content=\"1 minuto\" \/>\n<script type=\"application\/ld+json\" class=\"yoast-schema-graph\">{\"@context\":\"https:\\\/\\\/schema.org\",\"@graph\":[{\"@type\":\"WebPage\",\"@id\":\"https:\\\/\\\/bikepaint.eu\\\/produkt\\\/estarli-pink-stardust\\\/\",\"url\":\"https:\\\/\\\/bikepaint.eu\\\/produkt\\\/estarli-pink-stardust\\\/\",\"name\":\"ESTARLI - PINK STARDUST - Gpaint\",\"isPartOf\":{\"@id\":\"https:\\\/\\\/bikepaint.eu\\\/#website\"},\"primaryImageOfPage\":{\"@id\":\"https:\\\/\\\/bikepaint.eu\\\/produkt\\\/estarli-pink-stardust\\\/#primaryimage\"},\"image\":{\"@id\":\"https:\\\/\\\/bikepaint.eu\\\/produkt\\\/estarli-pink-stardust\\\/#primaryimage\"},\"thumbnailUrl\":\"https:\\\/\\\/bikepaint.eu\\\/wp-content\\\/uploads\\\/2023\\\/08\\\/ESTARLI-PINK-STARDUST.webp\",\"datePublished\":\"2023-08-09T12:04:07+00:00\",\"dateModified\":\"2025-05-29T02:51:00+00:00\",\"description\":\"ESTARLI - PINK STARDUST. Pack contains 1 X 10ml colour-matched touch-up paint.A one-stop solution that requires NO PRIMER and NO LACQUER.\",\"breadcrumb\":{\"@id\":\"https:\\\/\\\/bikepaint.eu\\\/produkt\\\/estarli-pink-stardust\\\/#breadcrumb\"},\"inLanguage\":\"es\",\"potentialAction\":[{\"@type\":\"ReadAction\",\"target\":[\"https:\\\/\\\/bikepaint.eu\\\/produkt\\\/estarli-pink-stardust\\\/\"]}]},{\"@type\":\"ImageObject\",\"inLanguage\":\"es\",\"@id\":\"https:\\\/\\\/bikepaint.eu\\\/produkt\\\/estarli-pink-stardust\\\/#primaryimage\",\"url\":\"https:\\\/\\\/bikepaint.eu\\\/wp-content\\\/uploads\\\/2023\\\/08\\\/ESTARLI-PINK-STARDUST.webp\",\"contentUrl\":\"https:\\\/\\\/bikepaint.eu\\\/wp-content\\\/uploads\\\/2023\\\/08\\\/ESTARLI-PINK-STARDUST.webp\",\"width\":1162,\"height\":1965,\"caption\":\"ESTARLI - PINK STARDUST\"},{\"@type\":\"BreadcrumbList\",\"@id\":\"https:\\\/\\\/bikepaint.eu\\\/produkt\\\/estarli-pink-stardust\\\/#breadcrumb\",\"itemListElement\":[{\"@type\":\"ListItem\",\"position\":1,\"name\":\"Home\",\"item\":\"https:\\\/\\\/bikepaint.eu\\\/\"},{\"@type\":\"ListItem\",\"position\":2,\"name\":\"Butik\",\"item\":\"https:\\\/\\\/bikepaint.eu\\\/butik\\\/\"},{\"@type\":\"ListItem\",\"position\":3,\"name\":\"ESTARLI &#8211; PINK STARDUST\"}]},{\"@type\":\"WebSite\",\"@id\":\"https:\\\/\\\/bikepaint.eu\\\/#website\",\"url\":\"https:\\\/\\\/bikepaint.eu\\\/\",\"name\":\"Gpaint\",\"description\":\"\",\"publisher\":{\"@id\":\"https:\\\/\\\/bikepaint.eu\\\/#organization\"},\"potentialAction\":[{\"@type\":\"SearchAction\",\"target\":{\"@type\":\"EntryPoint\",\"urlTemplate\":\"https:\\\/\\\/bikepaint.eu\\\/?s={search_term_string}\"},\"query-input\":{\"@type\":\"PropertyValueSpecification\",\"valueRequired\":true,\"valueName\":\"search_term_string\"}}],\"inLanguage\":\"es\"},{\"@type\":\"Organization\",\"@id\":\"https:\\\/\\\/bikepaint.eu\\\/#organization\",\"name\":\"Gpaint\",\"url\":\"https:\\\/\\\/bikepaint.eu\\\/\",\"logo\":{\"@type\":\"ImageObject\",\"inLanguage\":\"es\",\"@id\":\"https:\\\/\\\/bikepaint.eu\\\/#\\\/schema\\\/logo\\\/image\\\/\",\"url\":\"https:\\\/\\\/bikepaint.eu\\\/wp-content\\\/uploads\\\/2023\\\/08\\\/gpaint.png\",\"contentUrl\":\"https:\\\/\\\/bikepaint.eu\\\/wp-content\\\/uploads\\\/2023\\\/08\\\/gpaint.png\",\"width\":500,\"height\":123,\"caption\":\"Gpaint\"},\"image\":{\"@id\":\"https:\\\/\\\/bikepaint.eu\\\/#\\\/schema\\\/logo\\\/image\\\/\"}}]}<\/script>\n<!-- \/ Yoast SEO plugin. -->","yoast_head_json":{"title":"ESTARLI - PINK STARDUST - Gpaint","description":"ESTARLI - POLVO DE ESTRELLAS ROSA. El envase contiene 1 x 10 ml de pintura de retoque de color a juego.Una soluci\u00f3n \u00fanica que NO necesita IMPRIMACI\u00d3N ni LACA.","robots":{"index":"index","follow":"follow","max-snippet":"max-snippet:-1","max-image-preview":"max-image-preview:large","max-video-preview":"max-video-preview:-1"},"canonical":"https:\/\/bikepaint.eu\/es\/produkt\/estarli-pink-stardust\/","og_locale":"es_ES","og_type":"article","og_title":"ESTARLI - PINK STARDUST - Gpaint","og_description":"ESTARLI - PINK STARDUST. Pack contains 1 X 10ml colour-matched touch-up paint.A one-stop solution that requires NO PRIMER and NO LACQUER.","og_url":"https:\/\/bikepaint.eu\/es\/produkt\/estarli-pink-stardust\/","og_site_name":"Gpaint","article_modified_time":"2025-05-29T02:51:00+00:00","og_image":[{"width":1162,"height":1965,"url":"https:\/\/bikepaint.eu\/wp-content\/uploads\/2023\/08\/ESTARLI-PINK-STARDUST.webp","type":"image\/webp"}],"twitter_card":"summary_large_image","twitter_misc":{"Tiempo de lectura":"1 minuto"},"schema":{"@context":"https:\/\/schema.org","@graph":[{"@type":"WebPage","@id":"https:\/\/bikepaint.eu\/produkt\/estarli-pink-stardust\/","url":"https:\/\/bikepaint.eu\/produkt\/estarli-pink-stardust\/","name":"ESTARLI - PINK STARDUST - Gpaint","isPartOf":{"@id":"https:\/\/bikepaint.eu\/#website"},"primaryImageOfPage":{"@id":"https:\/\/bikepaint.eu\/produkt\/estarli-pink-stardust\/#primaryimage"},"image":{"@id":"https:\/\/bikepaint.eu\/produkt\/estarli-pink-stardust\/#primaryimage"},"thumbnailUrl":"https:\/\/bikepaint.eu\/wp-content\/uploads\/2023\/08\/ESTARLI-PINK-STARDUST.webp","datePublished":"2023-08-09T12:04:07+00:00","dateModified":"2025-05-29T02:51:00+00:00","description":"ESTARLI - POLVO DE ESTRELLAS ROSA. El envase contiene 1 x 10 ml de pintura de retoque de color a juego.Una soluci\u00f3n \u00fanica que NO necesita IMPRIMACI\u00d3N ni LACA.","breadcrumb":{"@id":"https:\/\/bikepaint.eu\/produkt\/estarli-pink-stardust\/#breadcrumb"},"inLanguage":"es","potentialAction":[{"@type":"ReadAction","target":["https:\/\/bikepaint.eu\/produkt\/estarli-pink-stardust\/"]}]},{"@type":"ImageObject","inLanguage":"es","@id":"https:\/\/bikepaint.eu\/produkt\/estarli-pink-stardust\/#primaryimage","url":"https:\/\/bikepaint.eu\/wp-content\/uploads\/2023\/08\/ESTARLI-PINK-STARDUST.webp","contentUrl":"https:\/\/bikepaint.eu\/wp-content\/uploads\/2023\/08\/ESTARLI-PINK-STARDUST.webp","width":1162,"height":1965,"caption":"ESTARLI - PINK STARDUST"},{"@type":"BreadcrumbList","@id":"https:\/\/bikepaint.eu\/produkt\/estarli-pink-stardust\/#breadcrumb","itemListElement":[{"@type":"ListItem","position":1,"name":"Home","item":"https:\/\/bikepaint.eu\/"},{"@type":"ListItem","position":2,"name":"Butik","item":"https:\/\/bikepaint.eu\/butik\/"},{"@type":"ListItem","position":3,"name":"ESTARLI &#8211; PINK STARDUST"}]},{"@type":"WebSite","@id":"https:\/\/bikepaint.eu\/#website","url":"https:\/\/bikepaint.eu\/","name":"Gpaint","description":"","publisher":{"@id":"https:\/\/bikepaint.eu\/#organization"},"potentialAction":[{"@type":"SearchAction","target":{"@type":"EntryPoint","urlTemplate":"https:\/\/bikepaint.eu\/?s={search_term_string}"},"query-input":{"@type":"PropertyValueSpecification","valueRequired":true,"valueName":"search_term_string"}}],"inLanguage":"es"},{"@type":"Organization","@id":"https:\/\/bikepaint.eu\/#organization","name":"Gpaint","url":"https:\/\/bikepaint.eu\/","logo":{"@type":"ImageObject","inLanguage":"es","@id":"https:\/\/bikepaint.eu\/#\/schema\/logo\/image\/","url":"https:\/\/bikepaint.eu\/wp-content\/uploads\/2023\/08\/gpaint.png","contentUrl":"https:\/\/bikepaint.eu\/wp-content\/uploads\/2023\/08\/gpaint.png","width":500,"height":123,"caption":"Gpaint"},"image":{"@id":"https:\/\/bikepaint.eu\/#\/schema\/logo\/image\/"}}]}},"jetpack_sharing_enabled":true,"_links":{"self":[{"href":"https:\/\/bikepaint.eu\/es\/wp-json\/wp\/v2\/product\/373","targetHints":{"allow":["GET"]}}],"collection":[{"href":"https:\/\/bikepaint.eu\/es\/wp-json\/wp\/v2\/product"}],"about":[{"href":"https:\/\/bikepaint.eu\/es\/wp-json\/wp\/v2\/types\/product"}],"replies":[{"embeddable":true,"href":"https:\/\/bikepaint.eu\/es\/wp-json\/wp\/v2\/comments?post=373"}],"wp:featuredmedia":[{"embeddable":true,"href":"https:\/\/bikepaint.eu\/es\/wp-json\/wp\/v2\/media\/374"}],"wp:attachment":[{"href":"https:\/\/bikepaint.eu\/es\/wp-json\/wp\/v2\/media?parent=373"}],"wp:term":[{"taxonomy":"product_brand","embeddable":true,"href":"https:\/\/bikepaint.eu\/es\/wp-json\/wp\/v2\/product_brand?post=373"},{"taxonomy":"product_cat","embeddable":true,"href":"https:\/\/bikepaint.eu\/es\/wp-json\/wp\/v2\/product_cat?post=373"},{"taxonomy":"product_tag","embeddable":true,"href":"https:\/\/bikepaint.eu\/es\/wp-json\/wp\/v2\/product_tag?post=373"}],"curies":[{"name":"wp","href":"https:\/\/api.w.org\/{rel}","templated":true}]}}