{"id":261,"date":"2023-08-09T10:30:51","date_gmt":"2023-08-09T10:30:51","guid":{"rendered":"https:\/\/bikepaint.eu\/?post_type=product&#038;p=261"},"modified":"2025-12-03T23:00:51","modified_gmt":"2025-12-03T23:00:51","slug":"vitus-octane-red-tc11849-closest-match","status":"publish","type":"product","link":"https:\/\/bikepaint.eu\/it\/produkt\/vitus-octane-red-tc11849-corrispondenza-piu-vicina\/","title":{"rendered":"VITUS OCTANE RED - TC11849 (CORRISPONDENZA PI\u00d9 VICINA*)"},"content":{"rendered":"<div class=\"product__description rte quick-add-hidden\">\n<p><strong>PRIMA DI EFFETTUARE L'ORDINE, VERIFICARE LA SCELTA DEL COLORE, FACENDO RIFERIMENTO ALLA FATTURA DI VENDITA ORIGINALE O CONSULTANDO IL SITO WEB DEL PRODUTTORE.<\/strong><\/p>\n<p><strong>PRIMA DELL'USO, AGITARE IL FLACONE PER ALMENO 30 SECONDI PER MISCELARE COMPLETAMENTE LA VERNICE.\u00a0<\/strong><\/p>\n<p>Mescoliamo e agitiamo la vernice, ma col tempo si separa e i pigmenti pi\u00f9 pesanti affondano sul fondo. Pertanto, se non si agita la bottiglia, non si otterr\u00e0 il colore giusto.<\/p>\n<p>GPAINT o Vitus Bikes non possono assumersi la responsabilit\u00e0 se la bicicletta del proprietario subisce uno sbiadimento o un degrado della vernice a causa dell'et\u00e0, degli agenti atmosferici o dell'esposizione ad ambienti difficili, e quindi non corrisponde perfettamente al colore approvato.<\/p>\n<p><strong>* A CAUSA DEL COMPLESSO EFFETTO MULTISTRATO CHE QUESTO COLORE OFFRE, \u00c8 SCIENTIFICAMENTE IMPOSSIBILE REPLICARE GLI STRATI ALL'INTERNO DELL'EFFETTO IN UNA SINGOLA VERNICE PER RITOCCHI. QUESTA \u00c8 LA CORRISPONDENZA PI\u00d9 VICINA POSSIBILE CHE POSSIAMO ASPETTARCI DI OTTENERE. (VEDERE LE IMMAGINI PER UN ESEMPIO DI VERNICIATURA MULTISTRATO)<\/strong><\/p>\n<\/div>\n<div id=\"price-template--17983945015590__main\" class=\"no-js-hidden\" role=\"status\">\n<div class=\"price price--large price--show-badge\"><\/p>\n<div class=\"price__container\">\n<div class=\"price__regular\"><\/div>\n<\/div>\n<\/div>\n<\/div>","protected":false},"excerpt":{"rendered":"<p><strong>TC118-49<\/strong><\/p>\n<p>GPAINT, in collaborazione con Vitus Bikes, vi offre ora una vernice abbinata al colore specifico della bicicletta. Tutti i prodotti sono stati abbinati a campioni di colore approvati dalla fabbrica e forniti dal produttore.<\/p>\n<ul>\n<li>La confezione contiene 1 X 10ml di vernice per ritocchi in tinta.<\/li>\n<li>Una soluzione unica che richiede\u00a0<strong>NO PRIMER<\/strong>\u00a0e\u00a0<strong>NO LACCA<\/strong>.<\/li>\n<li>Istruzioni semplici da seguire per una riparazione perfetta.<\/li>\n<li>Asciugare al tatto in 30 minuti.<\/li>\n<li>Ogni flacone contiene un agitatore di vernice e un applicatore a punta fine.<\/li>\n<li>Per sicurezza, ogni bottiglia \u00e8 dotata di un tappo di sicurezza a prova di bambino.<\/li>\n<li>Adatto a tutti i telai di biciclette, in acciaio, alluminio e fibra di carbonio.<\/li>\n<\/ul>","protected":false},"featured_media":264,"comment_status":"open","ping_status":"closed","template":"","meta":{"om_disable_all_campaigns":false,"_monsterinsights_skip_tracking":false,"_monsterinsights_sitenote_active":false,"_monsterinsights_sitenote_note":"","_monsterinsights_sitenote_category":0,"_uf_show_specific_survey":0,"_uf_disable_surveys":false},"product_brand":[],"product_cat":[22],"product_tag":[],"class_list":{"0":"post-261","1":"product","2":"type-product","3":"status-publish","4":"has-post-thumbnail","6":"product_cat-vitus","8":"first","9":"instock","10":"taxable","11":"shipping-taxable","12":"purchasable","13":"product-type-simple"},"yoast_head":"<!-- This site is optimized with the Yoast SEO plugin v27.6 - https:\/\/yoast.com\/product\/yoast-seo-wordpress\/ -->\n<title>VITUS OCTANE RED - TC11849 (CLOSEST MATCH*) - Gpaint<\/title>\n<meta name=\"description\" content=\"VITUS OCTANE RED - TC11849 (CLOSEST MATCH*). PAINT in collaboration with Vitus Bikes, now brings you bike specific colour-matched paint.\" \/>\n<meta name=\"robots\" content=\"index, follow, max-snippet:-1, max-image-preview:large, max-video-preview:-1\" \/>\n<link rel=\"canonical\" href=\"https:\/\/bikepaint.eu\/it\/produkt\/vitus-octane-red-tc11849-corrispondenza-piu-vicina\/\" \/>\n<meta property=\"og:locale\" content=\"it_IT\" \/>\n<meta property=\"og:type\" content=\"article\" \/>\n<meta property=\"og:title\" content=\"VITUS OCTANE RED - TC11849 (CLOSEST MATCH*) - Gpaint\" \/>\n<meta property=\"og:description\" content=\"VITUS OCTANE RED - TC11849 (CLOSEST MATCH*). PAINT in collaboration with Vitus Bikes, now brings you bike specific colour-matched paint.\" \/>\n<meta property=\"og:url\" content=\"https:\/\/bikepaint.eu\/it\/produkt\/vitus-octane-red-tc11849-corrispondenza-piu-vicina\/\" \/>\n<meta property=\"og:site_name\" content=\"Gpaint\" \/>\n<meta property=\"article:modified_time\" content=\"2025-12-03T23:00:51+00:00\" \/>\n<meta property=\"og:image\" content=\"https:\/\/bikepaint.eu\/wp-content\/uploads\/2023\/08\/VITUS-OCTANE-RED-TC11849-CLOSEST-MATCH.webp\" \/>\n\t<meta property=\"og:image:width\" content=\"1162\" \/>\n\t<meta property=\"og:image:height\" content=\"1965\" \/>\n\t<meta property=\"og:image:type\" content=\"image\/webp\" \/>\n<meta name=\"twitter:card\" content=\"summary_large_image\" \/>\n<meta name=\"twitter:label1\" content=\"Tempo di lettura stimato\" \/>\n\t<meta name=\"twitter:data1\" content=\"1 minuto\" \/>\n<script type=\"application\/ld+json\" class=\"yoast-schema-graph\">{\"@context\":\"https:\\\/\\\/schema.org\",\"@graph\":[{\"@type\":\"WebPage\",\"@id\":\"https:\\\/\\\/bikepaint.eu\\\/produkt\\\/vitus-octane-red-tc11849-closest-match\\\/\",\"url\":\"https:\\\/\\\/bikepaint.eu\\\/produkt\\\/vitus-octane-red-tc11849-closest-match\\\/\",\"name\":\"VITUS OCTANE RED - TC11849 (CLOSEST MATCH*) - Gpaint\",\"isPartOf\":{\"@id\":\"https:\\\/\\\/bikepaint.eu\\\/#website\"},\"primaryImageOfPage\":{\"@id\":\"https:\\\/\\\/bikepaint.eu\\\/produkt\\\/vitus-octane-red-tc11849-closest-match\\\/#primaryimage\"},\"image\":{\"@id\":\"https:\\\/\\\/bikepaint.eu\\\/produkt\\\/vitus-octane-red-tc11849-closest-match\\\/#primaryimage\"},\"thumbnailUrl\":\"https:\\\/\\\/bikepaint.eu\\\/wp-content\\\/uploads\\\/2023\\\/08\\\/VITUS-OCTANE-RED-TC11849-CLOSEST-MATCH.webp\",\"datePublished\":\"2023-08-09T10:30:51+00:00\",\"dateModified\":\"2025-12-03T23:00:51+00:00\",\"description\":\"VITUS OCTANE RED - TC11849 (CLOSEST MATCH*). PAINT in collaboration with Vitus Bikes, now brings you bike specific colour-matched paint.\",\"breadcrumb\":{\"@id\":\"https:\\\/\\\/bikepaint.eu\\\/produkt\\\/vitus-octane-red-tc11849-closest-match\\\/#breadcrumb\"},\"inLanguage\":\"it-IT\",\"potentialAction\":[{\"@type\":\"ReadAction\",\"target\":[\"https:\\\/\\\/bikepaint.eu\\\/produkt\\\/vitus-octane-red-tc11849-closest-match\\\/\"]}]},{\"@type\":\"ImageObject\",\"inLanguage\":\"it-IT\",\"@id\":\"https:\\\/\\\/bikepaint.eu\\\/produkt\\\/vitus-octane-red-tc11849-closest-match\\\/#primaryimage\",\"url\":\"https:\\\/\\\/bikepaint.eu\\\/wp-content\\\/uploads\\\/2023\\\/08\\\/VITUS-OCTANE-RED-TC11849-CLOSEST-MATCH.webp\",\"contentUrl\":\"https:\\\/\\\/bikepaint.eu\\\/wp-content\\\/uploads\\\/2023\\\/08\\\/VITUS-OCTANE-RED-TC11849-CLOSEST-MATCH.webp\",\"width\":1162,\"height\":1965,\"caption\":\"VITUS OCTANE RED - TC11849 (CLOSEST MATCH*)\"},{\"@type\":\"BreadcrumbList\",\"@id\":\"https:\\\/\\\/bikepaint.eu\\\/produkt\\\/vitus-octane-red-tc11849-closest-match\\\/#breadcrumb\",\"itemListElement\":[{\"@type\":\"ListItem\",\"position\":1,\"name\":\"Home\",\"item\":\"https:\\\/\\\/bikepaint.eu\\\/\"},{\"@type\":\"ListItem\",\"position\":2,\"name\":\"Butik\",\"item\":\"https:\\\/\\\/bikepaint.eu\\\/butik\\\/\"},{\"@type\":\"ListItem\",\"position\":3,\"name\":\"VITUS OCTANE RED &#8211; TC11849 (CLOSEST MATCH*)\"}]},{\"@type\":\"WebSite\",\"@id\":\"https:\\\/\\\/bikepaint.eu\\\/#website\",\"url\":\"https:\\\/\\\/bikepaint.eu\\\/\",\"name\":\"Gpaint\",\"description\":\"\",\"publisher\":{\"@id\":\"https:\\\/\\\/bikepaint.eu\\\/#organization\"},\"potentialAction\":[{\"@type\":\"SearchAction\",\"target\":{\"@type\":\"EntryPoint\",\"urlTemplate\":\"https:\\\/\\\/bikepaint.eu\\\/?s={search_term_string}\"},\"query-input\":{\"@type\":\"PropertyValueSpecification\",\"valueRequired\":true,\"valueName\":\"search_term_string\"}}],\"inLanguage\":\"it-IT\"},{\"@type\":\"Organization\",\"@id\":\"https:\\\/\\\/bikepaint.eu\\\/#organization\",\"name\":\"Gpaint\",\"url\":\"https:\\\/\\\/bikepaint.eu\\\/\",\"logo\":{\"@type\":\"ImageObject\",\"inLanguage\":\"it-IT\",\"@id\":\"https:\\\/\\\/bikepaint.eu\\\/#\\\/schema\\\/logo\\\/image\\\/\",\"url\":\"https:\\\/\\\/bikepaint.eu\\\/wp-content\\\/uploads\\\/2023\\\/08\\\/gpaint.png\",\"contentUrl\":\"https:\\\/\\\/bikepaint.eu\\\/wp-content\\\/uploads\\\/2023\\\/08\\\/gpaint.png\",\"width\":500,\"height\":123,\"caption\":\"Gpaint\"},\"image\":{\"@id\":\"https:\\\/\\\/bikepaint.eu\\\/#\\\/schema\\\/logo\\\/image\\\/\"}}]}<\/script>\n<!-- \/ Yoast SEO plugin. -->","yoast_head_json":{"title":"VITUS OCTANE RED - TC11849 (PARTITA PI\u00d9 VICINA*) - Gpaint","description":"VITUS OCTANE RED - TC11849 (CORRISPONDENZA PI\u00d9 VICINA*). PAINT, in collaborazione con Vitus Bikes, offre ora una vernice specifica per la bicicletta.","robots":{"index":"index","follow":"follow","max-snippet":"max-snippet:-1","max-image-preview":"max-image-preview:large","max-video-preview":"max-video-preview:-1"},"canonical":"https:\/\/bikepaint.eu\/it\/produkt\/vitus-octane-red-tc11849-corrispondenza-piu-vicina\/","og_locale":"it_IT","og_type":"article","og_title":"VITUS OCTANE RED - TC11849 (CLOSEST MATCH*) - Gpaint","og_description":"VITUS OCTANE RED - TC11849 (CLOSEST MATCH*). PAINT in collaboration with Vitus Bikes, now brings you bike specific colour-matched paint.","og_url":"https:\/\/bikepaint.eu\/it\/produkt\/vitus-octane-red-tc11849-corrispondenza-piu-vicina\/","og_site_name":"Gpaint","article_modified_time":"2025-12-03T23:00:51+00:00","og_image":[{"width":1162,"height":1965,"url":"https:\/\/bikepaint.eu\/wp-content\/uploads\/2023\/08\/VITUS-OCTANE-RED-TC11849-CLOSEST-MATCH.webp","type":"image\/webp"}],"twitter_card":"summary_large_image","twitter_misc":{"Tempo di lettura stimato":"1 minuto"},"schema":{"@context":"https:\/\/schema.org","@graph":[{"@type":"WebPage","@id":"https:\/\/bikepaint.eu\/produkt\/vitus-octane-red-tc11849-closest-match\/","url":"https:\/\/bikepaint.eu\/produkt\/vitus-octane-red-tc11849-closest-match\/","name":"VITUS OCTANE RED - TC11849 (PARTITA PI\u00d9 VICINA*) - Gpaint","isPartOf":{"@id":"https:\/\/bikepaint.eu\/#website"},"primaryImageOfPage":{"@id":"https:\/\/bikepaint.eu\/produkt\/vitus-octane-red-tc11849-closest-match\/#primaryimage"},"image":{"@id":"https:\/\/bikepaint.eu\/produkt\/vitus-octane-red-tc11849-closest-match\/#primaryimage"},"thumbnailUrl":"https:\/\/bikepaint.eu\/wp-content\/uploads\/2023\/08\/VITUS-OCTANE-RED-TC11849-CLOSEST-MATCH.webp","datePublished":"2023-08-09T10:30:51+00:00","dateModified":"2025-12-03T23:00:51+00:00","description":"VITUS OCTANE RED - TC11849 (CORRISPONDENZA PI\u00d9 VICINA*). PAINT, in collaborazione con Vitus Bikes, offre ora una vernice specifica per la bicicletta.","breadcrumb":{"@id":"https:\/\/bikepaint.eu\/produkt\/vitus-octane-red-tc11849-closest-match\/#breadcrumb"},"inLanguage":"it-IT","potentialAction":[{"@type":"ReadAction","target":["https:\/\/bikepaint.eu\/produkt\/vitus-octane-red-tc11849-closest-match\/"]}]},{"@type":"ImageObject","inLanguage":"it-IT","@id":"https:\/\/bikepaint.eu\/produkt\/vitus-octane-red-tc11849-closest-match\/#primaryimage","url":"https:\/\/bikepaint.eu\/wp-content\/uploads\/2023\/08\/VITUS-OCTANE-RED-TC11849-CLOSEST-MATCH.webp","contentUrl":"https:\/\/bikepaint.eu\/wp-content\/uploads\/2023\/08\/VITUS-OCTANE-RED-TC11849-CLOSEST-MATCH.webp","width":1162,"height":1965,"caption":"VITUS OCTANE RED - TC11849 (CLOSEST MATCH*)"},{"@type":"BreadcrumbList","@id":"https:\/\/bikepaint.eu\/produkt\/vitus-octane-red-tc11849-closest-match\/#breadcrumb","itemListElement":[{"@type":"ListItem","position":1,"name":"Home","item":"https:\/\/bikepaint.eu\/"},{"@type":"ListItem","position":2,"name":"Butik","item":"https:\/\/bikepaint.eu\/butik\/"},{"@type":"ListItem","position":3,"name":"VITUS OCTANE RED &#8211; TC11849 (CLOSEST MATCH*)"}]},{"@type":"WebSite","@id":"https:\/\/bikepaint.eu\/#website","url":"https:\/\/bikepaint.eu\/","name":"Gpaint","description":"","publisher":{"@id":"https:\/\/bikepaint.eu\/#organization"},"potentialAction":[{"@type":"SearchAction","target":{"@type":"EntryPoint","urlTemplate":"https:\/\/bikepaint.eu\/?s={search_term_string}"},"query-input":{"@type":"PropertyValueSpecification","valueRequired":true,"valueName":"search_term_string"}}],"inLanguage":"it-IT"},{"@type":"Organization","@id":"https:\/\/bikepaint.eu\/#organization","name":"Gpaint","url":"https:\/\/bikepaint.eu\/","logo":{"@type":"ImageObject","inLanguage":"it-IT","@id":"https:\/\/bikepaint.eu\/#\/schema\/logo\/image\/","url":"https:\/\/bikepaint.eu\/wp-content\/uploads\/2023\/08\/gpaint.png","contentUrl":"https:\/\/bikepaint.eu\/wp-content\/uploads\/2023\/08\/gpaint.png","width":500,"height":123,"caption":"Gpaint"},"image":{"@id":"https:\/\/bikepaint.eu\/#\/schema\/logo\/image\/"}}]}},"jetpack_sharing_enabled":true,"_links":{"self":[{"href":"https:\/\/bikepaint.eu\/it\/wp-json\/wp\/v2\/product\/261","targetHints":{"allow":["GET"]}}],"collection":[{"href":"https:\/\/bikepaint.eu\/it\/wp-json\/wp\/v2\/product"}],"about":[{"href":"https:\/\/bikepaint.eu\/it\/wp-json\/wp\/v2\/types\/product"}],"replies":[{"embeddable":true,"href":"https:\/\/bikepaint.eu\/it\/wp-json\/wp\/v2\/comments?post=261"}],"wp:featuredmedia":[{"embeddable":true,"href":"https:\/\/bikepaint.eu\/it\/wp-json\/wp\/v2\/media\/264"}],"wp:attachment":[{"href":"https:\/\/bikepaint.eu\/it\/wp-json\/wp\/v2\/media?parent=261"}],"wp:term":[{"taxonomy":"product_brand","embeddable":true,"href":"https:\/\/bikepaint.eu\/it\/wp-json\/wp\/v2\/product_brand?post=261"},{"taxonomy":"product_cat","embeddable":true,"href":"https:\/\/bikepaint.eu\/it\/wp-json\/wp\/v2\/product_cat?post=261"},{"taxonomy":"product_tag","embeddable":true,"href":"https:\/\/bikepaint.eu\/it\/wp-json\/wp\/v2\/product_tag?post=261"}],"curies":[{"name":"wp","href":"https:\/\/api.w.org\/{rel}","templated":true}]}}