{"id":371,"date":"2023-08-09T12:02:38","date_gmt":"2023-08-09T12:02:38","guid":{"rendered":"https:\/\/bikepaint.eu\/?post_type=product&#038;p=371"},"modified":"2026-01-07T00:12:44","modified_gmt":"2026-01-07T00:12:44","slug":"estarli-thunder-grey","status":"publish","type":"product","link":"https:\/\/bikepaint.eu\/sv\/produkt\/estarli-askgra\/","title":{"rendered":"ESTARLI - \u00c5SKGR\u00c5"},"content":{"rendered":"<div class=\"product__description rte quick-add-hidden\">\n<p>Innan du best\u00e4ller \u00e4r det klokt att dubbelkontrollera f\u00e4rgvalet, antingen genom att titta p\u00e5 fakturan eller bes\u00f6ka tillverkarens webbplats.<\/p>\n<p>Att skaka beh\u00e5llaren \u00e4r n\u00f6dv\u00e4ndigt f\u00f6r att uppn\u00e5 \u00f6nskad nyans, eftersom ingredienserna annars kommer att separera och de tyngre partiklarna kommer att l\u00e4gga sig p\u00e5 botten. Att blanda och r\u00f6ra om f\u00e4rgen i f\u00f6rv\u00e4g \u00e4r ett m\u00e5ste.<\/p>\n<p>GPAINT eller Estarli kan inte garantera livsl\u00e4ngden f\u00f6r f\u00e4rgblekning eller nedbrytningsbest\u00e4ndighet som kan uppst\u00e5 till f\u00f6ljd av \u00e5lder, v\u00e4der eller exponering f\u00f6r h\u00e5rda milj\u00f6er, vilket kan orsaka f\u00e4rgmatchning med den godk\u00e4nda f\u00e4rgmatchade nyansen.<\/p>\n<\/div>\n<div id=\"price-template--17983945015590__main\" class=\"no-js-hidden\" role=\"status\">\n<div class=\"price price--large price--show-badge\"><\/p>\n<div class=\"price__container\">\n<div class=\"price__regular\"><\/div>\n<\/div>\n<\/div>\n<\/div>","protected":false},"excerpt":{"rendered":"<p><strong>ESTARLI - \u00c5SKGR\u00c5<\/strong><\/p>\n<p>ESTRALIs cykelf\u00e4rg THUNDER GREY har certifierats enligt exakta f\u00e4rgprover som godk\u00e4nts av tillverkaren, vilket garanterar en perfekt matchning med din cykel. GPAINTs exakta f\u00e4rgmatchningsprocess s\u00e4kerst\u00e4ller att din cykel ser ut som ny.<\/p>\n<ul>\n<li>F\u00f6rpackningen inneh\u00e5ller 1 X 10 ml<\/li>\n<li>f\u00e4rgmatchad b\u00e4ttringsf\u00e4rg.<\/li>\n<li>En helhetsl\u00f6sning som kr\u00e4ver\u00a0<strong>INGEN PRIMER<\/strong>\u00a0och\u00a0<strong>INGEN LACQUER<\/strong>.<\/li>\n<li>Enkelt att f\u00f6lja instruktionerna f\u00f6r en perfekt reparation.<\/li>\n<li>Touch dry inom 30 minuter.<\/li>\n<li>Varje flaska inneh\u00e5ller en f\u00e4rgblandare och en applikator med fin spets.<\/li>\n<li>F\u00f6r s\u00e4kerhets skull \u00e4r varje flaska f\u00f6rsedd med ett barns\u00e4kert s\u00e4kerhetslock.<\/li>\n<li>L\u00e4mplig f\u00f6r alla cykelramar, st\u00e5l, aluminium och kolfiber.<\/li>\n<\/ul>","protected":false},"featured_media":372,"comment_status":"open","ping_status":"closed","template":"","meta":{"om_disable_all_campaigns":false,"_monsterinsights_skip_tracking":false,"_monsterinsights_sitenote_active":false,"_monsterinsights_sitenote_note":"","_monsterinsights_sitenote_category":0,"_uf_show_specific_survey":0,"_uf_disable_surveys":false},"product_brand":[],"product_cat":[26],"product_tag":[],"class_list":{"0":"post-371","1":"product","2":"type-product","3":"status-publish","4":"has-post-thumbnail","6":"product_cat-estarli","8":"first","9":"instock","10":"taxable","11":"shipping-taxable","12":"purchasable","13":"product-type-simple"},"yoast_head":"<!-- This site is optimized with the Yoast SEO plugin v27.6 - https:\/\/yoast.com\/product\/yoast-seo-wordpress\/ -->\n<title>ESTARLI - THUNDER GREY - Gpaint<\/title>\n<meta name=\"description\" content=\"ESTARLI - THUNDER GREY. THUNDER GREY bike paint has been certified to exact manufacturer-approved colour samples, ensuring a perfect match to your bike.\" \/>\n<meta name=\"robots\" content=\"index, follow, max-snippet:-1, max-image-preview:large, max-video-preview:-1\" \/>\n<link rel=\"canonical\" href=\"https:\/\/bikepaint.eu\/sv\/produkt\/estarli-askgra\/\" \/>\n<meta property=\"og:locale\" content=\"sv_SE\" \/>\n<meta property=\"og:type\" content=\"article\" \/>\n<meta property=\"og:title\" content=\"ESTARLI - THUNDER GREY - Gpaint\" \/>\n<meta property=\"og:description\" content=\"ESTARLI - THUNDER GREY. THUNDER GREY bike paint has been certified to exact manufacturer-approved colour samples, ensuring a perfect match to your bike.\" \/>\n<meta property=\"og:url\" content=\"https:\/\/bikepaint.eu\/sv\/produkt\/estarli-askgra\/\" \/>\n<meta property=\"og:site_name\" content=\"Gpaint\" \/>\n<meta property=\"article:modified_time\" content=\"2026-01-07T00:12:44+00:00\" \/>\n<meta property=\"og:image\" content=\"https:\/\/bikepaint.eu\/wp-content\/uploads\/2023\/08\/ESTARLI-THUNDER-GREY.webp\" \/>\n\t<meta property=\"og:image:width\" content=\"1162\" \/>\n\t<meta property=\"og:image:height\" content=\"1965\" \/>\n\t<meta property=\"og:image:type\" content=\"image\/webp\" \/>\n<meta name=\"twitter:card\" content=\"summary_large_image\" \/>\n<meta name=\"twitter:label1\" content=\"Ber\u00e4knad l\u00e4stid\" \/>\n\t<meta name=\"twitter:data1\" content=\"1 minut\" \/>\n<script type=\"application\/ld+json\" class=\"yoast-schema-graph\">{\"@context\":\"https:\\\/\\\/schema.org\",\"@graph\":[{\"@type\":\"WebPage\",\"@id\":\"https:\\\/\\\/bikepaint.eu\\\/produkt\\\/estarli-thunder-grey\\\/\",\"url\":\"https:\\\/\\\/bikepaint.eu\\\/produkt\\\/estarli-thunder-grey\\\/\",\"name\":\"ESTARLI - THUNDER GREY - Gpaint\",\"isPartOf\":{\"@id\":\"https:\\\/\\\/bikepaint.eu\\\/#website\"},\"primaryImageOfPage\":{\"@id\":\"https:\\\/\\\/bikepaint.eu\\\/produkt\\\/estarli-thunder-grey\\\/#primaryimage\"},\"image\":{\"@id\":\"https:\\\/\\\/bikepaint.eu\\\/produkt\\\/estarli-thunder-grey\\\/#primaryimage\"},\"thumbnailUrl\":\"https:\\\/\\\/bikepaint.eu\\\/wp-content\\\/uploads\\\/2023\\\/08\\\/ESTARLI-THUNDER-GREY.webp\",\"datePublished\":\"2023-08-09T12:02:38+00:00\",\"dateModified\":\"2026-01-07T00:12:44+00:00\",\"description\":\"ESTARLI - THUNDER GREY. THUNDER GREY bike paint has been certified to exact manufacturer-approved colour samples, ensuring a perfect match to your bike.\",\"breadcrumb\":{\"@id\":\"https:\\\/\\\/bikepaint.eu\\\/produkt\\\/estarli-thunder-grey\\\/#breadcrumb\"},\"inLanguage\":\"sv-SE\",\"potentialAction\":[{\"@type\":\"ReadAction\",\"target\":[\"https:\\\/\\\/bikepaint.eu\\\/produkt\\\/estarli-thunder-grey\\\/\"]}]},{\"@type\":\"ImageObject\",\"inLanguage\":\"sv-SE\",\"@id\":\"https:\\\/\\\/bikepaint.eu\\\/produkt\\\/estarli-thunder-grey\\\/#primaryimage\",\"url\":\"https:\\\/\\\/bikepaint.eu\\\/wp-content\\\/uploads\\\/2023\\\/08\\\/ESTARLI-THUNDER-GREY.webp\",\"contentUrl\":\"https:\\\/\\\/bikepaint.eu\\\/wp-content\\\/uploads\\\/2023\\\/08\\\/ESTARLI-THUNDER-GREY.webp\",\"width\":1162,\"height\":1965,\"caption\":\"ESTARLI - THUNDER GREY\"},{\"@type\":\"BreadcrumbList\",\"@id\":\"https:\\\/\\\/bikepaint.eu\\\/produkt\\\/estarli-thunder-grey\\\/#breadcrumb\",\"itemListElement\":[{\"@type\":\"ListItem\",\"position\":1,\"name\":\"Home\",\"item\":\"https:\\\/\\\/bikepaint.eu\\\/\"},{\"@type\":\"ListItem\",\"position\":2,\"name\":\"Butik\",\"item\":\"https:\\\/\\\/bikepaint.eu\\\/butik\\\/\"},{\"@type\":\"ListItem\",\"position\":3,\"name\":\"ESTARLI &#8211; THUNDER GREY\"}]},{\"@type\":\"WebSite\",\"@id\":\"https:\\\/\\\/bikepaint.eu\\\/#website\",\"url\":\"https:\\\/\\\/bikepaint.eu\\\/\",\"name\":\"Gpaint\",\"description\":\"\",\"publisher\":{\"@id\":\"https:\\\/\\\/bikepaint.eu\\\/#organization\"},\"potentialAction\":[{\"@type\":\"SearchAction\",\"target\":{\"@type\":\"EntryPoint\",\"urlTemplate\":\"https:\\\/\\\/bikepaint.eu\\\/?s={search_term_string}\"},\"query-input\":{\"@type\":\"PropertyValueSpecification\",\"valueRequired\":true,\"valueName\":\"search_term_string\"}}],\"inLanguage\":\"sv-SE\"},{\"@type\":\"Organization\",\"@id\":\"https:\\\/\\\/bikepaint.eu\\\/#organization\",\"name\":\"Gpaint\",\"url\":\"https:\\\/\\\/bikepaint.eu\\\/\",\"logo\":{\"@type\":\"ImageObject\",\"inLanguage\":\"sv-SE\",\"@id\":\"https:\\\/\\\/bikepaint.eu\\\/#\\\/schema\\\/logo\\\/image\\\/\",\"url\":\"https:\\\/\\\/bikepaint.eu\\\/wp-content\\\/uploads\\\/2023\\\/08\\\/gpaint.png\",\"contentUrl\":\"https:\\\/\\\/bikepaint.eu\\\/wp-content\\\/uploads\\\/2023\\\/08\\\/gpaint.png\",\"width\":500,\"height\":123,\"caption\":\"Gpaint\"},\"image\":{\"@id\":\"https:\\\/\\\/bikepaint.eu\\\/#\\\/schema\\\/logo\\\/image\\\/\"}}]}<\/script>\n<!-- \/ Yoast SEO plugin. -->","yoast_head_json":{"title":"ESTARLI - DUNDERGR\u00c5 - Gpaint","description":"ESTARLI - \u00c5SKGR\u00c5. THUNDER GREY cykelf\u00e4rg har certifierats f\u00f6r att exakt motsvara tillverkarens godk\u00e4nda f\u00e4rgprover, vilket garanterar en perfekt matchning till din cykel.","robots":{"index":"index","follow":"follow","max-snippet":"max-snippet:-1","max-image-preview":"max-image-preview:large","max-video-preview":"max-video-preview:-1"},"canonical":"https:\/\/bikepaint.eu\/sv\/produkt\/estarli-askgra\/","og_locale":"sv_SE","og_type":"article","og_title":"ESTARLI - THUNDER GREY - Gpaint","og_description":"ESTARLI - THUNDER GREY. THUNDER GREY bike paint has been certified to exact manufacturer-approved colour samples, ensuring a perfect match to your bike.","og_url":"https:\/\/bikepaint.eu\/sv\/produkt\/estarli-askgra\/","og_site_name":"Gpaint","article_modified_time":"2026-01-07T00:12:44+00:00","og_image":[{"width":1162,"height":1965,"url":"https:\/\/bikepaint.eu\/wp-content\/uploads\/2023\/08\/ESTARLI-THUNDER-GREY.webp","type":"image\/webp"}],"twitter_card":"summary_large_image","twitter_misc":{"Ber\u00e4knad l\u00e4stid":"1 minut"},"schema":{"@context":"https:\/\/schema.org","@graph":[{"@type":"WebPage","@id":"https:\/\/bikepaint.eu\/produkt\/estarli-thunder-grey\/","url":"https:\/\/bikepaint.eu\/produkt\/estarli-thunder-grey\/","name":"ESTARLI - DUNDERGR\u00c5 - Gpaint","isPartOf":{"@id":"https:\/\/bikepaint.eu\/#website"},"primaryImageOfPage":{"@id":"https:\/\/bikepaint.eu\/produkt\/estarli-thunder-grey\/#primaryimage"},"image":{"@id":"https:\/\/bikepaint.eu\/produkt\/estarli-thunder-grey\/#primaryimage"},"thumbnailUrl":"https:\/\/bikepaint.eu\/wp-content\/uploads\/2023\/08\/ESTARLI-THUNDER-GREY.webp","datePublished":"2023-08-09T12:02:38+00:00","dateModified":"2026-01-07T00:12:44+00:00","description":"ESTARLI - \u00c5SKGR\u00c5. THUNDER GREY cykelf\u00e4rg har certifierats f\u00f6r att exakt motsvara tillverkarens godk\u00e4nda f\u00e4rgprover, vilket garanterar en perfekt matchning till din cykel.","breadcrumb":{"@id":"https:\/\/bikepaint.eu\/produkt\/estarli-thunder-grey\/#breadcrumb"},"inLanguage":"sv-SE","potentialAction":[{"@type":"ReadAction","target":["https:\/\/bikepaint.eu\/produkt\/estarli-thunder-grey\/"]}]},{"@type":"ImageObject","inLanguage":"sv-SE","@id":"https:\/\/bikepaint.eu\/produkt\/estarli-thunder-grey\/#primaryimage","url":"https:\/\/bikepaint.eu\/wp-content\/uploads\/2023\/08\/ESTARLI-THUNDER-GREY.webp","contentUrl":"https:\/\/bikepaint.eu\/wp-content\/uploads\/2023\/08\/ESTARLI-THUNDER-GREY.webp","width":1162,"height":1965,"caption":"ESTARLI - THUNDER GREY"},{"@type":"BreadcrumbList","@id":"https:\/\/bikepaint.eu\/produkt\/estarli-thunder-grey\/#breadcrumb","itemListElement":[{"@type":"ListItem","position":1,"name":"Home","item":"https:\/\/bikepaint.eu\/"},{"@type":"ListItem","position":2,"name":"Butik","item":"https:\/\/bikepaint.eu\/butik\/"},{"@type":"ListItem","position":3,"name":"ESTARLI &#8211; THUNDER GREY"}]},{"@type":"WebSite","@id":"https:\/\/bikepaint.eu\/#website","url":"https:\/\/bikepaint.eu\/","name":"Gpaint Cykelf\u00e4rg fr\u00e5n Bikepaint","description":"","publisher":{"@id":"https:\/\/bikepaint.eu\/#organization"},"potentialAction":[{"@type":"SearchAction","target":{"@type":"EntryPoint","urlTemplate":"https:\/\/bikepaint.eu\/?s={search_term_string}"},"query-input":{"@type":"PropertyValueSpecification","valueRequired":true,"valueName":"search_term_string"}}],"inLanguage":"sv-SE"},{"@type":"Organization","@id":"https:\/\/bikepaint.eu\/#organization","name":"Gpaint Cykelf\u00e4rg fr\u00e5n Bikepaint","url":"https:\/\/bikepaint.eu\/","logo":{"@type":"ImageObject","inLanguage":"sv-SE","@id":"https:\/\/bikepaint.eu\/#\/schema\/logo\/image\/","url":"https:\/\/bikepaint.eu\/wp-content\/uploads\/2023\/08\/gpaint.png","contentUrl":"https:\/\/bikepaint.eu\/wp-content\/uploads\/2023\/08\/gpaint.png","width":500,"height":123,"caption":"Gpaint"},"image":{"@id":"https:\/\/bikepaint.eu\/#\/schema\/logo\/image\/"}}]}},"jetpack_sharing_enabled":true,"_links":{"self":[{"href":"https:\/\/bikepaint.eu\/sv\/wp-json\/wp\/v2\/product\/371","targetHints":{"allow":["GET"]}}],"collection":[{"href":"https:\/\/bikepaint.eu\/sv\/wp-json\/wp\/v2\/product"}],"about":[{"href":"https:\/\/bikepaint.eu\/sv\/wp-json\/wp\/v2\/types\/product"}],"replies":[{"embeddable":true,"href":"https:\/\/bikepaint.eu\/sv\/wp-json\/wp\/v2\/comments?post=371"}],"wp:featuredmedia":[{"embeddable":true,"href":"https:\/\/bikepaint.eu\/sv\/wp-json\/wp\/v2\/media\/372"}],"wp:attachment":[{"href":"https:\/\/bikepaint.eu\/sv\/wp-json\/wp\/v2\/media?parent=371"}],"wp:term":[{"taxonomy":"product_brand","embeddable":true,"href":"https:\/\/bikepaint.eu\/sv\/wp-json\/wp\/v2\/product_brand?post=371"},{"taxonomy":"product_cat","embeddable":true,"href":"https:\/\/bikepaint.eu\/sv\/wp-json\/wp\/v2\/product_cat?post=371"},{"taxonomy":"product_tag","embeddable":true,"href":"https:\/\/bikepaint.eu\/sv\/wp-json\/wp\/v2\/product_tag?post=371"}],"curies":[{"name":"wp","href":"https:\/\/api.w.org\/{rel}","templated":true}]}}