{"id":375,"date":"2023-08-09T12:05:45","date_gmt":"2023-08-09T12:05:45","guid":{"rendered":"https:\/\/bikepaint.eu\/?post_type=product&#038;p=375"},"modified":"2025-05-26T06:00:27","modified_gmt":"2025-05-26T06:00:27","slug":"estarli-bolt-blue","status":"publish","type":"product","link":"https:\/\/bikepaint.eu\/sv\/produkt\/estarli-bolt-blue\/","title":{"rendered":"ESTARLI - BLIXTBL\u00c5"},"content":{"rendered":"<p><strong>KONTROLLERA DITT F\u00c4RGVAL INNAN DU BEST\u00c4LLER, GENOM ATT H\u00c4NVISA TILL DEN URSPRUNGLIGA F\u00d6RS\u00c4LJNINGSFAKTURAN ELLER KONTROLLERA MED TILLVERKARENS WEBBPLATS.<\/strong><\/p>\n<p><strong>SE TILL ATT SKAKA FLASKAN I MINST 30 SEKUNDER F\u00d6R ATT BLANDA F\u00c4RGEN ORDENTLIGT F\u00d6RE ANV\u00c4NDNING.\u00a0<\/strong><\/p>\n<p>Vi blandar och r\u00f6r om f\u00e4rgen, men med tiden kommer den att separeras och tyngre pigment sjunker till botten. Om du inte skakar flaskan kommer du d\u00e4rf\u00f6r inte att f\u00e5 r\u00e4tt f\u00e4rg.<\/p>\n<p>GPAINT eller Estarli kan inte ta ansvar f\u00f6r att \u00e4garens cykel drabbas av f\u00e4rgblekning eller nedbrytning p\u00e5 grund av \u00e5lder, v\u00e4der eller exponering f\u00f6r tuffa milj\u00f6er, och d\u00e4rf\u00f6r inte matchar perfekt med v\u00e5r godk\u00e4nda f\u00e4rgmatchade f\u00e4rg.<\/p>","protected":false},"excerpt":{"rendered":"<p>GPAINT i samarbete med Estarli, ger dig nu cykelspecifik f\u00e4rgmatchad f\u00e4rg. Alla produkter har matchats med fabriksgodk\u00e4nda f\u00e4rgprover som tillhandah\u00e5lls av tillverkaren.<\/p>\n<ul>\n<li>F\u00f6rpackningen inneh\u00e5ller 1 X 10 ml f\u00e4rgmatchad b\u00e4ttringsf\u00e4rg.<\/li>\n<li>En helhetsl\u00f6sning som kr\u00e4ver\u00a0<strong>INGEN PRIMER<\/strong>\u00a0och\u00a0<strong>INGEN LACQUER<\/strong>.<\/li>\n<li>Enkelt att f\u00f6lja instruktionerna f\u00f6r en perfekt reparation.<\/li>\n<li>Touch dry inom 30 minuter.<\/li>\n<li>Varje flaska inneh\u00e5ller en f\u00e4rgblandare och en applikator med fin spets.<\/li>\n<li>F\u00f6r s\u00e4kerhets skull \u00e4r varje flaska f\u00f6rsedd med ett barns\u00e4kert s\u00e4kerhetslock.<\/li>\n<li>L\u00e4mplig f\u00f6r alla cykelramar, st\u00e5l, aluminium och kolfiber.<\/li>\n<\/ul>","protected":false},"featured_media":376,"comment_status":"open","ping_status":"closed","template":"","meta":{"om_disable_all_campaigns":false,"_monsterinsights_skip_tracking":false,"_monsterinsights_sitenote_active":false,"_monsterinsights_sitenote_note":"","_monsterinsights_sitenote_category":0,"_uf_show_specific_survey":0,"_uf_disable_surveys":false},"product_brand":[],"product_cat":[26],"product_tag":[],"class_list":{"0":"post-375","1":"product","2":"type-product","3":"status-publish","4":"has-post-thumbnail","6":"product_cat-estarli","8":"first","9":"outofstock","10":"taxable","11":"shipping-taxable","12":"purchasable","13":"product-type-simple"},"yoast_head":"<!-- This site is optimized with the Yoast SEO plugin v27.6 - https:\/\/yoast.com\/product\/yoast-seo-wordpress\/ -->\n<title>ESTARLI - BOLT BLUE - Gpaint<\/title>\n<meta name=\"description\" content=\"ESTARLI - BOLT BLUE. GPAINT in collaboration with Estarli, now brings you bike specific colour-matched paint. Touch dry in 30 minutes.\" \/>\n<meta name=\"robots\" content=\"index, follow, max-snippet:-1, max-image-preview:large, max-video-preview:-1\" \/>\n<link rel=\"canonical\" href=\"https:\/\/bikepaint.eu\/sv\/produkt\/estarli-bolt-blue\/\" \/>\n<meta property=\"og:locale\" content=\"sv_SE\" \/>\n<meta property=\"og:type\" content=\"article\" \/>\n<meta property=\"og:title\" content=\"ESTARLI - BOLT BLUE - Gpaint\" \/>\n<meta property=\"og:description\" content=\"ESTARLI - BOLT BLUE. GPAINT in collaboration with Estarli, now brings you bike specific colour-matched paint. Touch dry in 30 minutes.\" \/>\n<meta property=\"og:url\" content=\"https:\/\/bikepaint.eu\/sv\/produkt\/estarli-bolt-blue\/\" \/>\n<meta property=\"og:site_name\" content=\"Gpaint\" \/>\n<meta property=\"article:modified_time\" content=\"2025-05-26T06:00:27+00:00\" \/>\n<meta property=\"og:image\" content=\"https:\/\/bikepaint.eu\/wp-content\/uploads\/2023\/08\/ESTARLI-BOLT-BLUE.webp\" \/>\n\t<meta property=\"og:image:width\" content=\"1162\" \/>\n\t<meta property=\"og:image:height\" content=\"1965\" \/>\n\t<meta property=\"og:image:type\" content=\"image\/webp\" \/>\n<meta name=\"twitter:card\" content=\"summary_large_image\" \/>\n<meta name=\"twitter:label1\" content=\"Ber\u00e4knad l\u00e4stid\" \/>\n\t<meta name=\"twitter:data1\" content=\"1 minut\" \/>\n<script type=\"application\/ld+json\" class=\"yoast-schema-graph\">{\"@context\":\"https:\\\/\\\/schema.org\",\"@graph\":[{\"@type\":\"WebPage\",\"@id\":\"https:\\\/\\\/bikepaint.eu\\\/produkt\\\/estarli-bolt-blue\\\/\",\"url\":\"https:\\\/\\\/bikepaint.eu\\\/produkt\\\/estarli-bolt-blue\\\/\",\"name\":\"ESTARLI - BOLT BLUE - Gpaint\",\"isPartOf\":{\"@id\":\"https:\\\/\\\/bikepaint.eu\\\/#website\"},\"primaryImageOfPage\":{\"@id\":\"https:\\\/\\\/bikepaint.eu\\\/produkt\\\/estarli-bolt-blue\\\/#primaryimage\"},\"image\":{\"@id\":\"https:\\\/\\\/bikepaint.eu\\\/produkt\\\/estarli-bolt-blue\\\/#primaryimage\"},\"thumbnailUrl\":\"https:\\\/\\\/bikepaint.eu\\\/wp-content\\\/uploads\\\/2023\\\/08\\\/ESTARLI-BOLT-BLUE.webp\",\"datePublished\":\"2023-08-09T12:05:45+00:00\",\"dateModified\":\"2025-05-26T06:00:27+00:00\",\"description\":\"ESTARLI - BOLT BLUE. GPAINT in collaboration with Estarli, now brings you bike specific colour-matched paint. Touch dry in 30 minutes.\",\"breadcrumb\":{\"@id\":\"https:\\\/\\\/bikepaint.eu\\\/produkt\\\/estarli-bolt-blue\\\/#breadcrumb\"},\"inLanguage\":\"sv-SE\",\"potentialAction\":[{\"@type\":\"ReadAction\",\"target\":[\"https:\\\/\\\/bikepaint.eu\\\/produkt\\\/estarli-bolt-blue\\\/\"]}]},{\"@type\":\"ImageObject\",\"inLanguage\":\"sv-SE\",\"@id\":\"https:\\\/\\\/bikepaint.eu\\\/produkt\\\/estarli-bolt-blue\\\/#primaryimage\",\"url\":\"https:\\\/\\\/bikepaint.eu\\\/wp-content\\\/uploads\\\/2023\\\/08\\\/ESTARLI-BOLT-BLUE.webp\",\"contentUrl\":\"https:\\\/\\\/bikepaint.eu\\\/wp-content\\\/uploads\\\/2023\\\/08\\\/ESTARLI-BOLT-BLUE.webp\",\"width\":1162,\"height\":1965,\"caption\":\"ESTARLI - BOLT BLUE\"},{\"@type\":\"BreadcrumbList\",\"@id\":\"https:\\\/\\\/bikepaint.eu\\\/produkt\\\/estarli-bolt-blue\\\/#breadcrumb\",\"itemListElement\":[{\"@type\":\"ListItem\",\"position\":1,\"name\":\"Home\",\"item\":\"https:\\\/\\\/bikepaint.eu\\\/\"},{\"@type\":\"ListItem\",\"position\":2,\"name\":\"Butik\",\"item\":\"https:\\\/\\\/bikepaint.eu\\\/butik\\\/\"},{\"@type\":\"ListItem\",\"position\":3,\"name\":\"ESTARLI &#8211; BOLT BLUE\"}]},{\"@type\":\"WebSite\",\"@id\":\"https:\\\/\\\/bikepaint.eu\\\/#website\",\"url\":\"https:\\\/\\\/bikepaint.eu\\\/\",\"name\":\"Gpaint\",\"description\":\"\",\"publisher\":{\"@id\":\"https:\\\/\\\/bikepaint.eu\\\/#organization\"},\"potentialAction\":[{\"@type\":\"SearchAction\",\"target\":{\"@type\":\"EntryPoint\",\"urlTemplate\":\"https:\\\/\\\/bikepaint.eu\\\/?s={search_term_string}\"},\"query-input\":{\"@type\":\"PropertyValueSpecification\",\"valueRequired\":true,\"valueName\":\"search_term_string\"}}],\"inLanguage\":\"sv-SE\"},{\"@type\":\"Organization\",\"@id\":\"https:\\\/\\\/bikepaint.eu\\\/#organization\",\"name\":\"Gpaint\",\"url\":\"https:\\\/\\\/bikepaint.eu\\\/\",\"logo\":{\"@type\":\"ImageObject\",\"inLanguage\":\"sv-SE\",\"@id\":\"https:\\\/\\\/bikepaint.eu\\\/#\\\/schema\\\/logo\\\/image\\\/\",\"url\":\"https:\\\/\\\/bikepaint.eu\\\/wp-content\\\/uploads\\\/2023\\\/08\\\/gpaint.png\",\"contentUrl\":\"https:\\\/\\\/bikepaint.eu\\\/wp-content\\\/uploads\\\/2023\\\/08\\\/gpaint.png\",\"width\":500,\"height\":123,\"caption\":\"Gpaint\"},\"image\":{\"@id\":\"https:\\\/\\\/bikepaint.eu\\\/#\\\/schema\\\/logo\\\/image\\\/\"}}]}<\/script>\n<!-- \/ Yoast SEO plugin. -->","yoast_head_json":{"title":"ESTARLI - BOLT BLUE - Gpaint","description":"ESTARLI - BULT BL\u00c5. GPAINT i samarbete med Estarli ger dig nu cykelspecifik f\u00e4rgmatchad f\u00e4rg. Torr vid ber\u00f6ring p\u00e5 30 minuter.","robots":{"index":"index","follow":"follow","max-snippet":"max-snippet:-1","max-image-preview":"max-image-preview:large","max-video-preview":"max-video-preview:-1"},"canonical":"https:\/\/bikepaint.eu\/sv\/produkt\/estarli-bolt-blue\/","og_locale":"sv_SE","og_type":"article","og_title":"ESTARLI - BOLT BLUE - Gpaint","og_description":"ESTARLI - BOLT BLUE. GPAINT in collaboration with Estarli, now brings you bike specific colour-matched paint. Touch dry in 30 minutes.","og_url":"https:\/\/bikepaint.eu\/sv\/produkt\/estarli-bolt-blue\/","og_site_name":"Gpaint","article_modified_time":"2025-05-26T06:00:27+00:00","og_image":[{"width":1162,"height":1965,"url":"https:\/\/bikepaint.eu\/wp-content\/uploads\/2023\/08\/ESTARLI-BOLT-BLUE.webp","type":"image\/webp"}],"twitter_card":"summary_large_image","twitter_misc":{"Ber\u00e4knad l\u00e4stid":"1 minut"},"schema":{"@context":"https:\/\/schema.org","@graph":[{"@type":"WebPage","@id":"https:\/\/bikepaint.eu\/produkt\/estarli-bolt-blue\/","url":"https:\/\/bikepaint.eu\/produkt\/estarli-bolt-blue\/","name":"ESTARLI - BOLT BLUE - Gpaint","isPartOf":{"@id":"https:\/\/bikepaint.eu\/#website"},"primaryImageOfPage":{"@id":"https:\/\/bikepaint.eu\/produkt\/estarli-bolt-blue\/#primaryimage"},"image":{"@id":"https:\/\/bikepaint.eu\/produkt\/estarli-bolt-blue\/#primaryimage"},"thumbnailUrl":"https:\/\/bikepaint.eu\/wp-content\/uploads\/2023\/08\/ESTARLI-BOLT-BLUE.webp","datePublished":"2023-08-09T12:05:45+00:00","dateModified":"2025-05-26T06:00:27+00:00","description":"ESTARLI - BULT BL\u00c5. GPAINT i samarbete med Estarli ger dig nu cykelspecifik f\u00e4rgmatchad f\u00e4rg. Torr vid ber\u00f6ring p\u00e5 30 minuter.","breadcrumb":{"@id":"https:\/\/bikepaint.eu\/produkt\/estarli-bolt-blue\/#breadcrumb"},"inLanguage":"sv-SE","potentialAction":[{"@type":"ReadAction","target":["https:\/\/bikepaint.eu\/produkt\/estarli-bolt-blue\/"]}]},{"@type":"ImageObject","inLanguage":"sv-SE","@id":"https:\/\/bikepaint.eu\/produkt\/estarli-bolt-blue\/#primaryimage","url":"https:\/\/bikepaint.eu\/wp-content\/uploads\/2023\/08\/ESTARLI-BOLT-BLUE.webp","contentUrl":"https:\/\/bikepaint.eu\/wp-content\/uploads\/2023\/08\/ESTARLI-BOLT-BLUE.webp","width":1162,"height":1965,"caption":"ESTARLI - BOLT BLUE"},{"@type":"BreadcrumbList","@id":"https:\/\/bikepaint.eu\/produkt\/estarli-bolt-blue\/#breadcrumb","itemListElement":[{"@type":"ListItem","position":1,"name":"Home","item":"https:\/\/bikepaint.eu\/"},{"@type":"ListItem","position":2,"name":"Butik","item":"https:\/\/bikepaint.eu\/butik\/"},{"@type":"ListItem","position":3,"name":"ESTARLI &#8211; BOLT BLUE"}]},{"@type":"WebSite","@id":"https:\/\/bikepaint.eu\/#website","url":"https:\/\/bikepaint.eu\/","name":"Gpaint Cykelf\u00e4rg fr\u00e5n Bikepaint","description":"","publisher":{"@id":"https:\/\/bikepaint.eu\/#organization"},"potentialAction":[{"@type":"SearchAction","target":{"@type":"EntryPoint","urlTemplate":"https:\/\/bikepaint.eu\/?s={search_term_string}"},"query-input":{"@type":"PropertyValueSpecification","valueRequired":true,"valueName":"search_term_string"}}],"inLanguage":"sv-SE"},{"@type":"Organization","@id":"https:\/\/bikepaint.eu\/#organization","name":"Gpaint Cykelf\u00e4rg fr\u00e5n Bikepaint","url":"https:\/\/bikepaint.eu\/","logo":{"@type":"ImageObject","inLanguage":"sv-SE","@id":"https:\/\/bikepaint.eu\/#\/schema\/logo\/image\/","url":"https:\/\/bikepaint.eu\/wp-content\/uploads\/2023\/08\/gpaint.png","contentUrl":"https:\/\/bikepaint.eu\/wp-content\/uploads\/2023\/08\/gpaint.png","width":500,"height":123,"caption":"Gpaint"},"image":{"@id":"https:\/\/bikepaint.eu\/#\/schema\/logo\/image\/"}}]}},"jetpack_sharing_enabled":true,"_links":{"self":[{"href":"https:\/\/bikepaint.eu\/sv\/wp-json\/wp\/v2\/product\/375","targetHints":{"allow":["GET"]}}],"collection":[{"href":"https:\/\/bikepaint.eu\/sv\/wp-json\/wp\/v2\/product"}],"about":[{"href":"https:\/\/bikepaint.eu\/sv\/wp-json\/wp\/v2\/types\/product"}],"replies":[{"embeddable":true,"href":"https:\/\/bikepaint.eu\/sv\/wp-json\/wp\/v2\/comments?post=375"}],"wp:featuredmedia":[{"embeddable":true,"href":"https:\/\/bikepaint.eu\/sv\/wp-json\/wp\/v2\/media\/376"}],"wp:attachment":[{"href":"https:\/\/bikepaint.eu\/sv\/wp-json\/wp\/v2\/media?parent=375"}],"wp:term":[{"taxonomy":"product_brand","embeddable":true,"href":"https:\/\/bikepaint.eu\/sv\/wp-json\/wp\/v2\/product_brand?post=375"},{"taxonomy":"product_cat","embeddable":true,"href":"https:\/\/bikepaint.eu\/sv\/wp-json\/wp\/v2\/product_cat?post=375"},{"taxonomy":"product_tag","embeddable":true,"href":"https:\/\/bikepaint.eu\/sv\/wp-json\/wp\/v2\/product_tag?post=375"}],"curies":[{"name":"wp","href":"https:\/\/api.w.org\/{rel}","templated":true}]}}