{"id":377,"date":"2023-08-09T12:08:31","date_gmt":"2023-08-09T12:08:31","guid":{"rendered":"https:\/\/bikepaint.eu\/?post_type=product&#038;p=377"},"modified":"2025-05-29T07:34:51","modified_gmt":"2025-05-29T07:34:51","slug":"gpaintbikes-4-pack-black-white-red-cyan","status":"publish","type":"product","link":"https:\/\/bikepaint.eu\/sv\/produkt\/gpaintbikes-4-pack-svart-vit-rod-cyan\/","title":{"rendered":"GPAINTBIKES 4-PACK - SVART - VIT - R\u00d6D - CYAN"},"content":{"rendered":"<div class=\"product__description rte quick-add-hidden\">\n<p><strong>SE TILL ATT SKAKA FLASKAN I MINST 30 SEKUNDER F\u00d6R ATT BLANDA F\u00c4RGEN ORDENTLIGT F\u00d6RE ANV\u00c4NDNING.\u00a0<\/strong><\/p>\n<p>Vi blandar och r\u00f6r om f\u00e4rgen, men med tiden kommer den att separeras och tyngre pigment sjunker till botten. Om du inte skakar flaskan kommer du d\u00e4rf\u00f6r inte att f\u00e5 r\u00e4tt f\u00e4rg.<\/p>\n<\/div>\n<div id=\"price-template--17983945015590__main\" class=\"no-js-hidden\" role=\"status\">\n<div class=\"price price--large price--show-badge\"><\/p>\n<div class=\"price__container\">\n<div class=\"price__regular\"><\/div>\n<\/div>\n<\/div>\n<\/div>","protected":false},"excerpt":{"rendered":"<p>F\u00e4rger: Svart, Vit, R\u00f6d och Bl\u00e5<\/p>\n<ul>\n<li>F\u00f6rpackningen inneh\u00e5ller 4 X 10 ml b\u00e4ttringsf\u00e4rg.<\/li>\n<li>En helhetsl\u00f6sning som kr\u00e4ver\u00a0<strong>INGEN PRIMER<\/strong>\u00a0och\u00a0<strong>INGEN LACQUER<\/strong>.<\/li>\n<li>Enkelt att f\u00f6lja instruktionerna f\u00f6r en perfekt reparation.<\/li>\n<li>Touch dry inom 30 minuter.<\/li>\n<li>Varje flaska inneh\u00e5ller en f\u00e4rgblandare och en applikator med fin spets.<\/li>\n<li>F\u00f6r s\u00e4kerhets skull \u00e4r varje flaska f\u00f6rsedd med ett barns\u00e4kert s\u00e4kerhetslock.<\/li>\n<li>L\u00e4mplig f\u00f6r alla cykelramar, st\u00e5l, aluminium och kolfiber.<\/li>\n<\/ul>","protected":false},"featured_media":381,"comment_status":"open","ping_status":"closed","template":"","meta":{"om_disable_all_campaigns":false,"_monsterinsights_skip_tracking":false,"_monsterinsights_sitenote_active":false,"_monsterinsights_sitenote_note":"","_monsterinsights_sitenote_category":0,"_uf_show_specific_survey":0,"_uf_disable_surveys":false},"product_brand":[],"product_cat":[29],"product_tag":[],"class_list":{"0":"post-377","1":"product","2":"type-product","3":"status-publish","4":"has-post-thumbnail","6":"product_cat-multipacks","8":"first","9":"instock","10":"taxable","11":"shipping-taxable","12":"purchasable","13":"product-type-simple"},"yoast_head":"<!-- This site is optimized with the Yoast SEO plugin v27.6 - https:\/\/yoast.com\/product\/yoast-seo-wordpress\/ -->\n<title>GPAINTBIKES 4 PACK - BLACK - WHITE - RED - CYAN - Gpaint<\/title>\n<meta name=\"description\" content=\"GPAINTBIKES 4 PACK - BLACK - WHITE - RED - BLUE. Pack contains 4 X 10ml touch-up paint.A one-stop solution that requires NO PRIMER and NO LACQUER.\" \/>\n<meta name=\"robots\" content=\"index, follow, max-snippet:-1, max-image-preview:large, max-video-preview:-1\" \/>\n<link rel=\"canonical\" href=\"https:\/\/bikepaint.eu\/sv\/produkt\/gpaintbikes-4-pack-svart-vit-rod-cyan\/\" \/>\n<meta property=\"og:locale\" content=\"sv_SE\" \/>\n<meta property=\"og:type\" content=\"article\" \/>\n<meta property=\"og:title\" content=\"GPAINTBIKES 4 PACK - BLACK - WHITE - RED - CYAN - Gpaint\" \/>\n<meta property=\"og:description\" content=\"GPAINTBIKES 4 PACK - BLACK - WHITE - RED - BLUE. Pack contains 4 X 10ml touch-up paint.A one-stop solution that requires NO PRIMER and NO LACQUER.\" \/>\n<meta property=\"og:url\" content=\"https:\/\/bikepaint.eu\/sv\/produkt\/gpaintbikes-4-pack-svart-vit-rod-cyan\/\" \/>\n<meta property=\"og:site_name\" content=\"Gpaint\" \/>\n<meta property=\"article:modified_time\" content=\"2025-05-29T07:34:51+00:00\" \/>\n<meta property=\"og:image\" content=\"https:\/\/bikepaint.eu\/wp-content\/uploads\/2023\/08\/GPAINTBIKES-4-PACK-BLACK-WHITE-RED-BLUE.webp\" \/>\n\t<meta property=\"og:image:width\" content=\"1672\" \/>\n\t<meta property=\"og:image:height\" content=\"2036\" \/>\n\t<meta property=\"og:image:type\" content=\"image\/webp\" \/>\n<meta name=\"twitter:card\" content=\"summary_large_image\" \/>\n<meta name=\"twitter:label1\" content=\"Ber\u00e4knad l\u00e4stid\" \/>\n\t<meta name=\"twitter:data1\" content=\"1 minut\" \/>\n<script type=\"application\/ld+json\" class=\"yoast-schema-graph\">{\"@context\":\"https:\\\/\\\/schema.org\",\"@graph\":[{\"@type\":\"WebPage\",\"@id\":\"https:\\\/\\\/bikepaint.eu\\\/produkt\\\/gpaintbikes-4-pack-black-white-red-cyan\\\/\",\"url\":\"https:\\\/\\\/bikepaint.eu\\\/produkt\\\/gpaintbikes-4-pack-black-white-red-cyan\\\/\",\"name\":\"GPAINTBIKES 4 PACK - BLACK - WHITE - RED - CYAN - Gpaint\",\"isPartOf\":{\"@id\":\"https:\\\/\\\/bikepaint.eu\\\/#website\"},\"primaryImageOfPage\":{\"@id\":\"https:\\\/\\\/bikepaint.eu\\\/produkt\\\/gpaintbikes-4-pack-black-white-red-cyan\\\/#primaryimage\"},\"image\":{\"@id\":\"https:\\\/\\\/bikepaint.eu\\\/produkt\\\/gpaintbikes-4-pack-black-white-red-cyan\\\/#primaryimage\"},\"thumbnailUrl\":\"https:\\\/\\\/bikepaint.eu\\\/wp-content\\\/uploads\\\/2023\\\/08\\\/GPAINTBIKES-4-PACK-BLACK-WHITE-RED-BLUE.webp\",\"datePublished\":\"2023-08-09T12:08:31+00:00\",\"dateModified\":\"2025-05-29T07:34:51+00:00\",\"description\":\"GPAINTBIKES 4 PACK - BLACK - WHITE - RED - BLUE. Pack contains 4 X 10ml touch-up paint.A one-stop solution that requires NO PRIMER and NO LACQUER.\",\"breadcrumb\":{\"@id\":\"https:\\\/\\\/bikepaint.eu\\\/produkt\\\/gpaintbikes-4-pack-black-white-red-cyan\\\/#breadcrumb\"},\"inLanguage\":\"sv-SE\",\"potentialAction\":[{\"@type\":\"ReadAction\",\"target\":[\"https:\\\/\\\/bikepaint.eu\\\/produkt\\\/gpaintbikes-4-pack-black-white-red-cyan\\\/\"]}]},{\"@type\":\"ImageObject\",\"inLanguage\":\"sv-SE\",\"@id\":\"https:\\\/\\\/bikepaint.eu\\\/produkt\\\/gpaintbikes-4-pack-black-white-red-cyan\\\/#primaryimage\",\"url\":\"https:\\\/\\\/bikepaint.eu\\\/wp-content\\\/uploads\\\/2023\\\/08\\\/GPAINTBIKES-4-PACK-BLACK-WHITE-RED-BLUE.webp\",\"contentUrl\":\"https:\\\/\\\/bikepaint.eu\\\/wp-content\\\/uploads\\\/2023\\\/08\\\/GPAINTBIKES-4-PACK-BLACK-WHITE-RED-BLUE.webp\",\"width\":1672,\"height\":2036,\"caption\":\"GPAINTBIKES 4 PACK - BLACK - WHITE - RED - BLUE\"},{\"@type\":\"BreadcrumbList\",\"@id\":\"https:\\\/\\\/bikepaint.eu\\\/produkt\\\/gpaintbikes-4-pack-black-white-red-cyan\\\/#breadcrumb\",\"itemListElement\":[{\"@type\":\"ListItem\",\"position\":1,\"name\":\"Home\",\"item\":\"https:\\\/\\\/bikepaint.eu\\\/\"},{\"@type\":\"ListItem\",\"position\":2,\"name\":\"Butik\",\"item\":\"https:\\\/\\\/bikepaint.eu\\\/butik\\\/\"},{\"@type\":\"ListItem\",\"position\":3,\"name\":\"GPAINTBIKES 4 PACK &#8211; BLACK &#8211; WHITE &#8211; RED &#8211; CYAN\"}]},{\"@type\":\"WebSite\",\"@id\":\"https:\\\/\\\/bikepaint.eu\\\/#website\",\"url\":\"https:\\\/\\\/bikepaint.eu\\\/\",\"name\":\"Gpaint\",\"description\":\"\",\"publisher\":{\"@id\":\"https:\\\/\\\/bikepaint.eu\\\/#organization\"},\"potentialAction\":[{\"@type\":\"SearchAction\",\"target\":{\"@type\":\"EntryPoint\",\"urlTemplate\":\"https:\\\/\\\/bikepaint.eu\\\/?s={search_term_string}\"},\"query-input\":{\"@type\":\"PropertyValueSpecification\",\"valueRequired\":true,\"valueName\":\"search_term_string\"}}],\"inLanguage\":\"sv-SE\"},{\"@type\":\"Organization\",\"@id\":\"https:\\\/\\\/bikepaint.eu\\\/#organization\",\"name\":\"Gpaint\",\"url\":\"https:\\\/\\\/bikepaint.eu\\\/\",\"logo\":{\"@type\":\"ImageObject\",\"inLanguage\":\"sv-SE\",\"@id\":\"https:\\\/\\\/bikepaint.eu\\\/#\\\/schema\\\/logo\\\/image\\\/\",\"url\":\"https:\\\/\\\/bikepaint.eu\\\/wp-content\\\/uploads\\\/2023\\\/08\\\/gpaint.png\",\"contentUrl\":\"https:\\\/\\\/bikepaint.eu\\\/wp-content\\\/uploads\\\/2023\\\/08\\\/gpaint.png\",\"width\":500,\"height\":123,\"caption\":\"Gpaint\"},\"image\":{\"@id\":\"https:\\\/\\\/bikepaint.eu\\\/#\\\/schema\\\/logo\\\/image\\\/\"}}]}<\/script>\n<!-- \/ Yoast SEO plugin. -->","yoast_head_json":{"title":"GPAINTBIKES 4 PACK - SVART - VIT - R\u00d6D - CYAN - Gpaint","description":"GPAINTBIKES 4-PACK - SVART - VIT - R\u00d6D - BL\u00c5. F\u00f6rpackningen inneh\u00e5ller 4 X 10 ml b\u00e4ttringsf\u00e4rg, en one-stop-l\u00f6sning som inte kr\u00e4ver n\u00e5gon grundf\u00e4rg eller lack.","robots":{"index":"index","follow":"follow","max-snippet":"max-snippet:-1","max-image-preview":"max-image-preview:large","max-video-preview":"max-video-preview:-1"},"canonical":"https:\/\/bikepaint.eu\/sv\/produkt\/gpaintbikes-4-pack-svart-vit-rod-cyan\/","og_locale":"sv_SE","og_type":"article","og_title":"GPAINTBIKES 4 PACK - BLACK - WHITE - RED - CYAN - Gpaint","og_description":"GPAINTBIKES 4 PACK - BLACK - WHITE - RED - BLUE. Pack contains 4 X 10ml touch-up paint.A one-stop solution that requires NO PRIMER and NO LACQUER.","og_url":"https:\/\/bikepaint.eu\/sv\/produkt\/gpaintbikes-4-pack-svart-vit-rod-cyan\/","og_site_name":"Gpaint","article_modified_time":"2025-05-29T07:34:51+00:00","og_image":[{"width":1672,"height":2036,"url":"https:\/\/bikepaint.eu\/wp-content\/uploads\/2023\/08\/GPAINTBIKES-4-PACK-BLACK-WHITE-RED-BLUE.webp","type":"image\/webp"}],"twitter_card":"summary_large_image","twitter_misc":{"Ber\u00e4knad l\u00e4stid":"1 minut"},"schema":{"@context":"https:\/\/schema.org","@graph":[{"@type":"WebPage","@id":"https:\/\/bikepaint.eu\/produkt\/gpaintbikes-4-pack-black-white-red-cyan\/","url":"https:\/\/bikepaint.eu\/produkt\/gpaintbikes-4-pack-black-white-red-cyan\/","name":"GPAINTBIKES 4 PACK - SVART - VIT - R\u00d6D - CYAN - Gpaint","isPartOf":{"@id":"https:\/\/bikepaint.eu\/#website"},"primaryImageOfPage":{"@id":"https:\/\/bikepaint.eu\/produkt\/gpaintbikes-4-pack-black-white-red-cyan\/#primaryimage"},"image":{"@id":"https:\/\/bikepaint.eu\/produkt\/gpaintbikes-4-pack-black-white-red-cyan\/#primaryimage"},"thumbnailUrl":"https:\/\/bikepaint.eu\/wp-content\/uploads\/2023\/08\/GPAINTBIKES-4-PACK-BLACK-WHITE-RED-BLUE.webp","datePublished":"2023-08-09T12:08:31+00:00","dateModified":"2025-05-29T07:34:51+00:00","description":"GPAINTBIKES 4-PACK - SVART - VIT - R\u00d6D - BL\u00c5. F\u00f6rpackningen inneh\u00e5ller 4 X 10 ml b\u00e4ttringsf\u00e4rg, en one-stop-l\u00f6sning som inte kr\u00e4ver n\u00e5gon grundf\u00e4rg eller lack.","breadcrumb":{"@id":"https:\/\/bikepaint.eu\/produkt\/gpaintbikes-4-pack-black-white-red-cyan\/#breadcrumb"},"inLanguage":"sv-SE","potentialAction":[{"@type":"ReadAction","target":["https:\/\/bikepaint.eu\/produkt\/gpaintbikes-4-pack-black-white-red-cyan\/"]}]},{"@type":"ImageObject","inLanguage":"sv-SE","@id":"https:\/\/bikepaint.eu\/produkt\/gpaintbikes-4-pack-black-white-red-cyan\/#primaryimage","url":"https:\/\/bikepaint.eu\/wp-content\/uploads\/2023\/08\/GPAINTBIKES-4-PACK-BLACK-WHITE-RED-BLUE.webp","contentUrl":"https:\/\/bikepaint.eu\/wp-content\/uploads\/2023\/08\/GPAINTBIKES-4-PACK-BLACK-WHITE-RED-BLUE.webp","width":1672,"height":2036,"caption":"GPAINTBIKES 4 PACK - BLACK - WHITE - RED - BLUE"},{"@type":"BreadcrumbList","@id":"https:\/\/bikepaint.eu\/produkt\/gpaintbikes-4-pack-black-white-red-cyan\/#breadcrumb","itemListElement":[{"@type":"ListItem","position":1,"name":"Home","item":"https:\/\/bikepaint.eu\/"},{"@type":"ListItem","position":2,"name":"Butik","item":"https:\/\/bikepaint.eu\/butik\/"},{"@type":"ListItem","position":3,"name":"GPAINTBIKES 4 PACK &#8211; BLACK &#8211; WHITE &#8211; RED &#8211; CYAN"}]},{"@type":"WebSite","@id":"https:\/\/bikepaint.eu\/#website","url":"https:\/\/bikepaint.eu\/","name":"Gpaint Cykelf\u00e4rg fr\u00e5n Bikepaint","description":"","publisher":{"@id":"https:\/\/bikepaint.eu\/#organization"},"potentialAction":[{"@type":"SearchAction","target":{"@type":"EntryPoint","urlTemplate":"https:\/\/bikepaint.eu\/?s={search_term_string}"},"query-input":{"@type":"PropertyValueSpecification","valueRequired":true,"valueName":"search_term_string"}}],"inLanguage":"sv-SE"},{"@type":"Organization","@id":"https:\/\/bikepaint.eu\/#organization","name":"Gpaint Cykelf\u00e4rg fr\u00e5n Bikepaint","url":"https:\/\/bikepaint.eu\/","logo":{"@type":"ImageObject","inLanguage":"sv-SE","@id":"https:\/\/bikepaint.eu\/#\/schema\/logo\/image\/","url":"https:\/\/bikepaint.eu\/wp-content\/uploads\/2023\/08\/gpaint.png","contentUrl":"https:\/\/bikepaint.eu\/wp-content\/uploads\/2023\/08\/gpaint.png","width":500,"height":123,"caption":"Gpaint"},"image":{"@id":"https:\/\/bikepaint.eu\/#\/schema\/logo\/image\/"}}]}},"jetpack_sharing_enabled":true,"_links":{"self":[{"href":"https:\/\/bikepaint.eu\/sv\/wp-json\/wp\/v2\/product\/377","targetHints":{"allow":["GET"]}}],"collection":[{"href":"https:\/\/bikepaint.eu\/sv\/wp-json\/wp\/v2\/product"}],"about":[{"href":"https:\/\/bikepaint.eu\/sv\/wp-json\/wp\/v2\/types\/product"}],"replies":[{"embeddable":true,"href":"https:\/\/bikepaint.eu\/sv\/wp-json\/wp\/v2\/comments?post=377"}],"wp:featuredmedia":[{"embeddable":true,"href":"https:\/\/bikepaint.eu\/sv\/wp-json\/wp\/v2\/media\/381"}],"wp:attachment":[{"href":"https:\/\/bikepaint.eu\/sv\/wp-json\/wp\/v2\/media?parent=377"}],"wp:term":[{"taxonomy":"product_brand","embeddable":true,"href":"https:\/\/bikepaint.eu\/sv\/wp-json\/wp\/v2\/product_brand?post=377"},{"taxonomy":"product_cat","embeddable":true,"href":"https:\/\/bikepaint.eu\/sv\/wp-json\/wp\/v2\/product_cat?post=377"},{"taxonomy":"product_tag","embeddable":true,"href":"https:\/\/bikepaint.eu\/sv\/wp-json\/wp\/v2\/product_tag?post=377"}],"curies":[{"name":"wp","href":"https:\/\/api.w.org\/{rel}","templated":true}]}}