{"id":389,"date":"2023-08-09T12:16:35","date_gmt":"2023-08-09T12:16:35","guid":{"rendered":"https:\/\/bikepaint.eu\/?post_type=product&#038;p=389"},"modified":"2025-05-26T16:56:18","modified_gmt":"2025-05-26T16:56:18","slug":"gpaintbikes-8-pack-all-colours","status":"publish","type":"product","link":"https:\/\/bikepaint.eu\/sv\/produkt\/gpaintbikes-8-pack-alla-farger\/","title":{"rendered":"GPAINTBIKES 8-PACK - ALLA F\u00c4RGER"},"content":{"rendered":"<p><strong>SE TILL ATT SKAKA FLASKAN I MINST 30 SEKUNDER F\u00d6R ATT BLANDA F\u00c4RGEN ORDENTLIGT F\u00d6RE ANV\u00c4NDNING.\u00a0<\/strong><\/p>\n<p>Vi blandar och r\u00f6r om f\u00e4rgen, men med tiden kommer den att separeras och tyngre pigment sjunker till botten. Om du inte skakar flaskan kommer du d\u00e4rf\u00f6r inte att f\u00e5 r\u00e4tt f\u00e4rg.<\/p>","protected":false},"excerpt":{"rendered":"<div>F\u00e4rger: Svart, vit, r\u00f6d, bl\u00e5, gul, rosa, orange och gr\u00f6n<\/div>\n<ul>\n<li>F\u00f6rpackningen inneh\u00e5ller 8 X 10 ml f\u00e4rgmatchad b\u00e4ttringsf\u00e4rg.<\/li>\n<li>En helhetsl\u00f6sning som kr\u00e4ver\u00a0<strong>INGEN PRIMER<\/strong>\u00a0och\u00a0<strong>INGEN LACQUER<\/strong>.<\/li>\n<li>Enkelt att f\u00f6lja instruktionerna f\u00f6r en perfekt reparation.<\/li>\n<li>Touch dry inom 30 minuter.<\/li>\n<li>Varje flaska inneh\u00e5ller en f\u00e4rgblandare och en applikator med fin spets.<\/li>\n<li>F\u00f6r s\u00e4kerhets skull \u00e4r varje flaska f\u00f6rsedd med ett barns\u00e4kert s\u00e4kerhetslock.<\/li>\n<li>L\u00e4mplig f\u00f6r alla cykelramar, st\u00e5l, aluminium och kolfiber.<\/li>\n<\/ul>\n<p><strong>SE TILL ATT SKAKA FLASKAN I MINST 30 SEKUNDER F\u00d6R ATT BLANDA F\u00c4RGEN ORDENTLIGT F\u00d6RE ANV\u00c4NDNING.\u00a0<\/strong><\/p>\n<p>Vi blandar och r\u00f6r om f\u00e4rgen, men med tiden kommer den att separeras och tyngre pigment sjunker till botten. Om du inte skakar flaskan kommer du d\u00e4rf\u00f6r inte att f\u00e5 r\u00e4tt f\u00e4rg.<\/p>","protected":false},"featured_media":393,"comment_status":"open","ping_status":"closed","template":"","meta":{"om_disable_all_campaigns":false,"_monsterinsights_skip_tracking":false,"_monsterinsights_sitenote_active":false,"_monsterinsights_sitenote_note":"","_monsterinsights_sitenote_category":0,"_uf_show_specific_survey":0,"_uf_disable_surveys":false},"product_brand":[],"product_cat":[29],"product_tag":[],"class_list":{"0":"post-389","1":"product","2":"type-product","3":"status-publish","4":"has-post-thumbnail","6":"product_cat-multipacks","8":"first","9":"instock","10":"taxable","11":"shipping-taxable","12":"purchasable","13":"product-type-simple"},"yoast_head":"<!-- This site is optimized with the Yoast SEO plugin v27.5 - https:\/\/yoast.com\/product\/yoast-seo-wordpress\/ -->\n<title>GPAINTBIKES 8 PACK - ALL COLOURS - Gpaint<\/title>\n<meta name=\"description\" content=\"GPAINTBIKES 8 PACK - ALL COLOURS. A one-stop solution that requires NO PRIMER and NO LACQUER. Pack contains 8 X 10ml colour-matched touch-up paint.\" \/>\n<meta name=\"robots\" content=\"index, follow, max-snippet:-1, max-image-preview:large, max-video-preview:-1\" \/>\n<link rel=\"canonical\" href=\"https:\/\/bikepaint.eu\/sv\/produkt\/gpaintbikes-8-pack-alla-farger\/\" \/>\n<meta property=\"og:locale\" content=\"sv_SE\" \/>\n<meta property=\"og:type\" content=\"article\" \/>\n<meta property=\"og:title\" content=\"GPAINTBIKES 8 PACK - ALL COLOURS - Gpaint\" \/>\n<meta property=\"og:description\" content=\"GPAINTBIKES 8 PACK - ALL COLOURS. A one-stop solution that requires NO PRIMER and NO LACQUER. Pack contains 8 X 10ml colour-matched touch-up paint.\" \/>\n<meta property=\"og:url\" content=\"https:\/\/bikepaint.eu\/sv\/produkt\/gpaintbikes-8-pack-alla-farger\/\" \/>\n<meta property=\"og:site_name\" content=\"Gpaint\" \/>\n<meta property=\"article:modified_time\" content=\"2025-05-26T16:56:18+00:00\" \/>\n<meta property=\"og:image\" content=\"https:\/\/bikepaint.eu\/wp-content\/uploads\/2023\/08\/GPAINTBIKES-8-PACK-ALL-COLOURS.webp\" \/>\n\t<meta property=\"og:image:width\" content=\"1672\" \/>\n\t<meta property=\"og:image:height\" content=\"2036\" \/>\n\t<meta property=\"og:image:type\" content=\"image\/webp\" \/>\n<meta name=\"twitter:card\" content=\"summary_large_image\" \/>\n<meta name=\"twitter:label1\" content=\"Ber\u00e4knad l\u00e4stid\" \/>\n\t<meta name=\"twitter:data1\" content=\"1 minut\" \/>\n<script type=\"application\/ld+json\" class=\"yoast-schema-graph\">{\"@context\":\"https:\\\/\\\/schema.org\",\"@graph\":[{\"@type\":\"WebPage\",\"@id\":\"https:\\\/\\\/bikepaint.eu\\\/produkt\\\/gpaintbikes-8-pack-all-colours\\\/\",\"url\":\"https:\\\/\\\/bikepaint.eu\\\/produkt\\\/gpaintbikes-8-pack-all-colours\\\/\",\"name\":\"GPAINTBIKES 8 PACK - ALL COLOURS - Gpaint\",\"isPartOf\":{\"@id\":\"https:\\\/\\\/bikepaint.eu\\\/#website\"},\"primaryImageOfPage\":{\"@id\":\"https:\\\/\\\/bikepaint.eu\\\/produkt\\\/gpaintbikes-8-pack-all-colours\\\/#primaryimage\"},\"image\":{\"@id\":\"https:\\\/\\\/bikepaint.eu\\\/produkt\\\/gpaintbikes-8-pack-all-colours\\\/#primaryimage\"},\"thumbnailUrl\":\"https:\\\/\\\/bikepaint.eu\\\/wp-content\\\/uploads\\\/2023\\\/08\\\/GPAINTBIKES-8-PACK-ALL-COLOURS.webp\",\"datePublished\":\"2023-08-09T12:16:35+00:00\",\"dateModified\":\"2025-05-26T16:56:18+00:00\",\"description\":\"GPAINTBIKES 8 PACK - ALL COLOURS. A one-stop solution that requires NO PRIMER and NO LACQUER. Pack contains 8 X 10ml colour-matched touch-up paint.\",\"breadcrumb\":{\"@id\":\"https:\\\/\\\/bikepaint.eu\\\/produkt\\\/gpaintbikes-8-pack-all-colours\\\/#breadcrumb\"},\"inLanguage\":\"sv-SE\",\"potentialAction\":[{\"@type\":\"ReadAction\",\"target\":[\"https:\\\/\\\/bikepaint.eu\\\/produkt\\\/gpaintbikes-8-pack-all-colours\\\/\"]}]},{\"@type\":\"ImageObject\",\"inLanguage\":\"sv-SE\",\"@id\":\"https:\\\/\\\/bikepaint.eu\\\/produkt\\\/gpaintbikes-8-pack-all-colours\\\/#primaryimage\",\"url\":\"https:\\\/\\\/bikepaint.eu\\\/wp-content\\\/uploads\\\/2023\\\/08\\\/GPAINTBIKES-8-PACK-ALL-COLOURS.webp\",\"contentUrl\":\"https:\\\/\\\/bikepaint.eu\\\/wp-content\\\/uploads\\\/2023\\\/08\\\/GPAINTBIKES-8-PACK-ALL-COLOURS.webp\",\"width\":1672,\"height\":2036,\"caption\":\"GPAINTBIKES 8 PACK - ALL COLOURS\"},{\"@type\":\"BreadcrumbList\",\"@id\":\"https:\\\/\\\/bikepaint.eu\\\/produkt\\\/gpaintbikes-8-pack-all-colours\\\/#breadcrumb\",\"itemListElement\":[{\"@type\":\"ListItem\",\"position\":1,\"name\":\"Home\",\"item\":\"https:\\\/\\\/bikepaint.eu\\\/\"},{\"@type\":\"ListItem\",\"position\":2,\"name\":\"Butik\",\"item\":\"https:\\\/\\\/bikepaint.eu\\\/butik\\\/\"},{\"@type\":\"ListItem\",\"position\":3,\"name\":\"GPAINTBIKES 8 PACK &#8211; ALL COLOURS\"}]},{\"@type\":\"WebSite\",\"@id\":\"https:\\\/\\\/bikepaint.eu\\\/#website\",\"url\":\"https:\\\/\\\/bikepaint.eu\\\/\",\"name\":\"Gpaint\",\"description\":\"\",\"publisher\":{\"@id\":\"https:\\\/\\\/bikepaint.eu\\\/#organization\"},\"potentialAction\":[{\"@type\":\"SearchAction\",\"target\":{\"@type\":\"EntryPoint\",\"urlTemplate\":\"https:\\\/\\\/bikepaint.eu\\\/?s={search_term_string}\"},\"query-input\":{\"@type\":\"PropertyValueSpecification\",\"valueRequired\":true,\"valueName\":\"search_term_string\"}}],\"inLanguage\":\"sv-SE\"},{\"@type\":\"Organization\",\"@id\":\"https:\\\/\\\/bikepaint.eu\\\/#organization\",\"name\":\"Gpaint\",\"url\":\"https:\\\/\\\/bikepaint.eu\\\/\",\"logo\":{\"@type\":\"ImageObject\",\"inLanguage\":\"sv-SE\",\"@id\":\"https:\\\/\\\/bikepaint.eu\\\/#\\\/schema\\\/logo\\\/image\\\/\",\"url\":\"https:\\\/\\\/bikepaint.eu\\\/wp-content\\\/uploads\\\/2023\\\/08\\\/gpaint.png\",\"contentUrl\":\"https:\\\/\\\/bikepaint.eu\\\/wp-content\\\/uploads\\\/2023\\\/08\\\/gpaint.png\",\"width\":500,\"height\":123,\"caption\":\"Gpaint\"},\"image\":{\"@id\":\"https:\\\/\\\/bikepaint.eu\\\/#\\\/schema\\\/logo\\\/image\\\/\"}}]}<\/script>\n<!-- \/ Yoast SEO plugin. -->","yoast_head_json":{"title":"GPAINTBIKES 8-PACK - ALLA F\u00c4RGER - Gpaint","description":"GPAINTBIKES 8-PACK - ALLA F\u00c4RGER. En one-stop-l\u00f6sning som kr\u00e4ver INGEN PRIMER och INGEN LACKER. F\u00f6rpackningen inneh\u00e5ller 8 X 10 ml f\u00e4rgmatchad b\u00e4ttringsf\u00e4rg.","robots":{"index":"index","follow":"follow","max-snippet":"max-snippet:-1","max-image-preview":"max-image-preview:large","max-video-preview":"max-video-preview:-1"},"canonical":"https:\/\/bikepaint.eu\/sv\/produkt\/gpaintbikes-8-pack-alla-farger\/","og_locale":"sv_SE","og_type":"article","og_title":"GPAINTBIKES 8 PACK - ALL COLOURS - Gpaint","og_description":"GPAINTBIKES 8 PACK - ALL COLOURS. A one-stop solution that requires NO PRIMER and NO LACQUER. Pack contains 8 X 10ml colour-matched touch-up paint.","og_url":"https:\/\/bikepaint.eu\/sv\/produkt\/gpaintbikes-8-pack-alla-farger\/","og_site_name":"Gpaint","article_modified_time":"2025-05-26T16:56:18+00:00","og_image":[{"width":1672,"height":2036,"url":"https:\/\/bikepaint.eu\/wp-content\/uploads\/2023\/08\/GPAINTBIKES-8-PACK-ALL-COLOURS.webp","type":"image\/webp"}],"twitter_card":"summary_large_image","twitter_misc":{"Ber\u00e4knad l\u00e4stid":"1 minut"},"schema":{"@context":"https:\/\/schema.org","@graph":[{"@type":"WebPage","@id":"https:\/\/bikepaint.eu\/produkt\/gpaintbikes-8-pack-all-colours\/","url":"https:\/\/bikepaint.eu\/produkt\/gpaintbikes-8-pack-all-colours\/","name":"GPAINTBIKES 8-PACK - ALLA F\u00c4RGER - Gpaint","isPartOf":{"@id":"https:\/\/bikepaint.eu\/#website"},"primaryImageOfPage":{"@id":"https:\/\/bikepaint.eu\/produkt\/gpaintbikes-8-pack-all-colours\/#primaryimage"},"image":{"@id":"https:\/\/bikepaint.eu\/produkt\/gpaintbikes-8-pack-all-colours\/#primaryimage"},"thumbnailUrl":"https:\/\/bikepaint.eu\/wp-content\/uploads\/2023\/08\/GPAINTBIKES-8-PACK-ALL-COLOURS.webp","datePublished":"2023-08-09T12:16:35+00:00","dateModified":"2025-05-26T16:56:18+00:00","description":"GPAINTBIKES 8-PACK - ALLA F\u00c4RGER. En one-stop-l\u00f6sning som kr\u00e4ver INGEN PRIMER och INGEN LACKER. F\u00f6rpackningen inneh\u00e5ller 8 X 10 ml f\u00e4rgmatchad b\u00e4ttringsf\u00e4rg.","breadcrumb":{"@id":"https:\/\/bikepaint.eu\/produkt\/gpaintbikes-8-pack-all-colours\/#breadcrumb"},"inLanguage":"sv-SE","potentialAction":[{"@type":"ReadAction","target":["https:\/\/bikepaint.eu\/produkt\/gpaintbikes-8-pack-all-colours\/"]}]},{"@type":"ImageObject","inLanguage":"sv-SE","@id":"https:\/\/bikepaint.eu\/produkt\/gpaintbikes-8-pack-all-colours\/#primaryimage","url":"https:\/\/bikepaint.eu\/wp-content\/uploads\/2023\/08\/GPAINTBIKES-8-PACK-ALL-COLOURS.webp","contentUrl":"https:\/\/bikepaint.eu\/wp-content\/uploads\/2023\/08\/GPAINTBIKES-8-PACK-ALL-COLOURS.webp","width":1672,"height":2036,"caption":"GPAINTBIKES 8 PACK - ALL COLOURS"},{"@type":"BreadcrumbList","@id":"https:\/\/bikepaint.eu\/produkt\/gpaintbikes-8-pack-all-colours\/#breadcrumb","itemListElement":[{"@type":"ListItem","position":1,"name":"Home","item":"https:\/\/bikepaint.eu\/"},{"@type":"ListItem","position":2,"name":"Butik","item":"https:\/\/bikepaint.eu\/butik\/"},{"@type":"ListItem","position":3,"name":"GPAINTBIKES 8 PACK &#8211; ALL COLOURS"}]},{"@type":"WebSite","@id":"https:\/\/bikepaint.eu\/#website","url":"https:\/\/bikepaint.eu\/","name":"Gpaint Cykelf\u00e4rg fr\u00e5n Bikepaint","description":"","publisher":{"@id":"https:\/\/bikepaint.eu\/#organization"},"potentialAction":[{"@type":"SearchAction","target":{"@type":"EntryPoint","urlTemplate":"https:\/\/bikepaint.eu\/?s={search_term_string}"},"query-input":{"@type":"PropertyValueSpecification","valueRequired":true,"valueName":"search_term_string"}}],"inLanguage":"sv-SE"},{"@type":"Organization","@id":"https:\/\/bikepaint.eu\/#organization","name":"Gpaint Cykelf\u00e4rg fr\u00e5n Bikepaint","url":"https:\/\/bikepaint.eu\/","logo":{"@type":"ImageObject","inLanguage":"sv-SE","@id":"https:\/\/bikepaint.eu\/#\/schema\/logo\/image\/","url":"https:\/\/bikepaint.eu\/wp-content\/uploads\/2023\/08\/gpaint.png","contentUrl":"https:\/\/bikepaint.eu\/wp-content\/uploads\/2023\/08\/gpaint.png","width":500,"height":123,"caption":"Gpaint"},"image":{"@id":"https:\/\/bikepaint.eu\/#\/schema\/logo\/image\/"}}]}},"jetpack_sharing_enabled":true,"_links":{"self":[{"href":"https:\/\/bikepaint.eu\/sv\/wp-json\/wp\/v2\/product\/389","targetHints":{"allow":["GET"]}}],"collection":[{"href":"https:\/\/bikepaint.eu\/sv\/wp-json\/wp\/v2\/product"}],"about":[{"href":"https:\/\/bikepaint.eu\/sv\/wp-json\/wp\/v2\/types\/product"}],"replies":[{"embeddable":true,"href":"https:\/\/bikepaint.eu\/sv\/wp-json\/wp\/v2\/comments?post=389"}],"wp:featuredmedia":[{"embeddable":true,"href":"https:\/\/bikepaint.eu\/sv\/wp-json\/wp\/v2\/media\/393"}],"wp:attachment":[{"href":"https:\/\/bikepaint.eu\/sv\/wp-json\/wp\/v2\/media?parent=389"}],"wp:term":[{"taxonomy":"product_brand","embeddable":true,"href":"https:\/\/bikepaint.eu\/sv\/wp-json\/wp\/v2\/product_brand?post=389"},{"taxonomy":"product_cat","embeddable":true,"href":"https:\/\/bikepaint.eu\/sv\/wp-json\/wp\/v2\/product_cat?post=389"},{"taxonomy":"product_tag","embeddable":true,"href":"https:\/\/bikepaint.eu\/sv\/wp-json\/wp\/v2\/product_tag?post=389"}],"curies":[{"name":"wp","href":"https:\/\/api.w.org\/{rel}","templated":true}]}}